{"id":53232,"date":"2025-10-06T08:33:56","date_gmt":"2025-10-06T08:33:56","guid":{"rendered":"https:\/\/skinstudio.ee\/?post_type=product&#038;p=53232"},"modified":"2026-03-13T13:13:10","modified_gmt":"2026-03-13T13:13:10","slug":"firming-vitamin-c-mask","status":"publish","type":"product","link":"https:\/\/skinstudio.ee\/lt\/catalog\/hydropeptide\/firming-vitamin-c-mask\/","title":{"rendered":"Firming Vitamin C Mask"},"content":{"rendered":"<p data-start=\"2631\" data-end=\"2948\"><strong data-start=\"2631\" data-end=\"2674\">Firming Vitamin C Mask nuo HydroPeptide<\/strong> &#8211; inovatyvi lak\u0161tin\u0117 kauk\u0117 intensyviam odos atgaivinimui ir stangrinimui. Formul\u0117 sujungia didel\u0117s koncentracijos vitamin\u0105 C, peptidus ir aminor\u016bg\u0161\u010di\u0173 kompleks\u0105, kurie padeda pagerinti odos ton\u0105, palaikyti jos elastingum\u0105 ir suteikti veidui gaivesn\u0119 bei \u0161vytin\u010di\u0105 i\u0161vaizd\u0105.<\/p>\n<p data-start=\"2950\" data-end=\"3267\">Patentota Dry-Dot technologija i\u0161saugo grynos L-askorbo r\u016bg\u0161ties aktyvum\u0105 iki pat naudojimo momento. Aktyvavimo metu vitaminas C susijungia su serumo ampule, sudarydamas kompleks\u0105 su peptidais ir dr\u0117kinan\u010diais komponentais, padedan\u010diais odai atrodyti lygesnei, stangresnei ir labiau \u0161vytin\u010diai jau po pirmo naudojimo.<\/p>\n<p data-start=\"3269\" data-end=\"3293\"><strong data-start=\"3269\" data-end=\"3293\">Aktyv\u016bs ingredientai<\/strong><\/p>\n<p data-start=\"3295\" data-end=\"3402\"><strong data-start=\"3295\" data-end=\"3314\">L-Ascorbic Acid<\/strong>: stiprus antioksidantas, padedantis \u0161viesinti odos ton\u0105 ir palaikyti kolageno sintez\u0119<\/p>\n<p data-start=\"3404\" data-end=\"3571\"><strong data-start=\"3404\" data-end=\"3477\">Copper Tripeptide-1 + Palmitoyl Pentapeptide-4 + Acetyl Hexapeptide-8<\/strong>: peptid\u0173 kompleksas, padedantis palaikyti odos stangrum\u0105 ir ma\u017einti mimikos linij\u0173 matomum\u0105<\/p>\n<p data-start=\"3573\" data-end=\"3676\"><strong data-start=\"3573\" data-end=\"3616\">Sodium Hyaluronate + Amino Acid Complex<\/strong>: intensyviai dr\u0117kina ir padeda palaikyti odos elastingum\u0105<\/p>\n<p data-start=\"3678\" data-end=\"3821\"><strong data-start=\"3678\" data-end=\"3714\">Kam tinka Firming Vitamin C Mask<\/strong>: papilk\u0117jusiai ir pavargusiai odai; esant netolygiam odos tonui, pigmentacijai ir suma\u017e\u0117jusiam stangrumui.<\/p>\n<p data-start=\"3823\" data-end=\"3840\"><strong data-start=\"3823\" data-end=\"3833\">T\u016bris:<\/strong> 1 vnt.<\/p>\n","protected":false},"excerpt":{"rendered":"<p data-start=\"1283\" data-end=\"1311\">Stangrinamoji vitamin\u0173 kauk\u0117<\/p>\n<h2 data-start=\"1313\" data-end=\"1669\"><strong data-start=\"1313\" data-end=\"1362\">HydroPeptide &#8211; Firming Vitamin C Mask Savyb\u0117s<\/strong><\/h2>\n<p data-start=\"1313\" data-end=\"1669\">\u2714\ufe0f Pastebimai stangrina ir sutvirtina od\u0105<br data-start=\"1406\" data-end=\"1409\" \/>\u2714\ufe0f Padeda skaistinti pigmentacij\u0105 ir suvienodinti odos atspalv\u012f<br data-start=\"1472\" data-end=\"1475\" \/>\u2714\ufe0f Ramina u\u017edegimus ir ma\u017eina sudirgim\u0105<br data-start=\"1514\" data-end=\"1517\" \/>\u2714\ufe0f Suteikia antioksidacin\u0119 apsaug\u0105 ir sustiprina odos \u0161vyt\u0117jim\u0105<br data-start=\"1580\" data-end=\"1583\" \/>\u2714\ufe0f Pagerina bendr\u0105 odos i\u0161vaizd\u0105, suteikdama jai glotnumo ir pri\u017ei\u016br\u0117tos odos poj\u016bt\u012f<\/p>\n","protected":false},"featured_media":61634,"template":"","meta":[],"pwb-brand":[1212],"product_brand":[],"product_cat":[726,752,750,730],"product_tag":[],"giftcard-category":[],"class_list":{"0":"post-53232","1":"product","2":"type-product","3":"status-publish","4":"has-post-thumbnail","6":"pwb-brand-hydropeptide","7":"product_cat-maskas-lt","8":"product_cat-pigmentacija-lt","9":"product_cat-senstanti-oda","10":"product_cat-vitaminas-c","12":"first","13":"instock","14":"taxable","15":"shipping-taxable","16":"purchasable","17":"product-type-simple"},"acf":[],"brands":[{"id":1212,"name":"HydroPeptide","slug":"hydropeptide"}],"_links":{"self":[{"href":"https:\/\/skinstudio.ee\/lt\/wp-json\/wp\/v2\/product\/53232","targetHints":{"allow":["GET"]}}],"collection":[{"href":"https:\/\/skinstudio.ee\/lt\/wp-json\/wp\/v2\/product"}],"about":[{"href":"https:\/\/skinstudio.ee\/lt\/wp-json\/wp\/v2\/types\/product"}],"version-history":[{"count":1,"href":"https:\/\/skinstudio.ee\/lt\/wp-json\/wp\/v2\/product\/53232\/revisions"}],"predecessor-version":[{"id":85698,"href":"https:\/\/skinstudio.ee\/lt\/wp-json\/wp\/v2\/product\/53232\/revisions\/85698"}],"wp:featuredmedia":[{"embeddable":true,"href":"https:\/\/skinstudio.ee\/lt\/wp-json\/wp\/v2\/media\/61634"}],"wp:attachment":[{"href":"https:\/\/skinstudio.ee\/lt\/wp-json\/wp\/v2\/media?parent=53232"}],"wp:term":[{"taxonomy":"pwb-brand","embeddable":true,"href":"https:\/\/skinstudio.ee\/lt\/wp-json\/wp\/v2\/pwb-brand?post=53232"},{"taxonomy":"product_brand","embeddable":true,"href":"https:\/\/skinstudio.ee\/lt\/wp-json\/wp\/v2\/product_brand?post=53232"},{"taxonomy":"product_cat","embeddable":true,"href":"https:\/\/skinstudio.ee\/lt\/wp-json\/wp\/v2\/product_cat?post=53232"},{"taxonomy":"product_tag","embeddable":true,"href":"https:\/\/skinstudio.ee\/lt\/wp-json\/wp\/v2\/product_tag?post=53232"},{"taxonomy":"giftcard-category","embeddable":true,"href":"https:\/\/skinstudio.ee\/lt\/wp-json\/wp\/v2\/giftcard-category?post=53232"}],"curies":[{"name":"wp","href":"https:\/\/api.w.org\/{rel}","templated":true}]}}