{"id":53255,"date":"2025-10-06T09:18:56","date_gmt":"2025-10-06T09:18:56","guid":{"rendered":"https:\/\/skinstudio.ee\/?post_type=product&#038;p=53255"},"modified":"2025-12-30T17:05:41","modified_gmt":"2025-12-30T17:05:41","slug":"mesoeclat-cream","status":"publish","type":"product","link":"https:\/\/skinstudio.ee\/lt\/catalog\/mesoestetic\/mesoeclat-cream\/","title":{"rendered":"Mesoeclat Cream"},"content":{"rendered":"<p data-start=\"1351\" data-end=\"1644\">Mesoeclat Cream \u2013 tai pasaulinio poveikio, greito veikimo kremas nuo sen\u0117jimo, sukurtas naudoti po profesionalios meso\u00e9clat proced\u016bros. Jis padeda kovoti su odos pilkumu, atkuria nat\u016bral\u0173 spindes\u012f ir suvienodina atspalv\u012f, veikdamas kaip stiprus regeneruojantis ir antioksidacinis preparatas.<\/p>\n<p data-start=\"1646\" data-end=\"1871\">D\u0117l dr\u0117kinan\u010di\u0173 ir mink\u0161tinan\u010di\u0173 savybi\u0173 kremas skatina odos atsinaujinim\u0105, ma\u017eina matomus netobulumus ir padeda pasiekti tolygi\u0105, pri\u017ei\u016br\u0117t\u0105 od\u0105. Reguliariai naudojamas vakare, jis daro od\u0105 lygesn\u0119, stangresn\u0119 ir gaivesn\u0119.<\/p>\n<p data-start=\"1873\" data-end=\"1891\"><strong data-start=\"1873\" data-end=\"1883\">T\u016bris:<\/strong> 50 ml<\/p>\n","protected":false},"excerpt":{"rendered":"<p data-start=\"2260\" data-end=\"2294\">Maitinamasis kremas nuo sen\u0117jimo<\/p>\n<h2 data-start=\"2296\" data-end=\"2551\"><strong data-start=\"2296\" data-end=\"2337\">mesoestetic &#8211; Mesoeclat Cream savyb\u0117s<\/strong><\/h2>\n<p data-start=\"2296\" data-end=\"2551\" data-is-last-node=\"\" data-is-only-node=\"\">\u2714\ufe0f Ma\u017eina pigmentacij\u0105 ir suvienodina odos atspalv\u012f<br data-start=\"2391\" data-end=\"2394\" \/>\u2714\ufe0f Skatina odos regeneracij\u0105 ir stiprina jos strukt\u016br\u0105<br data-start=\"2448\" data-end=\"2451\" \/>\u2714\ufe0f Suteikia stipri\u0105 antioksidacin\u0119 apsaug\u0105<br data-start=\"2493\" data-end=\"2496\" \/>\u2714\ufe0f Mink\u0161tina, maitina ir gr\u0105\u017eina odai nat\u016bral\u0173 spindes\u012f<\/p>\n","protected":false},"featured_media":67025,"template":"","meta":[],"pwb-brand":[1133],"product_brand":[],"product_cat":[752,750],"product_tag":[],"giftcard-category":[],"class_list":{"0":"post-53255","1":"product","2":"type-product","3":"status-publish","4":"has-post-thumbnail","6":"pwb-brand-mesoestetic","7":"product_cat-pigmentacija-lt","8":"product_cat-senstanti-oda","10":"first","11":"instock","12":"taxable","13":"shipping-taxable","14":"purchasable","15":"product-type-simple"},"acf":[],"brands":[{"id":1133,"name":"Mesoestetic","slug":"mesoestetic"}],"_links":{"self":[{"href":"https:\/\/skinstudio.ee\/lt\/wp-json\/wp\/v2\/product\/53255","targetHints":{"allow":["GET"]}}],"collection":[{"href":"https:\/\/skinstudio.ee\/lt\/wp-json\/wp\/v2\/product"}],"about":[{"href":"https:\/\/skinstudio.ee\/lt\/wp-json\/wp\/v2\/types\/product"}],"version-history":[{"count":0,"href":"https:\/\/skinstudio.ee\/lt\/wp-json\/wp\/v2\/product\/53255\/revisions"}],"wp:featuredmedia":[{"embeddable":true,"href":"https:\/\/skinstudio.ee\/lt\/wp-json\/wp\/v2\/media\/67025"}],"wp:attachment":[{"href":"https:\/\/skinstudio.ee\/lt\/wp-json\/wp\/v2\/media?parent=53255"}],"wp:term":[{"taxonomy":"pwb-brand","embeddable":true,"href":"https:\/\/skinstudio.ee\/lt\/wp-json\/wp\/v2\/pwb-brand?post=53255"},{"taxonomy":"product_brand","embeddable":true,"href":"https:\/\/skinstudio.ee\/lt\/wp-json\/wp\/v2\/product_brand?post=53255"},{"taxonomy":"product_cat","embeddable":true,"href":"https:\/\/skinstudio.ee\/lt\/wp-json\/wp\/v2\/product_cat?post=53255"},{"taxonomy":"product_tag","embeddable":true,"href":"https:\/\/skinstudio.ee\/lt\/wp-json\/wp\/v2\/product_tag?post=53255"},{"taxonomy":"giftcard-category","embeddable":true,"href":"https:\/\/skinstudio.ee\/lt\/wp-json\/wp\/v2\/giftcard-category?post=53255"}],"curies":[{"name":"wp","href":"https:\/\/api.w.org\/{rel}","templated":true}]}}