{"id":53273,"date":"2025-10-06T09:48:21","date_gmt":"2025-10-06T09:48:21","guid":{"rendered":"https:\/\/skinstudio.ee\/?post_type=product&#038;p=53273"},"modified":"2025-12-30T17:05:41","modified_gmt":"2025-12-30T17:05:41","slug":"bodyshock-celluexpert","status":"publish","type":"product","link":"https:\/\/skinstudio.ee\/lt\/catalog\/mesoestetic\/bodyshock-celluexpert\/","title":{"rendered":"Bodyshock Celluexpert"},"content":{"rendered":"<p data-start=\"1414\" data-end=\"2070\">Bodyshock Celluexpert \u2013 tai kremas-gelis, kurio sud\u0117tyje yra sinergi\u0161kai veikian\u010di\u0173 aktyvi\u0173j\u0173 ingredient\u0173 derinys, pastebimai gerinantis odos nelygumus, atsirandan\u010dius d\u0117l celiulito. Priemon\u0117 padidina odos turgor\u0105 \u201eapelsino \u017eievel\u0117s\u201c zonose, i\u0161lygina pavir\u0161i\u0173 ir atkuria jos glotnum\u0105. Kofeinas, Brassica Alba ekstraktas ir kapsaicinas suteikia stipr\u0173 stimuliuojant\u012f poveik\u012f, padedant\u012f formuoti k\u016bno linijas. Arnikos ekstraktas ir organinis silicis stiprina od\u0105, suteikia drenuojant\u012f poveik\u012f ir akivaizd\u017eiai suma\u017eina celiulito po\u017eymius. Unikali volelio tipo aplikatoriaus sistema pagerina \u012fsiskverbim\u0105 ir suteikia greit\u0105 v\u0117sinant\u012f bei tonizuojant\u012f poj\u016bt\u012f.<\/p>\n<p data-start=\"2072\" data-end=\"2091\"><strong data-start=\"2072\" data-end=\"2082\">T\u016bris:<\/strong> 200 ml<\/p>\n","protected":false},"excerpt":{"rendered":"<p data-start=\"2318\" data-end=\"2349\">Anticeliulitinis kremas-gelis<\/p>\n<h2 data-start=\"2351\" data-end=\"2648\"><strong data-start=\"2351\" data-end=\"2398\">mesoestetic &#8211; Bodyshock Celluexpert savyb\u0117s<\/strong><\/h2>\n<p data-start=\"2351\" data-end=\"2648\" data-is-last-node=\"\" data-is-only-node=\"\">\u2714\ufe0f Ma\u017eina celiulito po\u017eymius ir i\u0161lygina odos pavir\u0161i\u0173<br data-start=\"2455\" data-end=\"2458\" \/>\u2714\ufe0f Gerina odos stangrum\u0105 ir elastingum\u0105<br data-start=\"2497\" data-end=\"2500\" \/>\u2714\ufe0f Skatina mikrocirkuliacij\u0105 ir lipoliz\u0119<br data-start=\"2540\" data-end=\"2543\" \/>\u2714\ufe0f Suteikia v\u0117sinant\u012f ir tonizuojant\u012f efekt\u0105<br data-start=\"2587\" data-end=\"2590\" \/>\u2714\ufe0f Padeda formuoti k\u016bno linijas ir stiprina odos strukt\u016br\u0105<\/p>\n","protected":false},"featured_media":67020,"template":"","meta":[],"pwb-brand":[1133],"product_brand":[],"product_cat":[758],"product_tag":[],"giftcard-category":[],"class_list":{"0":"post-53273","1":"product","2":"type-product","3":"status-publish","4":"has-post-thumbnail","6":"pwb-brand-mesoestetic","7":"product_cat-kuno-prieziura","9":"first","10":"instock","11":"taxable","12":"shipping-taxable","13":"purchasable","14":"product-type-simple"},"acf":[],"brands":[{"id":1133,"name":"Mesoestetic","slug":"mesoestetic"}],"_links":{"self":[{"href":"https:\/\/skinstudio.ee\/lt\/wp-json\/wp\/v2\/product\/53273","targetHints":{"allow":["GET"]}}],"collection":[{"href":"https:\/\/skinstudio.ee\/lt\/wp-json\/wp\/v2\/product"}],"about":[{"href":"https:\/\/skinstudio.ee\/lt\/wp-json\/wp\/v2\/types\/product"}],"version-history":[{"count":0,"href":"https:\/\/skinstudio.ee\/lt\/wp-json\/wp\/v2\/product\/53273\/revisions"}],"wp:featuredmedia":[{"embeddable":true,"href":"https:\/\/skinstudio.ee\/lt\/wp-json\/wp\/v2\/media\/67020"}],"wp:attachment":[{"href":"https:\/\/skinstudio.ee\/lt\/wp-json\/wp\/v2\/media?parent=53273"}],"wp:term":[{"taxonomy":"pwb-brand","embeddable":true,"href":"https:\/\/skinstudio.ee\/lt\/wp-json\/wp\/v2\/pwb-brand?post=53273"},{"taxonomy":"product_brand","embeddable":true,"href":"https:\/\/skinstudio.ee\/lt\/wp-json\/wp\/v2\/product_brand?post=53273"},{"taxonomy":"product_cat","embeddable":true,"href":"https:\/\/skinstudio.ee\/lt\/wp-json\/wp\/v2\/product_cat?post=53273"},{"taxonomy":"product_tag","embeddable":true,"href":"https:\/\/skinstudio.ee\/lt\/wp-json\/wp\/v2\/product_tag?post=53273"},{"taxonomy":"giftcard-category","embeddable":true,"href":"https:\/\/skinstudio.ee\/lt\/wp-json\/wp\/v2\/giftcard-category?post=53273"}],"curies":[{"name":"wp","href":"https:\/\/api.w.org\/{rel}","templated":true}]}}