{"id":53289,"date":"2025-10-06T10:13:13","date_gmt":"2025-10-06T10:13:13","guid":{"rendered":"https:\/\/skinstudio.ee\/?post_type=product&#038;p=53289"},"modified":"2025-12-30T17:05:41","modified_gmt":"2025-12-30T17:05:41","slug":"bodyshock-intensive-mist","status":"publish","type":"product","link":"https:\/\/skinstudio.ee\/lt\/catalog\/mesoestetic\/bodyshock-intensive-mist\/","title":{"rendered":"Bodyshock Intensive Mist"},"content":{"rendered":"<p data-start=\"2176\" data-end=\"2649\">Lengvas ir patogus naudoti intensyvus pur\u0161kiklis, sukurtas pagerinti problemini\u0173 k\u016bno viet\u0173 i\u0161vaizd\u0105. Itin veiksmingas <strong data-start=\"2295\" data-end=\"2324\">[meso]adipoactive complex<\/strong> kartu su margainio ekstraktu, kofeinu ir arnikos ekstraktu akivaizd\u017eiai suma\u017eina celiulito po\u017eymius ir padeda sustiprinti odos strukt\u016br\u0105. D\u0117l lengvos tekst\u016bros, nematomo u\u017ebaigimo ir patogaus pur\u0161kimo formato produktas idealiai tinka naudoti prie\u0161 fizin\u012f aktyvum\u0105 ir sustiprina kit\u0173 <strong data-start=\"2608\" data-end=\"2621\">Bodyshock<\/strong> linijos produkt\u0173 poveik\u012f.<\/p>\n<p data-start=\"2651\" data-end=\"2828\">Po u\u017etepimo gali pasireik\u0161ti lengvas \u0161ilumos ar dilg\u010diojimo poj\u016btis, kur\u012f sukelia stimuliuojan\u010dios veikliosios med\u017eiagos. \u0160is poveikis yra laikinas ir n\u0117ra laikomas \u0161alutiniu.<\/p>\n<p data-start=\"2830\" data-end=\"2852\"><strong data-start=\"2830\" data-end=\"2840\">T\u016bris:<\/strong> 2 x 35 ml<\/p>\n","protected":false},"excerpt":{"rendered":"<p data-start=\"3855\" data-end=\"3895\">Intensyvus anticeliulitinis pur\u0161kiklis<\/p>\n<h2 data-start=\"3897\" data-end=\"4149\"><strong data-start=\"3897\" data-end=\"3947\">mesoestetic &#8211; Bodyshock Intensive Mist savyb\u0117s<\/strong><\/h2>\n<p data-start=\"3897\" data-end=\"4149\" data-is-last-node=\"\" data-is-only-node=\"\">\u2714\ufe0f Gerina problemini\u0173 viet\u0173 i\u0161vaizd\u0105 ir odos tonus\u0105<br data-start=\"4001\" data-end=\"4004\" \/>\u2714\ufe0f Skatina mikrocirkuliacij\u0105 ir lipoliz\u0119<br data-start=\"4044\" data-end=\"4047\" \/>\u2714\ufe0f Ma\u017eina celiulito po\u017eymius ir i\u0161lygina odos pavir\u0161i\u0173<br data-start=\"4101\" data-end=\"4104\" \/>\u2714\ufe0f Suteikia v\u0117sinant\u012f ir tonizuojant\u012f poveik\u012f<\/p>\n","protected":false},"featured_media":67015,"template":"","meta":[],"pwb-brand":[1133],"product_brand":[],"product_cat":[758],"product_tag":[],"giftcard-category":[],"class_list":{"0":"post-53289","1":"product","2":"type-product","3":"status-publish","4":"has-post-thumbnail","6":"pwb-brand-mesoestetic","7":"product_cat-kuno-prieziura","9":"first","10":"instock","11":"taxable","12":"shipping-taxable","13":"purchasable","14":"product-type-simple"},"acf":[],"brands":[{"id":1133,"name":"Mesoestetic","slug":"mesoestetic"}],"_links":{"self":[{"href":"https:\/\/skinstudio.ee\/lt\/wp-json\/wp\/v2\/product\/53289","targetHints":{"allow":["GET"]}}],"collection":[{"href":"https:\/\/skinstudio.ee\/lt\/wp-json\/wp\/v2\/product"}],"about":[{"href":"https:\/\/skinstudio.ee\/lt\/wp-json\/wp\/v2\/types\/product"}],"version-history":[{"count":0,"href":"https:\/\/skinstudio.ee\/lt\/wp-json\/wp\/v2\/product\/53289\/revisions"}],"wp:featuredmedia":[{"embeddable":true,"href":"https:\/\/skinstudio.ee\/lt\/wp-json\/wp\/v2\/media\/67015"}],"wp:attachment":[{"href":"https:\/\/skinstudio.ee\/lt\/wp-json\/wp\/v2\/media?parent=53289"}],"wp:term":[{"taxonomy":"pwb-brand","embeddable":true,"href":"https:\/\/skinstudio.ee\/lt\/wp-json\/wp\/v2\/pwb-brand?post=53289"},{"taxonomy":"product_brand","embeddable":true,"href":"https:\/\/skinstudio.ee\/lt\/wp-json\/wp\/v2\/product_brand?post=53289"},{"taxonomy":"product_cat","embeddable":true,"href":"https:\/\/skinstudio.ee\/lt\/wp-json\/wp\/v2\/product_cat?post=53289"},{"taxonomy":"product_tag","embeddable":true,"href":"https:\/\/skinstudio.ee\/lt\/wp-json\/wp\/v2\/product_tag?post=53289"},{"taxonomy":"giftcard-category","embeddable":true,"href":"https:\/\/skinstudio.ee\/lt\/wp-json\/wp\/v2\/giftcard-category?post=53289"}],"curies":[{"name":"wp","href":"https:\/\/api.w.org\/{rel}","templated":true}]}}