{"id":53306,"date":"2025-10-06T10:27:39","date_gmt":"2025-10-06T10:27:39","guid":{"rendered":"https:\/\/skinstudio.ee\/?post_type=product&#038;p=53306"},"modified":"2026-01-26T18:29:58","modified_gmt":"2026-01-26T18:29:58","slug":"bodyshock-firm-up","status":"publish","type":"product","link":"https:\/\/skinstudio.ee\/lt\/catalog\/mesoestetic\/bodyshock-firm-up\/","title":{"rendered":"Bodyshock Firm Up"},"content":{"rendered":"<p data-start=\"2066\" data-end=\"2668\">Stangrinamasis kremas su tempian\u010diu ir restrukt\u016brizuojan\u010diu poveikiu, sukurtas odai, kuriai reikia tonuso ir elastingumo. <strong data-start=\"2188\" data-end=\"2209\">Firmware Complex\u2122<\/strong>, sudarytas i\u0161 liposomose \u012fkapsuliuoto kofeino ir L-karnitino, kartu su Afrikin\u0117s kigelijos ekstraktu padeda atkurti odos stangrum\u0105 vietose, kur ji prarado elastingum\u0105 \u2013 ant rank\u0173, \u0161laun\u0173 ir kr\u016btin\u0117s. Aminor\u016bg\u0161\u010di\u0173 ir baltym\u0173 molekulin\u0117 pl\u0117vel\u0117 intensyviai dr\u0117kina ir suteikia akimirksnin\u012f stangrinant\u012f efekt\u0105. Formul\u0117 kartu su masa\u017eo voleliu pagerina kremo pasiskirstym\u0105, sustiprina veikli\u0173j\u0173 med\u017eiag\u0173 poveik\u012f ir suteikia gaivumo poj\u016bt\u012f i\u0161kart po naudojimo.<\/p>\n<p data-start=\"2670\" data-end=\"2689\"><strong data-start=\"2670\" data-end=\"2680\">T\u016bris:<\/strong> 150 ml<\/p>\n","protected":false},"excerpt":{"rendered":"<p data-start=\"1045\" data-end=\"1093\">Stangrinamasis k\u016bno kremas<\/p>\n<h2 data-start=\"1095\" data-end=\"1138\"><strong data-start=\"1095\" data-end=\"1138\">mesoestetic &#8211; Bodyshock Firm Up Savyb\u0117s<\/strong><\/h2>\n<p data-start=\"1140\" data-end=\"1326\">\u2714\ufe0f Gerina odos stangrum\u0105 ir elastingum\u0105<br data-start=\"1179\" data-end=\"1182\" \/>\u2714\ufe0f Matomai stangrina problemines zonas<br data-start=\"1220\" data-end=\"1223\" \/>\u2714\ufe0f Pagerina odos tonus\u0105 ir tank\u012f<br data-start=\"1255\" data-end=\"1258\" \/>\u2714\ufe0f Suteikia pastebim\u0105 liftingo efekt\u0105<br data-start=\"1295\" data-end=\"1298\" \/>\u2714\ufe0f Dr\u0117kina ir glotnina od\u0105<\/p>\n","protected":false},"featured_media":67009,"template":"","meta":[],"pwb-brand":[1133],"product_brand":[],"product_cat":[758],"product_tag":[],"giftcard-category":[],"class_list":{"0":"post-53306","1":"product","2":"type-product","3":"status-publish","4":"has-post-thumbnail","6":"pwb-brand-mesoestetic","7":"product_cat-kuno-prieziura","9":"first","10":"instock","11":"sale","12":"taxable","13":"shipping-taxable","14":"purchasable","15":"product-type-simple"},"acf":[],"brands":[{"id":1133,"name":"Mesoestetic","slug":"mesoestetic"}],"_links":{"self":[{"href":"https:\/\/skinstudio.ee\/lt\/wp-json\/wp\/v2\/product\/53306","targetHints":{"allow":["GET"]}}],"collection":[{"href":"https:\/\/skinstudio.ee\/lt\/wp-json\/wp\/v2\/product"}],"about":[{"href":"https:\/\/skinstudio.ee\/lt\/wp-json\/wp\/v2\/types\/product"}],"version-history":[{"count":1,"href":"https:\/\/skinstudio.ee\/lt\/wp-json\/wp\/v2\/product\/53306\/revisions"}],"predecessor-version":[{"id":76864,"href":"https:\/\/skinstudio.ee\/lt\/wp-json\/wp\/v2\/product\/53306\/revisions\/76864"}],"wp:featuredmedia":[{"embeddable":true,"href":"https:\/\/skinstudio.ee\/lt\/wp-json\/wp\/v2\/media\/67009"}],"wp:attachment":[{"href":"https:\/\/skinstudio.ee\/lt\/wp-json\/wp\/v2\/media?parent=53306"}],"wp:term":[{"taxonomy":"pwb-brand","embeddable":true,"href":"https:\/\/skinstudio.ee\/lt\/wp-json\/wp\/v2\/pwb-brand?post=53306"},{"taxonomy":"product_brand","embeddable":true,"href":"https:\/\/skinstudio.ee\/lt\/wp-json\/wp\/v2\/product_brand?post=53306"},{"taxonomy":"product_cat","embeddable":true,"href":"https:\/\/skinstudio.ee\/lt\/wp-json\/wp\/v2\/product_cat?post=53306"},{"taxonomy":"product_tag","embeddable":true,"href":"https:\/\/skinstudio.ee\/lt\/wp-json\/wp\/v2\/product_tag?post=53306"},{"taxonomy":"giftcard-category","embeddable":true,"href":"https:\/\/skinstudio.ee\/lt\/wp-json\/wp\/v2\/giftcard-category?post=53306"}],"curies":[{"name":"wp","href":"https:\/\/api.w.org\/{rel}","templated":true}]}}