{"id":53322,"date":"2025-10-06T10:50:25","date_gmt":"2025-10-06T10:50:25","guid":{"rendered":"https:\/\/skinstudio.ee\/?post_type=product&#038;p=53322"},"modified":"2025-12-30T17:05:41","modified_gmt":"2025-12-30T17:05:41","slug":"bodyshock-essential-cream","status":"publish","type":"product","link":"https:\/\/skinstudio.ee\/lt\/catalog\/mesoestetic\/bodyshock-essential-cream\/","title":{"rendered":"Bodyshock Essential Cream"},"content":{"rendered":"<p data-start=\"1270\" data-end=\"1802\">Greitai susigeriantis dr\u0117kinamasis kremas akimirksniu suteikia odai gaivumo ir \u0161velnumo poj\u016bt\u012f. Formul\u0117je derinami augal\u0173 ekstraktai, pasi\u017eymintys regeneruojan\u010diomis ir biobalansuojan\u010diomis savyb\u0117mis, \u012fskaitant <strong data-start=\"1481\" data-end=\"1506\">Huang Qi (Astragalus)<\/strong>ir <strong data-start=\"1510\" data-end=\"1549\">Centella Asiatica (Azijin\u0117 centel\u0117)<\/strong>, kurie padeda pagerinti odos elastingum\u0105 ir stangrum\u0105, matomai ma\u017eina strijas ir padeda u\u017ekirsti keli\u0105 j\u0173 atsiradimui. <strong data-start=\"1669\" data-end=\"1693\">Liposominiai aliejai<\/strong> ir <strong data-start=\"1697\" data-end=\"1722\">sviestmed\u017eio sviestas<\/strong> maitina od\u0105, suteikia antioksidacin\u0119 apsaug\u0105 ir palieka j\u0105 \u0161velni\u0105 bei lygi\u0105.<\/p>\n<p data-start=\"1804\" data-end=\"1823\"><strong data-start=\"1804\" data-end=\"1814\">T\u016bris:<\/strong> 250 ml<\/p>\n","protected":false},"excerpt":{"rendered":"<p data-start=\"2115\" data-end=\"2141\">Dr\u0117kinamasis k\u016bno kremas<\/p>\n<h2 data-start=\"2143\" data-end=\"2441\"><strong data-start=\"2143\" data-end=\"2194\">mesoestetic &#8211; Bodyshock Essential Cream savyb\u0117s<\/strong><\/h2>\n<p data-start=\"2143\" data-end=\"2441\" data-is-last-node=\"\" data-is-only-node=\"\">\u2714\ufe0f Giliai dr\u0117kina ir mink\u0161tina od\u0105<br data-start=\"2231\" data-end=\"2234\" \/>\u2714\ufe0f Gerina odos elastingum\u0105 ir stangrum\u0105<br data-start=\"2273\" data-end=\"2276\" \/>\u2714\ufe0f Ma\u017eina strij\u0173 matomum\u0105 ir padeda j\u0173 i\u0161vengti<br data-start=\"2323\" data-end=\"2326\" \/>\u2714\ufe0f Maitina ir apsaugo od\u0105 su sviestmed\u017eio sviestu ir liposominiais aliejais<br data-start=\"2401\" data-end=\"2404\" \/>\u2714\ufe0f Atkuria komforto ir gaivumo poj\u016bt\u012f<\/p>\n","protected":false},"featured_media":53314,"template":"","meta":[],"pwb-brand":[1133],"product_brand":[],"product_cat":[758],"product_tag":[],"giftcard-category":[],"class_list":{"0":"post-53322","1":"product","2":"type-product","3":"status-publish","4":"has-post-thumbnail","6":"pwb-brand-mesoestetic","7":"product_cat-kuno-prieziura","9":"first","10":"instock","11":"taxable","12":"shipping-taxable","13":"purchasable","14":"product-type-simple"},"acf":[],"brands":[{"id":1133,"name":"Mesoestetic","slug":"mesoestetic"}],"_links":{"self":[{"href":"https:\/\/skinstudio.ee\/lt\/wp-json\/wp\/v2\/product\/53322","targetHints":{"allow":["GET"]}}],"collection":[{"href":"https:\/\/skinstudio.ee\/lt\/wp-json\/wp\/v2\/product"}],"about":[{"href":"https:\/\/skinstudio.ee\/lt\/wp-json\/wp\/v2\/types\/product"}],"version-history":[{"count":0,"href":"https:\/\/skinstudio.ee\/lt\/wp-json\/wp\/v2\/product\/53322\/revisions"}],"wp:featuredmedia":[{"embeddable":true,"href":"https:\/\/skinstudio.ee\/lt\/wp-json\/wp\/v2\/media\/53314"}],"wp:attachment":[{"href":"https:\/\/skinstudio.ee\/lt\/wp-json\/wp\/v2\/media?parent=53322"}],"wp:term":[{"taxonomy":"pwb-brand","embeddable":true,"href":"https:\/\/skinstudio.ee\/lt\/wp-json\/wp\/v2\/pwb-brand?post=53322"},{"taxonomy":"product_brand","embeddable":true,"href":"https:\/\/skinstudio.ee\/lt\/wp-json\/wp\/v2\/product_brand?post=53322"},{"taxonomy":"product_cat","embeddable":true,"href":"https:\/\/skinstudio.ee\/lt\/wp-json\/wp\/v2\/product_cat?post=53322"},{"taxonomy":"product_tag","embeddable":true,"href":"https:\/\/skinstudio.ee\/lt\/wp-json\/wp\/v2\/product_tag?post=53322"},{"taxonomy":"giftcard-category","embeddable":true,"href":"https:\/\/skinstudio.ee\/lt\/wp-json\/wp\/v2\/giftcard-category?post=53322"}],"curies":[{"name":"wp","href":"https:\/\/api.w.org\/{rel}","templated":true}]}}