{"id":53355,"date":"2025-10-06T13:09:28","date_gmt":"2025-10-06T13:09:28","guid":{"rendered":"https:\/\/skinstudio.ee\/?post_type=product&#038;p=53355"},"modified":"2026-04-29T12:10:06","modified_gmt":"2026-04-29T12:10:06","slug":"grascontrol-detox-powder","status":"publish","type":"product","link":"https:\/\/skinstudio.ee\/lt\/catalog\/mesoestetic\/grascontrol-detox-powder\/","title":{"rendered":"Grascontrol Detox Powder"},"content":{"rendered":"<p data-start=\"1558\" data-end=\"1669\"><strong data-start=\"1558\" data-end=\"1669\">Grascontrol Detox Powder nuo Mesoestetic &#8211; maisto papildas milteli\u0173 forma su augalin\u0117s kilm\u0117s komponentais.<\/strong><\/p>\n<p data-start=\"1671\" data-end=\"1845\">Formul\u0117 skirta kasdieniam vartojimui ir sud\u0117tyje yra ingredient\u0173, pla\u010diai naudojam\u0173 maisto papilduose. Milteli\u0173 forma skirta tirpinti vandenyje ir u\u017etikrina patog\u0173 vartojim\u0105.<\/p>\n<p data-start=\"1847\" data-end=\"1947\">Sud\u0117tyje yra augaliniai ekstraktai ir papildomi komponentai. Produktas gali b\u016bti vartojamas kasdien.<\/p>\n<p data-start=\"1949\" data-end=\"2158\"><strong data-start=\"1949\" data-end=\"1972\">Pagaminta Europoje.<\/strong><br data-start=\"1972\" data-end=\"1975\" \/><strong data-start=\"1975\" data-end=\"1996\">Tinkamumo laikas:<\/strong> \u017ei\u016br\u0117ti ant pakuot\u0117s<br data-start=\"2017\" data-end=\"2020\" \/><strong data-start=\"2020\" data-end=\"2040\">Laikymo s\u0105lygos:<\/strong> laikyti sandariai u\u017edaryt\u0105 sausoje, v\u0117sioje vietoje, saugoti nuo tiesiogini\u0173 saul\u0117s spinduli\u0173<br data-start=\"2134\" data-end=\"2137\" \/><strong data-start=\"2137\" data-end=\"2147\">T\u016bris:<\/strong> 20 \u00d7 3 g<\/p>\n","protected":false},"excerpt":{"rendered":"<p data-start=\"2743\" data-end=\"2769\">Milteli\u0173 maisto papildas<\/p>\n<h2 data-start=\"2771\" data-end=\"2821\"><strong data-start=\"2771\" data-end=\"2821\">Mesoestetic &#8211; Grascontrol Detox Powder Savyb\u0117s<\/strong><\/h2>\n<p data-start=\"2823\" data-end=\"2998\">\u2714\ufe0f Augaliniai ekstraktai sud\u0117ties dalis<br data-start=\"2862\" data-end=\"2865\" \/>\u2714\ufe0f Milteli\u0173 forma tirpinimui vandenyje<br data-start=\"2903\" data-end=\"2906\" \/>\u2714\ufe0f Tinka vartoti kursais<br data-start=\"2930\" data-end=\"2933\" \/>\u2714\ufe0f Daugiakomponent\u0117 sud\u0117tis<br data-start=\"2960\" data-end=\"2963\" \/>\u2714\ufe0f Kasdieniam vartojimui tinkamas<\/p>\n","protected":false},"featured_media":66999,"template":"","meta":[],"pwb-brand":[1133],"product_brand":[],"product_cat":[769],"product_tag":[],"giftcard-category":[],"class_list":{"0":"post-53355","1":"product","2":"type-product","3":"status-publish","4":"has-post-thumbnail","6":"pwb-brand-mesoestetic","7":"product_cat-vitaminai","9":"first","10":"instock","11":"taxable","12":"shipping-taxable","13":"purchasable","14":"product-type-simple"},"acf":[],"brands":[{"id":1133,"name":"Mesoestetic","slug":"mesoestetic"}],"_links":{"self":[{"href":"https:\/\/skinstudio.ee\/lt\/wp-json\/wp\/v2\/product\/53355","targetHints":{"allow":["GET"]}}],"collection":[{"href":"https:\/\/skinstudio.ee\/lt\/wp-json\/wp\/v2\/product"}],"about":[{"href":"https:\/\/skinstudio.ee\/lt\/wp-json\/wp\/v2\/types\/product"}],"version-history":[{"count":2,"href":"https:\/\/skinstudio.ee\/lt\/wp-json\/wp\/v2\/product\/53355\/revisions"}],"predecessor-version":[{"id":90943,"href":"https:\/\/skinstudio.ee\/lt\/wp-json\/wp\/v2\/product\/53355\/revisions\/90943"}],"wp:featuredmedia":[{"embeddable":true,"href":"https:\/\/skinstudio.ee\/lt\/wp-json\/wp\/v2\/media\/66999"}],"wp:attachment":[{"href":"https:\/\/skinstudio.ee\/lt\/wp-json\/wp\/v2\/media?parent=53355"}],"wp:term":[{"taxonomy":"pwb-brand","embeddable":true,"href":"https:\/\/skinstudio.ee\/lt\/wp-json\/wp\/v2\/pwb-brand?post=53355"},{"taxonomy":"product_brand","embeddable":true,"href":"https:\/\/skinstudio.ee\/lt\/wp-json\/wp\/v2\/product_brand?post=53355"},{"taxonomy":"product_cat","embeddable":true,"href":"https:\/\/skinstudio.ee\/lt\/wp-json\/wp\/v2\/product_cat?post=53355"},{"taxonomy":"product_tag","embeddable":true,"href":"https:\/\/skinstudio.ee\/lt\/wp-json\/wp\/v2\/product_tag?post=53355"},{"taxonomy":"giftcard-category","embeddable":true,"href":"https:\/\/skinstudio.ee\/lt\/wp-json\/wp\/v2\/giftcard-category?post=53355"}],"curies":[{"name":"wp","href":"https:\/\/api.w.org\/{rel}","templated":true}]}}