{"id":53385,"date":"2025-10-06T15:01:52","date_gmt":"2025-10-06T15:01:52","guid":{"rendered":"https:\/\/skinstudio.ee\/?post_type=product&#038;p=53385"},"modified":"2026-04-15T09:12:28","modified_gmt":"2026-04-15T09:12:28","slug":"grascontrol-lipactive-solution","status":"publish","type":"product","link":"https:\/\/skinstudio.ee\/lt\/catalog\/mesoestetic\/grascontrol-lipactive-solution\/","title":{"rendered":"Grascontrol Lipactive Solution"},"content":{"rendered":"<p data-start=\"1581\" data-end=\"1713\"><strong data-start=\"1581\" data-end=\"1713\">Grascontrol Lipactive Solution nuo Mesoestetic &#8211; maisto papildas skystos formos su L-karnitinu ir augalin\u0117s kilm\u0117s komponentais.<\/strong><\/p>\n<p data-start=\"1715\" data-end=\"1883\">Formul\u0117 skirta kasdieniam vartojimui ir sud\u0117tyje yra ingredient\u0173, pla\u010diai naudojam\u0173 maisto papilduose. Skysta forma u\u017etikrina patog\u0173 vartojim\u0105 ir tinka vartoti kursais.<\/p>\n<p data-start=\"1885\" data-end=\"2004\">Sud\u0117tyje yra L-karnitinas, \u017een\u0161enio ekstraktas ir kar\u010diojo apelsino ekstraktas. Produktas gali b\u016bti vartojamas kasdien.<\/p>\n<p data-start=\"2006\" data-end=\"2217\"><strong data-start=\"2006\" data-end=\"2029\">Pagaminta Europoje.<\/strong><br data-start=\"2029\" data-end=\"2032\" \/><strong data-start=\"2032\" data-end=\"2053\">Tinkamumo laikas:<\/strong> \u017ei\u016br\u0117ti ant pakuot\u0117s<br data-start=\"2074\" data-end=\"2077\" \/><strong data-start=\"2077\" data-end=\"2097\">Laikymo s\u0105lygos:<\/strong> laikyti sandariai u\u017edaryt\u0105 sausoje, v\u0117sioje vietoje, saugoti nuo tiesiogini\u0173 saul\u0117s spinduli\u0173<br data-start=\"2191\" data-end=\"2194\" \/><strong data-start=\"2194\" data-end=\"2204\">T\u016bris:<\/strong> 14 \u00d7 10 ml<\/p>\n","protected":false},"excerpt":{"rendered":"<p data-start=\"2822\" data-end=\"2847\">Skystas maisto papildas<\/p>\n<h2 data-start=\"2849\" data-end=\"2905\"><strong data-start=\"2849\" data-end=\"2905\">Mesoestetic &#8211; Grascontrol Lipactive Solution Savyb\u0117s<\/strong><\/h2>\n<p data-start=\"2907\" data-end=\"3089\">\u2714\ufe0f L-karnitinas ir augaliniai ekstraktai sud\u0117tyje<br data-start=\"2956\" data-end=\"2959\" \/>\u2714\ufe0f Skysta forma patogiam vartojimui<br data-start=\"2994\" data-end=\"2997\" \/>\u2714\ufe0f Tinka vartoti kursais<br data-start=\"3021\" data-end=\"3024\" \/>\u2714\ufe0f Daugiakomponent\u0117 sud\u0117tis<br data-start=\"3051\" data-end=\"3054\" \/>\u2714\ufe0f Kasdieniam vartojimui tinkamas<\/p>\n","protected":false},"featured_media":53375,"template":"","meta":[],"pwb-brand":[1133],"product_brand":[],"product_cat":[769],"product_tag":[],"giftcard-category":[],"class_list":{"0":"post-53385","1":"product","2":"type-product","3":"status-publish","4":"has-post-thumbnail","6":"pwb-brand-mesoestetic","7":"product_cat-vitaminai","9":"first","10":"instock","11":"taxable","12":"shipping-taxable","13":"purchasable","14":"product-type-simple"},"acf":[],"brands":[{"id":1133,"name":"Mesoestetic","slug":"mesoestetic"}],"_links":{"self":[{"href":"https:\/\/skinstudio.ee\/lt\/wp-json\/wp\/v2\/product\/53385","targetHints":{"allow":["GET"]}}],"collection":[{"href":"https:\/\/skinstudio.ee\/lt\/wp-json\/wp\/v2\/product"}],"about":[{"href":"https:\/\/skinstudio.ee\/lt\/wp-json\/wp\/v2\/types\/product"}],"version-history":[{"count":2,"href":"https:\/\/skinstudio.ee\/lt\/wp-json\/wp\/v2\/product\/53385\/revisions"}],"predecessor-version":[{"id":90938,"href":"https:\/\/skinstudio.ee\/lt\/wp-json\/wp\/v2\/product\/53385\/revisions\/90938"}],"wp:featuredmedia":[{"embeddable":true,"href":"https:\/\/skinstudio.ee\/lt\/wp-json\/wp\/v2\/media\/53375"}],"wp:attachment":[{"href":"https:\/\/skinstudio.ee\/lt\/wp-json\/wp\/v2\/media?parent=53385"}],"wp:term":[{"taxonomy":"pwb-brand","embeddable":true,"href":"https:\/\/skinstudio.ee\/lt\/wp-json\/wp\/v2\/pwb-brand?post=53385"},{"taxonomy":"product_brand","embeddable":true,"href":"https:\/\/skinstudio.ee\/lt\/wp-json\/wp\/v2\/product_brand?post=53385"},{"taxonomy":"product_cat","embeddable":true,"href":"https:\/\/skinstudio.ee\/lt\/wp-json\/wp\/v2\/product_cat?post=53385"},{"taxonomy":"product_tag","embeddable":true,"href":"https:\/\/skinstudio.ee\/lt\/wp-json\/wp\/v2\/product_tag?post=53385"},{"taxonomy":"giftcard-category","embeddable":true,"href":"https:\/\/skinstudio.ee\/lt\/wp-json\/wp\/v2\/giftcard-category?post=53385"}],"curies":[{"name":"wp","href":"https:\/\/api.w.org\/{rel}","templated":true}]}}