{"id":53507,"date":"2025-10-11T09:43:22","date_gmt":"2025-10-11T09:43:22","guid":{"rendered":"https:\/\/skinstudio.ee\/?post_type=product&#038;p=53507"},"modified":"2025-12-30T17:05:41","modified_gmt":"2025-12-30T17:05:41","slug":"hydracream-fusion","status":"publish","type":"product","link":"https:\/\/skinstudio.ee\/lt\/catalog\/mesoestetic\/hydracream-fusion\/","title":{"rendered":"Hydracream Fusion"},"content":{"rendered":"<p data-start=\"2040\" data-end=\"2470\"><strong data-start=\"2040\" data-end=\"2061\">Hydracream Fusion<\/strong> \u2013 prabangus naujos kartos valomasis kremas\u2013aliejus, derinantis \u0161velni\u0105 prie\u017ei\u016br\u0105 ir gilaus valymo efektyvum\u0105. Jo unikali tekst\u016bra, susilietusi su oda, virsta \u0161ilkiniu aliejumi, kuris \u0161velniai i\u0161tirpdo makia\u017e\u0105, riebal\u0173 pertekli\u0173 ir ne\u0161varumus, nepa\u017eeisdamas nat\u016bralaus odos balanso bei apsauginio barjero.<br data-start=\"2366\" data-end=\"2369\" \/>Formul\u0117 sukurta specialiai sausai ir jautriai odai, kuriai reikia komforto, maitinimo ir atstatymo.<\/p>\n<p data-start=\"2472\" data-end=\"2910\">Praturtintas augalin\u0117s kilm\u0117s skvalanu, kremas maitina od\u0105, gerina jos elastingum\u0105 ir suteikia \u0161velnumo bei \u0161ilkinio glotnumo be riebios pl\u0117vel\u0117s. Aktyvus postbiotikas <strong data-start=\"2640\" data-end=\"2665\">Lactobacillus Ferment<\/strong> palaiko mikrobiom\u0105 ir stiprina nat\u016bral\u0173 apsaugin\u012f barjer\u0105, padedant i\u0161laikyti sveik\u0105 ir atspari\u0105 od\u0105. Biotechnologinis kompleksas <strong data-start=\"2796\" data-end=\"2811\">Urban D-tox<\/strong> apsaugo nuo aplinkos tar\u0161os, ma\u017eina oksidacin\u012f stres\u0105 ir padeda i\u0161vengti prie\u0161laikinio sen\u0117jimo.<\/p>\n<p data-start=\"2912\" data-end=\"2992\">Rezultatas \u2013 \u0161vari, gaivi, \u0161velni ir \u0161vytinti oda, kupina dr\u0117gm\u0117s ir komforto.<\/p>\n<p data-start=\"2994\" data-end=\"3017\"><strong data-start=\"2994\" data-end=\"3004\">T\u016bris:<\/strong> <strong data-start=\"3005\" data-end=\"3015\">100 ml<\/strong><\/p>\n","protected":false},"excerpt":{"rendered":"<p data-start=\"3546\" data-end=\"3610\">\u0160velnus valomasis kremas\u2013aliejus odos maitinimui ir atstatymui<\/p>\n<h2 data-start=\"3612\" data-end=\"3924\"><strong data-start=\"3612\" data-end=\"3655\">Mesoestetic &#8211; Hydracream Fusion savyb\u0117s<\/strong><\/h2>\n<p data-start=\"3612\" data-end=\"3924\" data-is-last-node=\"\" data-is-only-node=\"\">\u2714\ufe0f Giliai valo od\u0105, nepa\u017eeid\u017eiant apsauginio barjero<br data-start=\"3710\" data-end=\"3713\" \/>\u2714\ufe0f Maitina, mink\u0161tina ir suteikia \u0161ilkin\u012f poj\u016bt\u012f<br data-start=\"3761\" data-end=\"3764\" \/>\u2714\ufe0f Sud\u0117tyje yra skvalano ir postbiotik\u0173 mikrobiomai subalansuoti<br data-start=\"3828\" data-end=\"3831\" \/>\u2714\ufe0f Apsaugo nuo tar\u0161os ir oksidacinio streso<br data-start=\"3874\" data-end=\"3877\" \/>\u2714\ufe0f Palaiko optimal\u0173 dr\u0117gm\u0117s ir elastingumo lyg\u012f<\/p>\n","protected":false},"featured_media":53498,"template":"","meta":[],"pwb-brand":[1133],"product_brand":[],"product_cat":[746,740,718],"product_tag":[],"giftcard-category":[],"class_list":{"0":"post-53507","1":"product","2":"type-product","3":"status-publish","4":"has-post-thumbnail","6":"pwb-brand-mesoestetic","7":"product_cat-jautri-oda","8":"product_cat-sausa-oda","9":"product_cat-valymas","11":"first","12":"instock","13":"taxable","14":"shipping-taxable","15":"purchasable","16":"product-type-simple"},"acf":[],"brands":[{"id":1133,"name":"Mesoestetic","slug":"mesoestetic"}],"_links":{"self":[{"href":"https:\/\/skinstudio.ee\/lt\/wp-json\/wp\/v2\/product\/53507","targetHints":{"allow":["GET"]}}],"collection":[{"href":"https:\/\/skinstudio.ee\/lt\/wp-json\/wp\/v2\/product"}],"about":[{"href":"https:\/\/skinstudio.ee\/lt\/wp-json\/wp\/v2\/types\/product"}],"version-history":[{"count":0,"href":"https:\/\/skinstudio.ee\/lt\/wp-json\/wp\/v2\/product\/53507\/revisions"}],"wp:featuredmedia":[{"embeddable":true,"href":"https:\/\/skinstudio.ee\/lt\/wp-json\/wp\/v2\/media\/53498"}],"wp:attachment":[{"href":"https:\/\/skinstudio.ee\/lt\/wp-json\/wp\/v2\/media?parent=53507"}],"wp:term":[{"taxonomy":"pwb-brand","embeddable":true,"href":"https:\/\/skinstudio.ee\/lt\/wp-json\/wp\/v2\/pwb-brand?post=53507"},{"taxonomy":"product_brand","embeddable":true,"href":"https:\/\/skinstudio.ee\/lt\/wp-json\/wp\/v2\/product_brand?post=53507"},{"taxonomy":"product_cat","embeddable":true,"href":"https:\/\/skinstudio.ee\/lt\/wp-json\/wp\/v2\/product_cat?post=53507"},{"taxonomy":"product_tag","embeddable":true,"href":"https:\/\/skinstudio.ee\/lt\/wp-json\/wp\/v2\/product_tag?post=53507"},{"taxonomy":"giftcard-category","embeddable":true,"href":"https:\/\/skinstudio.ee\/lt\/wp-json\/wp\/v2\/giftcard-category?post=53507"}],"curies":[{"name":"wp","href":"https:\/\/api.w.org\/{rel}","templated":true}]}}