{"id":53523,"date":"2025-10-11T09:56:19","date_gmt":"2025-10-11T09:56:19","guid":{"rendered":"https:\/\/skinstudio.ee\/?post_type=product&#038;p=53523"},"modified":"2025-12-30T17:05:41","modified_gmt":"2025-12-30T17:05:41","slug":"brightening-foam","status":"publish","type":"product","link":"https:\/\/skinstudio.ee\/lt\/catalog\/mesoestetic\/brightening-foam\/","title":{"rendered":"Brightening Foam"},"content":{"rendered":"<p data-start=\"2687\" data-end=\"2972\"><strong data-start=\"2687\" data-end=\"2707\">Brightening Foam<\/strong> \u2013 naujos kartos <strong data-start=\"2724\" data-end=\"2739\">Mesoestetic<\/strong> valomasis kremas-putos, sukurtas normaliai ir mi\u0161riai odai. \u0160i \u0161velni prausimosi priemon\u0117 su <strong data-start=\"2833\" data-end=\"2870\">AHA r\u016bg\u0161timis (glikolio ir pieno)<\/strong> ne tik efektyviai pa\u0161alina ne\u0161varumus ir makia\u017e\u0105, bet ir pagerina odos tekst\u016br\u0105, ton\u0105 bei spindes\u012f.<\/p>\n<p data-start=\"2974\" data-end=\"3314\">Kremin\u0117 tekst\u016bra, susilietusi su vandeniu, virsta sodriomis putomis, kurios \u0161velniai apgaubia od\u0105, pa\u0161alindamos riebal\u0173 pertekli\u0173, negyvas l\u0105steles ir makia\u017eo liku\u010dius. <strong data-start=\"3143\" data-end=\"3172\">Glikolio ir pieno r\u016bg\u0161tys<\/strong> optimalioje koncentracijoje suteikia lengv\u0105 \u0161veitimo efekt\u0105, skatina l\u0105steli\u0173 atsinaujinim\u0105 ir suteikia odai \u0161velnumo, \u0161varumo bei gaivumo.<\/p>\n<p data-start=\"3316\" data-end=\"3604\">Formul\u0117 praturtinta <strong data-start=\"3336\" data-end=\"3383\">dr\u0117kinan\u010diais ir raminan\u010diais ingredientais<\/strong>, kurie apsaugo nuo sausumo ir tempimo poj\u016b\u010dio. Reguliariai naudojant ryte ir vakare, prausiklis padeda reguliuoti riebal\u0173 i\u0161siskyrim\u0105, i\u0161lygina odos ton\u0105, pa\u0161viesina pigmentines d\u0117mes ir suteikia odai sveik\u0105 \u0161vyt\u0117jim\u0105.<\/p>\n<p data-start=\"3606\" data-end=\"3729\">Ideali kasdien\u0117s prie\u017ei\u016bros priemon\u0117 \u2013 \u0161velnus, bet efektyvus valymas, suteikiantis momentin\u012f gaivumo ir komforto poj\u016bt\u012f.<\/p>\n<p data-start=\"3731\" data-end=\"3754\"><strong data-start=\"3731\" data-end=\"3741\">T\u016bris:<\/strong> <strong data-start=\"3742\" data-end=\"3752\">100 ml<\/strong><\/p>\n","protected":false},"excerpt":{"rendered":"<p data-start=\"2208\" data-end=\"2268\">Izgaismojo\u0161as att\u012bro\u0161as putas mirdzo\u0161ai un atjaunotai \u0101dai<\/p>\n<h2 data-start=\"2270\" data-end=\"2593\"><strong data-start=\"2270\" data-end=\"2313\">Mesoestetic &#8211; Brightening Foam \u012bpa\u0161\u012bbas<\/strong><\/h2>\n<p data-start=\"2270\" data-end=\"2593\">\u2714\ufe0f Efekt\u012bvi no\u0146em net\u012brumus, grimu un atmiru\u0161\u0101s \u0161\u016bnas<br data-start=\"2369\" data-end=\"2372\" \/>\u2714\ufe0f Maigi noloba un izl\u012bdzina \u0101das tekst\u016bru<br data-start=\"2414\" data-end=\"2417\" \/>\u2714\ufe0f Izgaismo toni, samazina pigment\u0101cijas plankumus un bl\u0101vumu<br data-start=\"2478\" data-end=\"2481\" \/>\u2714\ufe0f Regul\u0113 sebuma izdal\u012b\u0161anos un pie\u0161\u0137ir svaigumu<br data-start=\"2529\" data-end=\"2532\" \/>\u2714\ufe0f Mitrina, nomierina un nov\u0113r\u0161 \u0101das sausumu p\u0113c mazg\u0101\u0161anas<\/p>\n","protected":false},"featured_media":53514,"template":"","meta":[],"pwb-brand":[1133],"product_brand":[],"product_cat":[752,748,718],"product_tag":[],"giftcard-category":[],"class_list":{"0":"post-53523","1":"product","2":"type-product","3":"status-publish","4":"has-post-thumbnail","6":"pwb-brand-mesoestetic","7":"product_cat-pigmentacija","8":"product_cat-riebi-oda","9":"product_cat-valymas","11":"first","12":"instock","13":"sale","14":"taxable","15":"shipping-taxable","16":"purchasable","17":"product-type-simple"},"acf":[],"brands":[{"id":1133,"name":"Mesoestetic","slug":"mesoestetic"}],"_links":{"self":[{"href":"https:\/\/skinstudio.ee\/lt\/wp-json\/wp\/v2\/product\/53523","targetHints":{"allow":["GET"]}}],"collection":[{"href":"https:\/\/skinstudio.ee\/lt\/wp-json\/wp\/v2\/product"}],"about":[{"href":"https:\/\/skinstudio.ee\/lt\/wp-json\/wp\/v2\/types\/product"}],"version-history":[{"count":0,"href":"https:\/\/skinstudio.ee\/lt\/wp-json\/wp\/v2\/product\/53523\/revisions"}],"wp:featuredmedia":[{"embeddable":true,"href":"https:\/\/skinstudio.ee\/lt\/wp-json\/wp\/v2\/media\/53514"}],"wp:attachment":[{"href":"https:\/\/skinstudio.ee\/lt\/wp-json\/wp\/v2\/media?parent=53523"}],"wp:term":[{"taxonomy":"pwb-brand","embeddable":true,"href":"https:\/\/skinstudio.ee\/lt\/wp-json\/wp\/v2\/pwb-brand?post=53523"},{"taxonomy":"product_brand","embeddable":true,"href":"https:\/\/skinstudio.ee\/lt\/wp-json\/wp\/v2\/product_brand?post=53523"},{"taxonomy":"product_cat","embeddable":true,"href":"https:\/\/skinstudio.ee\/lt\/wp-json\/wp\/v2\/product_cat?post=53523"},{"taxonomy":"product_tag","embeddable":true,"href":"https:\/\/skinstudio.ee\/lt\/wp-json\/wp\/v2\/product_tag?post=53523"},{"taxonomy":"giftcard-category","embeddable":true,"href":"https:\/\/skinstudio.ee\/lt\/wp-json\/wp\/v2\/giftcard-category?post=53523"}],"curies":[{"name":"wp","href":"https:\/\/api.w.org\/{rel}","templated":true}]}}