{"id":53678,"date":"2025-10-16T13:20:09","date_gmt":"2025-10-16T13:20:09","guid":{"rendered":"https:\/\/skinstudio.ee\/?post_type=product&#038;p=53678"},"modified":"2025-12-30T17:05:41","modified_gmt":"2025-12-30T17:05:41","slug":"purifying-mousse","status":"publish","type":"product","link":"https:\/\/skinstudio.ee\/lt\/catalog\/mesoestetic\/purifying-mousse\/","title":{"rendered":"Purifying Mousse"},"content":{"rendered":"<p data-start=\"1699\" data-end=\"2082\">Naujos kartos valomasis put\u0173 prausiklis riebiai, mi\u0161riai ir \u012f akn\u0119 linkusiai odai. Mesoestetic Purifying Mousse derina dermatologin\u012f veiksmingum\u0105 su \u0161velnia prie\u017ei\u016bra \u2013 giliai i\u0161valo poras, pa\u0161alina perteklin\u012f sebum\u0105 ir ne\u0161varumus, palikdamas od\u0105 gaivi\u0105, lygi\u0105 ir matin\u0119. Lengva, puri tekst\u016bra tolygiai pasiskirsto ant odos, nei\u0161sausindama jos ir nesutrikdydama nat\u016bralaus balanso.<\/p>\n<p data-start=\"2084\" data-end=\"2478\">Formul\u0117 praturtinta chlorheksidinu \u2013 antiseptiniu komponentu, kuris padeda u\u017ekirsti keli\u0105 bakterij\u0173, sukelian\u010di\u0173 u\u017edegimus, dauginimuisi. Salicilo ir pieno r\u016bg\u0161tys optimalioje koncentracijoje skatina l\u0105steli\u0173 atsinaujinim\u0105 ir valo poras, gerina odos tekst\u016br\u0105 ir ma\u017eina netobulumus. Po pirmojo naudojimo oda tampa pastebimai \u0161varesn\u0117, o reguliariai naudojant \u2013 lygesn\u0117, tolygesn\u0117 ir sveikesn\u0117.<\/p>\n<p data-start=\"2480\" data-end=\"2498\"><strong data-start=\"2480\" data-end=\"2489\">T\u016bris:<\/strong> 150 ml<\/p>\n","protected":false},"excerpt":{"rendered":"<p data-start=\"2849\" data-end=\"2880\">Valomosios putos riebiai odai<\/p>\n<h2 data-start=\"2882\" data-end=\"3223\"><strong data-start=\"2882\" data-end=\"2924\">Mesoestetic &#8211; Purifying Mousse savyb\u0117s<\/strong><\/h2>\n<p data-start=\"2882\" data-end=\"3223\">\u2714\ufe0f Giliai valo ir pa\u0161alina riebal\u0173 pertekli\u0173 bei ne\u0161varumus<br data-start=\"2986\" data-end=\"2989\" \/>\u2714\ufe0f Palaiko odos mikrobiomos ir apsauginio barjero pusiausvyr\u0105<br data-start=\"3050\" data-end=\"3053\" \/>\u2714\ufe0f Turi antiseptin\u012f ir prie\u0161u\u017edegimin\u012f poveik\u012f<br data-start=\"3099\" data-end=\"3102\" \/>\u2714\ufe0f Ma\u017eina ink\u0161tirus ir padeda i\u0161vengti akn\u0117s<br data-start=\"3146\" data-end=\"3149\" \/>\u2714\ufe0f Gerina odos tekst\u016br\u0105 ir atspalv\u012f, suteikdama \u0161varos ir gaivumo poj\u016bt\u012f<\/p>\n","protected":false},"featured_media":53668,"template":"","meta":[],"pwb-brand":[1133],"product_brand":[],"product_cat":[742,748,718],"product_tag":[],"giftcard-category":[],"class_list":{"0":"post-53678","1":"product","2":"type-product","3":"status-publish","4":"has-post-thumbnail","6":"pwb-brand-mesoestetic","7":"product_cat-berimai","8":"product_cat-taukainai-adai-lt","9":"product_cat-valymas","11":"first","12":"instock","13":"taxable","14":"shipping-taxable","15":"purchasable","16":"product-type-simple"},"acf":[],"brands":[{"id":1133,"name":"Mesoestetic","slug":"mesoestetic"}],"_links":{"self":[{"href":"https:\/\/skinstudio.ee\/lt\/wp-json\/wp\/v2\/product\/53678","targetHints":{"allow":["GET"]}}],"collection":[{"href":"https:\/\/skinstudio.ee\/lt\/wp-json\/wp\/v2\/product"}],"about":[{"href":"https:\/\/skinstudio.ee\/lt\/wp-json\/wp\/v2\/types\/product"}],"version-history":[{"count":0,"href":"https:\/\/skinstudio.ee\/lt\/wp-json\/wp\/v2\/product\/53678\/revisions"}],"wp:featuredmedia":[{"embeddable":true,"href":"https:\/\/skinstudio.ee\/lt\/wp-json\/wp\/v2\/media\/53668"}],"wp:attachment":[{"href":"https:\/\/skinstudio.ee\/lt\/wp-json\/wp\/v2\/media?parent=53678"}],"wp:term":[{"taxonomy":"pwb-brand","embeddable":true,"href":"https:\/\/skinstudio.ee\/lt\/wp-json\/wp\/v2\/pwb-brand?post=53678"},{"taxonomy":"product_brand","embeddable":true,"href":"https:\/\/skinstudio.ee\/lt\/wp-json\/wp\/v2\/product_brand?post=53678"},{"taxonomy":"product_cat","embeddable":true,"href":"https:\/\/skinstudio.ee\/lt\/wp-json\/wp\/v2\/product_cat?post=53678"},{"taxonomy":"product_tag","embeddable":true,"href":"https:\/\/skinstudio.ee\/lt\/wp-json\/wp\/v2\/product_tag?post=53678"},{"taxonomy":"giftcard-category","embeddable":true,"href":"https:\/\/skinstudio.ee\/lt\/wp-json\/wp\/v2\/giftcard-category?post=53678"}],"curies":[{"name":"wp","href":"https:\/\/api.w.org\/{rel}","templated":true}]}}