{"id":53697,"date":"2025-10-16T13:34:38","date_gmt":"2025-10-16T13:34:38","guid":{"rendered":"https:\/\/skinstudio.ee\/?post_type=product&#038;p=53697"},"modified":"2025-12-30T17:05:41","modified_gmt":"2025-12-30T17:05:41","slug":"hydratonic-mist","status":"publish","type":"product","link":"https:\/\/skinstudio.ee\/lt\/catalog\/mesoestetic\/hydratonic-mist\/","title":{"rendered":"Hydratonic Mist"},"content":{"rendered":"<p data-start=\"1750\" data-end=\"2146\">\u0160velnus dr\u0117kinamasis tonikas-pur\u0161kiklis, sukurtas visiems odos tipams, ypa\u010d sausai ir jautriai odai, kuriai reikia intensyvaus dr\u0117kinimo ir atstatymo. Mesoestetic Hydratonic Mist veiksmingai tonizuoja od\u0105, atkuria jos pusiausvyr\u0105 ir suteikia gaivumo poj\u016bt\u012f. D\u0117l savo sud\u0117ties jis puikiai papildo profesionalias proced\u016bras, tokias kaip mezoterapija, cheminis \u0161veitimas ar lazerinis atjauninimas.<\/p>\n<p data-start=\"2148\" data-end=\"2651\">Ro\u017ei\u0173 vandens ir pantenolio (provitamino B5) derinys suteikia gilaus dr\u0117kinimo ir \u0161velnumo efekt\u0105, skatina regeneracij\u0105 ir ramina sudirgimus, suteikdamas odai komforto. Postbiotikas Lactobacillus Ferment padeda palaikyti mikrobiomos pusiausvyr\u0105 ir stiprina apsaugin\u012f barjer\u0105, o aktyvus ingredientas Urban D-tox veiksmingai neutralizuoja ter\u0161alus ir ma\u017eina oksidacin\u012f stres\u0105, u\u017ekertant keli\u0105 prie\u0161laikiniam sen\u0117jimui. Reguliariai naudojant, oda tampa elastingesn\u0117, stangresn\u0117 ir atsparesn\u0117 sudirgimams.<\/p>\n<p data-start=\"2653\" data-end=\"2672\"><strong data-start=\"2653\" data-end=\"2663\">T\u016bris:<\/strong> 125 ml<\/p>\n","protected":false},"excerpt":{"rendered":"<p data-start=\"2889\" data-end=\"2922\">Dr\u0117kinamasis tonikas-pur\u0161kiklis<\/p>\n<h2 data-start=\"2924\" data-end=\"3241\"><strong data-start=\"2924\" data-end=\"2965\">Mesoestetic &#8211; Hydratonic Mist savyb\u0117s<\/strong><\/h2>\n<p data-start=\"2924\" data-end=\"3241\">\u2714\ufe0f Atkuria odos nat\u016bral\u0173 pH ir pusiausvyr\u0105<br data-start=\"3010\" data-end=\"3013\" \/>\u2714\ufe0f Ramina, dr\u0117kina ir suteikia \u0161velnumo poj\u016bt\u012f<br data-start=\"3059\" data-end=\"3062\" \/>\u2714\ufe0f Palaiko mikrobiomos balans\u0105 ir stiprina apsaugin\u012f barjer\u0105<br data-start=\"3122\" data-end=\"3125\" \/>\u2714\ufe0f Apsaugo nuo oksidacinio streso ir tar\u0161os poveikio<br data-start=\"3177\" data-end=\"3180\" \/>\u2714\ufe0f Gerina odos elastingum\u0105 ir gaivum\u0105 reguliariai naudojant<\/p>\n","protected":false},"featured_media":53688,"template":"","meta":[],"pwb-brand":[1133],"product_brand":[],"product_cat":[740,722],"product_tag":[],"giftcard-category":[],"class_list":{"0":"post-53697","1":"product","2":"type-product","3":"status-publish","4":"has-post-thumbnail","6":"pwb-brand-mesoestetic","7":"product_cat-sausai-odai","8":"product_cat-toneriai","10":"first","11":"instock","12":"taxable","13":"shipping-taxable","14":"purchasable","15":"product-type-simple"},"acf":[],"brands":[{"id":1133,"name":"Mesoestetic","slug":"mesoestetic"}],"_links":{"self":[{"href":"https:\/\/skinstudio.ee\/lt\/wp-json\/wp\/v2\/product\/53697","targetHints":{"allow":["GET"]}}],"collection":[{"href":"https:\/\/skinstudio.ee\/lt\/wp-json\/wp\/v2\/product"}],"about":[{"href":"https:\/\/skinstudio.ee\/lt\/wp-json\/wp\/v2\/types\/product"}],"version-history":[{"count":0,"href":"https:\/\/skinstudio.ee\/lt\/wp-json\/wp\/v2\/product\/53697\/revisions"}],"wp:featuredmedia":[{"embeddable":true,"href":"https:\/\/skinstudio.ee\/lt\/wp-json\/wp\/v2\/media\/53688"}],"wp:attachment":[{"href":"https:\/\/skinstudio.ee\/lt\/wp-json\/wp\/v2\/media?parent=53697"}],"wp:term":[{"taxonomy":"pwb-brand","embeddable":true,"href":"https:\/\/skinstudio.ee\/lt\/wp-json\/wp\/v2\/pwb-brand?post=53697"},{"taxonomy":"product_brand","embeddable":true,"href":"https:\/\/skinstudio.ee\/lt\/wp-json\/wp\/v2\/product_brand?post=53697"},{"taxonomy":"product_cat","embeddable":true,"href":"https:\/\/skinstudio.ee\/lt\/wp-json\/wp\/v2\/product_cat?post=53697"},{"taxonomy":"product_tag","embeddable":true,"href":"https:\/\/skinstudio.ee\/lt\/wp-json\/wp\/v2\/product_tag?post=53697"},{"taxonomy":"giftcard-category","embeddable":true,"href":"https:\/\/skinstudio.ee\/lt\/wp-json\/wp\/v2\/giftcard-category?post=53697"}],"curies":[{"name":"wp","href":"https:\/\/api.w.org\/{rel}","templated":true}]}}