{"id":53713,"date":"2025-10-16T13:50:15","date_gmt":"2025-10-16T13:50:15","guid":{"rendered":"https:\/\/skinstudio.ee\/?post_type=product&#038;p=53713"},"modified":"2025-12-30T17:05:41","modified_gmt":"2025-12-30T17:05:41","slug":"micellar-biphasic","status":"publish","type":"product","link":"https:\/\/skinstudio.ee\/lt\/catalog\/mesoestetic\/micellar-biphasic\/","title":{"rendered":"Micellar Biphasic"},"content":{"rendered":"<p data-start=\"1877\" data-end=\"2308\">Dvigubos faz\u0117s makia\u017eo valiklis, sukurtas \u0161velni aki\u0173 ir l\u016bp\u0173 zonai valyti. Mesoestetic Micellar Biphasic derina veiksmingum\u0105 ir \u0161velnum\u0105, leid\u017eiant lengvai pa\u0161alinti net vandeniui atspar\u0173 makia\u017e\u0105, nedirgindamas odos ir nesukeldamas paraudimo. D\u0117l novatori\u0161kos dvifaz\u0117s formul\u0117s \u2013 micelinio tirpalo ir lengvos aliejaus baz\u0117s derinio \u2013 priemon\u0117 efektyviai tirpdo ne\u0161varumus, nepalikdama riebios pl\u0117vel\u0117s ir nereikalaudama trynimo.<\/p>\n<p data-start=\"2310\" data-end=\"2621\">Didelis toleranti\u0161kumas daro j\u0105 ideali\u0105 jautriai odai ir kasdieniam naudojimui. Micel\u0117s sugeria ir pa\u0161alina makia\u017eo liku\u010dius, o augaliniai aliejai maitina ir mink\u0161tina od\u0105, suteikdami \u0161varos, komforto ir dr\u0117kinimo poj\u016bt\u012f. Po naudojimo oda atrodo gaivi ir pails\u0117jusi, o aki\u0173 sritis i\u0161lieka \u0161velni ir elastinga.<\/p>\n<p data-start=\"2623\" data-end=\"2642\"><strong data-start=\"2623\" data-end=\"2633\">T\u016bris:<\/strong> 150 ml<\/p>\n","protected":false},"excerpt":{"rendered":"<p data-start=\"3100\" data-end=\"3133\">Dvigubos faz\u0117s makia\u017eo valiklis<\/p>\n<h2 data-start=\"3135\" data-end=\"3464\"><strong data-start=\"3135\" data-end=\"3178\">Mesoestetic &#8211; Micellar Biphasic savyb\u0117s<\/strong><\/h2>\n<p data-start=\"3135\" data-end=\"3464\">\u2714\ufe0f Efektyviai pa\u0161alina net vandeniui atspar\u0173 aki\u0173 ir l\u016bp\u0173 makia\u017e\u0105<br data-start=\"3246\" data-end=\"3249\" \/>\u2714\ufe0f Nedirgina odos ir nereikalauja trynimo<br data-start=\"3290\" data-end=\"3293\" \/>\u2714\ufe0f Mink\u0161tina ir dr\u0117kina, suteikdama komforto poj\u016bt\u012f<br data-start=\"3344\" data-end=\"3347\" \/>\u2714\ufe0f Tinka jautriai odai ir kasdieniam naudojimui<br data-start=\"3394\" data-end=\"3397\" \/>\u2714\ufe0f Nepalieka riebios pl\u0117vel\u0117s, u\u017etikrina \u0161varos ir gaivumo poj\u016bt\u012f<\/p>\n","protected":false},"featured_media":66994,"template":"","meta":[],"pwb-brand":[1133],"product_brand":[],"product_cat":[746,718],"product_tag":[],"giftcard-category":[],"class_list":{"0":"post-53713","1":"product","2":"type-product","3":"status-publish","4":"has-post-thumbnail","6":"pwb-brand-mesoestetic","7":"product_cat-jautriai-odai","8":"product_cat-valymas","10":"first","11":"instock","12":"taxable","13":"shipping-taxable","14":"purchasable","15":"product-type-simple"},"acf":[],"brands":[{"id":1133,"name":"Mesoestetic","slug":"mesoestetic"}],"_links":{"self":[{"href":"https:\/\/skinstudio.ee\/lt\/wp-json\/wp\/v2\/product\/53713","targetHints":{"allow":["GET"]}}],"collection":[{"href":"https:\/\/skinstudio.ee\/lt\/wp-json\/wp\/v2\/product"}],"about":[{"href":"https:\/\/skinstudio.ee\/lt\/wp-json\/wp\/v2\/types\/product"}],"version-history":[{"count":0,"href":"https:\/\/skinstudio.ee\/lt\/wp-json\/wp\/v2\/product\/53713\/revisions"}],"wp:featuredmedia":[{"embeddable":true,"href":"https:\/\/skinstudio.ee\/lt\/wp-json\/wp\/v2\/media\/66994"}],"wp:attachment":[{"href":"https:\/\/skinstudio.ee\/lt\/wp-json\/wp\/v2\/media?parent=53713"}],"wp:term":[{"taxonomy":"pwb-brand","embeddable":true,"href":"https:\/\/skinstudio.ee\/lt\/wp-json\/wp\/v2\/pwb-brand?post=53713"},{"taxonomy":"product_brand","embeddable":true,"href":"https:\/\/skinstudio.ee\/lt\/wp-json\/wp\/v2\/product_brand?post=53713"},{"taxonomy":"product_cat","embeddable":true,"href":"https:\/\/skinstudio.ee\/lt\/wp-json\/wp\/v2\/product_cat?post=53713"},{"taxonomy":"product_tag","embeddable":true,"href":"https:\/\/skinstudio.ee\/lt\/wp-json\/wp\/v2\/product_tag?post=53713"},{"taxonomy":"giftcard-category","embeddable":true,"href":"https:\/\/skinstudio.ee\/lt\/wp-json\/wp\/v2\/giftcard-category?post=53713"}],"curies":[{"name":"wp","href":"https:\/\/api.w.org\/{rel}","templated":true}]}}