{"id":53735,"date":"2025-10-16T14:28:50","date_gmt":"2025-10-16T14:28:50","guid":{"rendered":"https:\/\/skinstudio.ee\/?post_type=product&#038;p=53735"},"modified":"2025-12-30T17:05:41","modified_gmt":"2025-12-30T17:05:41","slug":"hydra-vital-mask","status":"publish","type":"product","link":"https:\/\/skinstudio.ee\/lt\/catalog\/mesoestetic\/hydra-vital-mask\/","title":{"rendered":"Hydra-Vital Mask"},"content":{"rendered":"<p data-start=\"1528\" data-end=\"1849\">Intensyviai dr\u0117kinanti ir atkuriamoji veido, kaklo ir dekolt\u0117 srities kauk\u0117. Mesoestetic Hydra-Vital Mask giliai dr\u0117kina od\u0105, akimirksniu pa\u0161alindama sausum\u0105 ir tempimo poj\u016bt\u012f. Formul\u0117 su veiksmingais dr\u0117kinan\u010diais ir antioksidaciniais ingredientais maitina od\u0105, atkurdama jos elastingum\u0105, glotnum\u0105 ir sveik\u0105 \u0161vyt\u0117jim\u0105.<\/p>\n<p data-start=\"1851\" data-end=\"2108\">Kauk\u0117 padeda atkurti odos apsaugin\u012f barjer\u0105, apsaugo l\u0105steles nuo laisv\u0173j\u0173 radikal\u0173 poveikio ir padeda u\u017ekirsti keli\u0105 prie\u0161laikinio sen\u0117jimo po\u017eymiams. Po pirmojo naudojimo oda tampa gaivi, sudr\u0117kinta ir elastinga. Tinka vis\u0173 tip\u0173 odai, \u012fskaitant jautri\u0105.<\/p>\n<p data-start=\"2110\" data-end=\"2129\"><strong data-start=\"2110\" data-end=\"2120\">T\u016bris:<\/strong> 100 ml<\/p>\n","protected":false},"excerpt":{"rendered":"<p data-start=\"2510\" data-end=\"2535\">Dr\u0117kinamoji veido kauk\u0117<\/p>\n<h2 data-start=\"2537\" data-end=\"2821\"><strong data-start=\"2537\" data-end=\"2579\">Mesoestetic &#8211; Hydra-Vital Mask savyb\u0117s<\/strong><\/h2>\n<p data-start=\"2537\" data-end=\"2821\">\u2714\ufe0f Giliai dr\u0117kina ir maitina od\u0105, pa\u0161alindama sausum\u0105<br data-start=\"2635\" data-end=\"2638\" \/>\u2714\ufe0f Atkuria elastingum\u0105 ir glotnum\u0105<br data-start=\"2672\" data-end=\"2675\" \/>\u2714\ufe0f Suteikia sveik\u0105 spindes\u012f ir gaivum\u0105<br data-start=\"2713\" data-end=\"2716\" \/>\u2714\ufe0f Apsaugo nuo laisv\u0173j\u0173 radikal\u0173 ir prie\u0161laikinio sen\u0117jimo<br data-start=\"2774\" data-end=\"2777\" \/>\u2714\ufe0f Tinka vis\u0173 tip\u0173 odai, \u012fskaitant jautri\u0105<\/p>\n","protected":false},"featured_media":53725,"template":"","meta":[],"pwb-brand":[1133],"product_brand":[],"product_cat":[746,726,740,750],"product_tag":[],"giftcard-category":[],"class_list":{"0":"post-53735","1":"product","2":"type-product","3":"status-publish","4":"has-post-thumbnail","6":"pwb-brand-mesoestetic","7":"product_cat-jautriai-odai","8":"product_cat-maskas-lt","9":"product_cat-sausai-odai","10":"product_cat-senstanti-oda","12":"first","13":"instock","14":"taxable","15":"shipping-taxable","16":"purchasable","17":"product-type-simple"},"acf":[],"brands":[{"id":1133,"name":"Mesoestetic","slug":"mesoestetic"}],"_links":{"self":[{"href":"https:\/\/skinstudio.ee\/lt\/wp-json\/wp\/v2\/product\/53735","targetHints":{"allow":["GET"]}}],"collection":[{"href":"https:\/\/skinstudio.ee\/lt\/wp-json\/wp\/v2\/product"}],"about":[{"href":"https:\/\/skinstudio.ee\/lt\/wp-json\/wp\/v2\/types\/product"}],"version-history":[{"count":0,"href":"https:\/\/skinstudio.ee\/lt\/wp-json\/wp\/v2\/product\/53735\/revisions"}],"wp:featuredmedia":[{"embeddable":true,"href":"https:\/\/skinstudio.ee\/lt\/wp-json\/wp\/v2\/media\/53725"}],"wp:attachment":[{"href":"https:\/\/skinstudio.ee\/lt\/wp-json\/wp\/v2\/media?parent=53735"}],"wp:term":[{"taxonomy":"pwb-brand","embeddable":true,"href":"https:\/\/skinstudio.ee\/lt\/wp-json\/wp\/v2\/pwb-brand?post=53735"},{"taxonomy":"product_brand","embeddable":true,"href":"https:\/\/skinstudio.ee\/lt\/wp-json\/wp\/v2\/product_brand?post=53735"},{"taxonomy":"product_cat","embeddable":true,"href":"https:\/\/skinstudio.ee\/lt\/wp-json\/wp\/v2\/product_cat?post=53735"},{"taxonomy":"product_tag","embeddable":true,"href":"https:\/\/skinstudio.ee\/lt\/wp-json\/wp\/v2\/product_tag?post=53735"},{"taxonomy":"giftcard-category","embeddable":true,"href":"https:\/\/skinstudio.ee\/lt\/wp-json\/wp\/v2\/giftcard-category?post=53735"}],"curies":[{"name":"wp","href":"https:\/\/api.w.org\/{rel}","templated":true}]}}