{"id":53767,"date":"2024-06-01T16:05:10","date_gmt":"2024-06-01T16:05:10","guid":{"rendered":"https:\/\/skinstudio.ee\/?post_type=product&#038;p=53767"},"modified":"2026-01-19T15:20:23","modified_gmt":"2026-01-19T15:20:23","slug":"vitamin-c-complex","status":"publish","type":"product","link":"https:\/\/skinstudio.ee\/lt\/catalog\/cellderma\/vitamin-c-complex\/","title":{"rendered":"Vitamin C Complex"},"content":{"rendered":"<p data-start=\"3949\" data-end=\"4257\">Vitamin C Complex &#8211; tai profesionalus serumas su didele vitamino C koncentracija ir itin lengva gelin\u0117 tekst\u016bra, sukurtas odos tono suvienodinimui, spindesio sustiprinimui ir apsaugai nuo oksidacinio streso. Formul\u0117 ypa\u010d tinka riebiai ir mi\u0161riai odai, nes neapsunkina odos ir nesukuria perteklinio blizgesio.<\/p>\n<p data-start=\"4259\" data-end=\"4577\">Formul\u0117je naudojamos stabilios vitamino C formos didel\u0117je koncentracijoje (aktyviosios med\u017eiagos INCI s\u0105ra\u0161e yra 3, 4 ir 5 vietose), tod\u0117l u\u017etikrinamas ry\u0161kus \u0161viesinamasis ir antioksidacinis poveikis. Serumas padeda suma\u017einti odos papilk\u0117jim\u0105, pagerinti jos tekst\u016br\u0105 ir palaikyti gaivesn\u012f bei tolygesn\u012f odos atspalv\u012f.<\/p>\n<p data-start=\"4579\" data-end=\"4604\"><strong data-start=\"4579\" data-end=\"4604\">Aktyv\u016bs ingredientai:<\/strong><\/p>\n<ul>\n<li data-start=\"4606\" data-end=\"4951\"><strong data-start=\"4606\" data-end=\"4659\">Sodium Ascorbyl Phosphate (stabilus vitaminas C):<\/strong> suteikia \u0161viesinam\u0105j\u012f ir antioksidacin\u012f poveik\u012f bei padeda apsaugoti od\u0105 nuo oksidacinio streso.<\/li>\n<li data-start=\"4606\" data-end=\"4951\"><strong data-start=\"4759\" data-end=\"4796\">Ascorbyl Glucoside (vitaminas C):<\/strong> padeda pagerinti odos spindes\u012f ir suma\u017einti papilk\u0117jim\u0105.<\/li>\n<li data-start=\"4606\" data-end=\"4951\"><strong data-start=\"4856\" data-end=\"4879\">Sodium Hyaluronate:<\/strong> palaiko optimal\u0173 odos dr\u0117kinimo lyg\u012f ir padeda i\u0161vengti dehidratacijos.<\/li>\n<\/ul>\n<p data-start=\"4953\" data-end=\"5102\">Serumas tinka kasdieniam naudojimui ir ypa\u010d rekomenduojamas riebiai bei mi\u0161riai odai. Lengva tekst\u016bra yra komforti\u0161ka naudoti tiek ryte, tiek vakare.<\/p>\n<p data-start=\"5104\" data-end=\"5120\"><strong data-start=\"5104\" data-end=\"5114\">T\u016bris:<\/strong> 30 ml<\/p>\n","protected":false},"excerpt":{"rendered":"<p data-start=\"2464\" data-end=\"2522\">Serumas su vitaminu C odos spindesiui ir tolygesniam tonui<\/p>\n<h2 data-start=\"2524\" data-end=\"2565\"><strong data-start=\"2524\" data-end=\"2565\">CELLDERMA &#8211; Vitamin C Complex Savyb\u0117s<\/strong><\/h2>\n<p data-start=\"2567\" data-end=\"2789\">\u2714\ufe0f Suvienodina odos ton\u0105 ir suteikia spindesio<br data-start=\"2613\" data-end=\"2616\" \/>\u2714\ufe0f U\u017etikrina stipri\u0105 antioksidacin\u0119 apsaug\u0105<br data-start=\"2659\" data-end=\"2662\" \/>\u2714\ufe0f Gerina odos tekst\u016br\u0105 ir ma\u017eina papilk\u0117jim\u0105<br data-start=\"2707\" data-end=\"2710\" \/>\u2714\ufe0f Tinka riebiai ir mi\u0161riai odai<br data-start=\"2742\" data-end=\"2745\" \/>\u2714\ufe0f Lengva gelin\u0117 tekst\u016bra neapsunkina odos<\/p>\n","protected":false},"featured_media":53768,"template":"","meta":[],"pwb-brand":[1210],"product_brand":[],"product_cat":[752,724,748,730],"product_tag":[],"giftcard-category":[],"class_list":{"0":"post-53767","1":"product","2":"type-product","3":"status-publish","4":"has-post-thumbnail","6":"pwb-brand-cellderma","7":"product_cat-pigmentacija-lt","8":"product_cat-serumai","9":"product_cat-taukainai-adai-lt","10":"product_cat-vitaminas-c","12":"first","13":"instock","14":"taxable","15":"shipping-taxable","16":"purchasable","17":"product-type-simple"},"acf":[],"brands":[{"id":1210,"name":"CellDerma","slug":"cellderma"}],"_links":{"self":[{"href":"https:\/\/skinstudio.ee\/lt\/wp-json\/wp\/v2\/product\/53767","targetHints":{"allow":["GET"]}}],"collection":[{"href":"https:\/\/skinstudio.ee\/lt\/wp-json\/wp\/v2\/product"}],"about":[{"href":"https:\/\/skinstudio.ee\/lt\/wp-json\/wp\/v2\/types\/product"}],"version-history":[{"count":2,"href":"https:\/\/skinstudio.ee\/lt\/wp-json\/wp\/v2\/product\/53767\/revisions"}],"predecessor-version":[{"id":72808,"href":"https:\/\/skinstudio.ee\/lt\/wp-json\/wp\/v2\/product\/53767\/revisions\/72808"}],"wp:featuredmedia":[{"embeddable":true,"href":"https:\/\/skinstudio.ee\/lt\/wp-json\/wp\/v2\/media\/53768"}],"wp:attachment":[{"href":"https:\/\/skinstudio.ee\/lt\/wp-json\/wp\/v2\/media?parent=53767"}],"wp:term":[{"taxonomy":"pwb-brand","embeddable":true,"href":"https:\/\/skinstudio.ee\/lt\/wp-json\/wp\/v2\/pwb-brand?post=53767"},{"taxonomy":"product_brand","embeddable":true,"href":"https:\/\/skinstudio.ee\/lt\/wp-json\/wp\/v2\/product_brand?post=53767"},{"taxonomy":"product_cat","embeddable":true,"href":"https:\/\/skinstudio.ee\/lt\/wp-json\/wp\/v2\/product_cat?post=53767"},{"taxonomy":"product_tag","embeddable":true,"href":"https:\/\/skinstudio.ee\/lt\/wp-json\/wp\/v2\/product_tag?post=53767"},{"taxonomy":"giftcard-category","embeddable":true,"href":"https:\/\/skinstudio.ee\/lt\/wp-json\/wp\/v2\/giftcard-category?post=53767"}],"curies":[{"name":"wp","href":"https:\/\/api.w.org\/{rel}","templated":true}]}}