{"id":53799,"date":"2025-10-17T13:56:54","date_gmt":"2025-10-17T13:56:54","guid":{"rendered":"https:\/\/skinstudio.ee\/?post_type=product&#038;p=53799"},"modified":"2026-01-22T15:04:08","modified_gmt":"2026-01-22T15:04:08","slug":"daily-dynamic-hydrator","status":"publish","type":"product","link":"https:\/\/skinstudio.ee\/lt\/catalog\/is-clinical\/daily-dynamic-hydrator\/","title":{"rendered":"Daily Dynamic Hydrator"},"content":{"rendered":"<p data-start=\"1941\" data-end=\"2345\">I\u0161manus naujos kartos dr\u0117kinamasis kremas, sukurtas giliam dr\u0117kinimui, odos stiprinimui ir apsaugai nuo kasdienio aplinkos streso. iS Clinical Daily Dynamic Hydrator suteikia trigub\u0105 poveik\u012f \u2013 intensyviai dr\u0117kina, stangrina ir stiprina odos barjer\u0105, padedant jai i\u0161laikyti jaunatvi\u0161k\u0105 gaivum\u0105. Unikali <strong data-start=\"2243\" data-end=\"2267\">GeneXC\u00ae technologija<\/strong> aktyvina l\u0105steli\u0173 atsinaujinimo procesus ir saugo od\u0105 molekuliniu lygmeniu.<\/p>\n<p data-start=\"2347\" data-end=\"2505\">Formul\u0117 sujungia C vitamin\u0105, peptidus, ekstremozimus\u00ae ir egzosomas, kurie veikia sinergi\u0161kai, atkurdami odos pusiausvyr\u0105 ir suteikdami jai sveik\u0105 \u0161vyt\u0117jim\u0105.<\/p>\n<ul>\n<li data-start=\"2507\" data-end=\"2962\"><strong data-start=\"2507\" data-end=\"2527\">Gilus dr\u0117kinimas<\/strong> \u2013 natrio hialuronatas ir glicerinas suteikia ilgalaik\u012f dr\u0117kinim\u0105 ir pastebim\u0105 stangrum\u0105.<\/li>\n<li data-start=\"2507\" data-end=\"2962\"><strong data-start=\"2619\" data-end=\"2653\">Barjero stiprinimas ir apsauga<\/strong> \u2013 ekstremozimai\u00ae saugo l\u0105steli\u0173 DNR nuo oksidacinio streso ir aplinkos poveikio.<\/li>\n<li data-start=\"2507\" data-end=\"2962\"><strong data-start=\"2737\" data-end=\"2767\">Stangrumas ir elastingumas<\/strong> \u2013 peptidai ir egzosomos stimuliuoja kolageno gamyb\u0105, gerindami odos tank\u012f ir glotnum\u0105.<\/li>\n<li data-start=\"2507\" data-end=\"2962\"><strong data-start=\"2857\" data-end=\"2882\">\u0160vyt\u0117jimas ir apsauga<\/strong> \u2013 vitaminas C ma\u017eina pilkum\u0105, gerina ton\u0105 ir stiprina odos atsparum\u0105 stresui.<\/li>\n<\/ul>\n<p data-start=\"2964\" data-end=\"3053\">Rezultatas \u2013 giliai sudr\u0117kinta, stangresn\u0117, lygesn\u0117 ir \u0161vytinti oda su kiekviena diena.<\/p>\n<p data-start=\"3055\" data-end=\"3072\"><strong data-start=\"3055\" data-end=\"3065\">T\u016bris:<\/strong> 50 g<\/p>\n","protected":false},"excerpt":{"rendered":"<p data-start=\"3235\" data-end=\"3280\">Dr\u0117kinamasis kremas su GeneXC\u00ae technologija<\/p>\n<h2 data-start=\"3282\" data-end=\"3625\"><strong data-start=\"3282\" data-end=\"3330\">iS Clinical &#8211; Daily Dynamic Hydrator savyb\u0117s<\/strong><\/h2>\n<p data-start=\"3282\" data-end=\"3625\">\u2714\ufe0f Giliai dr\u0117kina ir padeda i\u0161laikyti dr\u0117gm\u0117s balans\u0105<br data-start=\"3386\" data-end=\"3389\" \/>\u2714\ufe0f Stiprina apsaugin\u012f barjer\u0105 ir saugo nuo aplinkos streso<br data-start=\"3447\" data-end=\"3450\" \/>\u2714\ufe0f Skatina kolageno gamyb\u0105 ir gerina odos elastingum\u0105<br data-start=\"3503\" data-end=\"3506\" \/>\u2714\ufe0f Pagerina odos ton\u0105 ir suteikia sveik\u0105 spindes\u012f<br data-start=\"3555\" data-end=\"3558\" \/>\u2714\ufe0f Apsaugo l\u0105steles nuo pa\u017eeidim\u0173 d\u0117l ekstremozim\u0173\u00ae ir vitamino C<\/p>\n<hr data-start=\"3699\" data-end=\"3702\" \/>\n","protected":false},"featured_media":53780,"template":"","meta":[],"pwb-brand":[1180],"product_brand":[],"product_cat":[738,752,740,750,730],"product_tag":[],"giftcard-category":[],"class_list":{"0":"post-53799","1":"product","2":"type-product","3":"status-publish","4":"has-post-thumbnail","6":"pwb-brand-is-clinical","7":"product_cat-drekinimas","8":"product_cat-pigmentacija-lt","9":"product_cat-sausai-odai","10":"product_cat-senstanti-oda","11":"product_cat-vitaminas-c","13":"first","14":"instock","15":"taxable","16":"shipping-taxable","17":"purchasable","18":"product-type-simple"},"acf":[],"brands":[{"id":1180,"name":"IS CLINICAL","slug":"is-clinical"}],"_links":{"self":[{"href":"https:\/\/skinstudio.ee\/lt\/wp-json\/wp\/v2\/product\/53799","targetHints":{"allow":["GET"]}}],"collection":[{"href":"https:\/\/skinstudio.ee\/lt\/wp-json\/wp\/v2\/product"}],"about":[{"href":"https:\/\/skinstudio.ee\/lt\/wp-json\/wp\/v2\/types\/product"}],"version-history":[{"count":0,"href":"https:\/\/skinstudio.ee\/lt\/wp-json\/wp\/v2\/product\/53799\/revisions"}],"wp:featuredmedia":[{"embeddable":true,"href":"https:\/\/skinstudio.ee\/lt\/wp-json\/wp\/v2\/media\/53780"}],"wp:attachment":[{"href":"https:\/\/skinstudio.ee\/lt\/wp-json\/wp\/v2\/media?parent=53799"}],"wp:term":[{"taxonomy":"pwb-brand","embeddable":true,"href":"https:\/\/skinstudio.ee\/lt\/wp-json\/wp\/v2\/pwb-brand?post=53799"},{"taxonomy":"product_brand","embeddable":true,"href":"https:\/\/skinstudio.ee\/lt\/wp-json\/wp\/v2\/product_brand?post=53799"},{"taxonomy":"product_cat","embeddable":true,"href":"https:\/\/skinstudio.ee\/lt\/wp-json\/wp\/v2\/product_cat?post=53799"},{"taxonomy":"product_tag","embeddable":true,"href":"https:\/\/skinstudio.ee\/lt\/wp-json\/wp\/v2\/product_tag?post=53799"},{"taxonomy":"giftcard-category","embeddable":true,"href":"https:\/\/skinstudio.ee\/lt\/wp-json\/wp\/v2\/giftcard-category?post=53799"}],"curies":[{"name":"wp","href":"https:\/\/api.w.org\/{rel}","templated":true}]}}