{"id":53827,"date":"2025-10-18T10:27:47","date_gmt":"2025-10-18T10:27:47","guid":{"rendered":"https:\/\/skinstudio.ee\/?post_type=product&#038;p=53827"},"modified":"2025-12-30T17:05:45","modified_gmt":"2025-12-30T17:05:45","slug":"txa-brightening-complex","status":"publish","type":"product","link":"https:\/\/skinstudio.ee\/lt\/catalog\/noon-aesthetics\/txa-brightening-complex\/","title":{"rendered":"TXA-Brightening Complex"},"content":{"rendered":"<p data-start=\"2074\" data-end=\"2502\">Didelio veiksmingumo serumas odos \u0161viesinimui ir tono suvienodinimui. Noon Aesthetics TXA-Brightening Complex sujungia <strong data-start=\"2193\" data-end=\"2218\">10% traneksamo r\u016bg\u0161t\u012f<\/strong> su galingais antioksidantais ir prie\u0161u\u017edegiminiais komponentais, veikdamas visus hiperpigmentacijos etapus \u2013 nuo kraujagysli\u0173 veiksni\u0173 iki per didel\u0117s melanino gamybos. Jis veiksmingai ma\u017eina tamsias d\u0117mes ir neleid\u017eia joms pasikartoti, atkuriant odos skaistum\u0105 ir tolyg\u0173 atspalv\u012f.<\/p>\n<p data-start=\"2504\" data-end=\"3063\">Subalansuota formul\u0117 su peptidais, dipotassium glycyrrhizinate ir <strong data-start=\"2570\" data-end=\"2594\">98% grynu glabridinu<\/strong> ramina, ma\u017eina u\u017edegim\u0105 ir skatina odos atsinaujinim\u0105. Inkapsuliuotas vitaminas C (Ascorbyl Propyl Hyaluronate) u\u017etikrina antioksidacin\u0119 apsaug\u0105 ir sustiprina \u0161viesinant\u012f poveik\u012f, o <strong data-start=\"2777\" data-end=\"2828\">ma\u017eos molekulin\u0117s mas\u0117s hialurono r\u016bg\u0161tis (11D)<\/strong> suteikia gil\u0173 dr\u0117kinim\u0105 ir pagerina veikli\u0173j\u0173 med\u017eiag\u0173 \u012fsisavinim\u0105. Augalini\u0173 ekstrakt\u0173 kompleksas \u2013 <strong data-start=\"2930\" data-end=\"2997\">morus alba, scutellaria lateriflora, hydrangea ir resveratrolis<\/strong> \u2013 sustiprina bendr\u0105 poveik\u012f, oda tampa lygi, skaisti ir tolygi.<\/p>\n<p data-start=\"3065\" data-end=\"3282\">TXA-Brightening Complex rekomenduojamas kasdieniam naudojimui esamai pigmentacijai ma\u017einti ir odos paruo\u0161imui prie\u0161 profesionalias proced\u016bras, siekiant suma\u017einti po u\u017edegimo atsirandan\u010dios hiperpigmentacijos rizik\u0105.<\/p>\n<p data-start=\"3284\" data-end=\"3302\"><strong data-start=\"3284\" data-end=\"3294\">T\u016bris:<\/strong> 15 ml<\/p>\n","protected":false},"excerpt":{"rendered":"<p data-start=\"3486\" data-end=\"3533\">\u0160viesinantis serumas pigmentacijos korekcijai<\/p>\n<h2 data-start=\"3535\" data-end=\"3864\"><strong data-start=\"3535\" data-end=\"3588\">Noon Aesthetics &#8211; TXA-Brightening Complex savyb\u0117s<\/strong><\/h2>\n<p data-start=\"3535\" data-end=\"3864\">\u2714\ufe0f Reguliuoja melanino gamyb\u0105 ir ma\u017eina hiperpigmentacij\u0105<br data-start=\"3648\" data-end=\"3651\" \/>\u2714\ufe0f Ma\u017eina tamsias d\u0117mes ir apsaugo nuo j\u0173 pasikartojimo<br data-start=\"3706\" data-end=\"3709\" \/>\u2714\ufe0f Ramina od\u0105 ir ma\u017eina u\u017edegim\u0105<br data-start=\"3741\" data-end=\"3744\" \/>\u2714\ufe0f Gerina odos \u0161vyt\u0117jim\u0105 ir tekst\u016br\u0105 su vitaminu C ir peptidais<br data-start=\"3807\" data-end=\"3810\" \/>\u2714\ufe0f Suteikia antioksidacin\u0119 apsaug\u0105 ir gil\u0173 dr\u0117kinim\u0105<\/p>\n","protected":false},"featured_media":53819,"template":"","meta":[],"pwb-brand":[791],"product_brand":[],"product_cat":[1150,752,750,724,730],"product_tag":[],"giftcard-category":[],"class_list":{"0":"post-53827","1":"product","2":"type-product","3":"status-publish","4":"has-post-thumbnail","6":"pwb-brand-noon-aesthetics","7":"product_cat-noon-aesthetics-lt","8":"product_cat-pigmentacija-lt","9":"product_cat-senstanti-oda","10":"product_cat-serumai","11":"product_cat-vitaminas-c","13":"first","14":"instock","15":"taxable","16":"shipping-taxable","17":"purchasable","18":"product-type-simple"},"acf":[],"brands":[{"id":791,"name":"NOON Aesthetics","slug":"noon-aesthetics"}],"_links":{"self":[{"href":"https:\/\/skinstudio.ee\/lt\/wp-json\/wp\/v2\/product\/53827","targetHints":{"allow":["GET"]}}],"collection":[{"href":"https:\/\/skinstudio.ee\/lt\/wp-json\/wp\/v2\/product"}],"about":[{"href":"https:\/\/skinstudio.ee\/lt\/wp-json\/wp\/v2\/types\/product"}],"version-history":[{"count":0,"href":"https:\/\/skinstudio.ee\/lt\/wp-json\/wp\/v2\/product\/53827\/revisions"}],"wp:featuredmedia":[{"embeddable":true,"href":"https:\/\/skinstudio.ee\/lt\/wp-json\/wp\/v2\/media\/53819"}],"wp:attachment":[{"href":"https:\/\/skinstudio.ee\/lt\/wp-json\/wp\/v2\/media?parent=53827"}],"wp:term":[{"taxonomy":"pwb-brand","embeddable":true,"href":"https:\/\/skinstudio.ee\/lt\/wp-json\/wp\/v2\/pwb-brand?post=53827"},{"taxonomy":"product_brand","embeddable":true,"href":"https:\/\/skinstudio.ee\/lt\/wp-json\/wp\/v2\/product_brand?post=53827"},{"taxonomy":"product_cat","embeddable":true,"href":"https:\/\/skinstudio.ee\/lt\/wp-json\/wp\/v2\/product_cat?post=53827"},{"taxonomy":"product_tag","embeddable":true,"href":"https:\/\/skinstudio.ee\/lt\/wp-json\/wp\/v2\/product_tag?post=53827"},{"taxonomy":"giftcard-category","embeddable":true,"href":"https:\/\/skinstudio.ee\/lt\/wp-json\/wp\/v2\/giftcard-category?post=53827"}],"curies":[{"name":"wp","href":"https:\/\/api.w.org\/{rel}","templated":true}]}}