{"id":53842,"date":"2025-10-18T10:45:03","date_gmt":"2025-10-18T10:45:03","guid":{"rendered":"https:\/\/skinstudio.ee\/?post_type=product&#038;p=53842"},"modified":"2025-12-30T17:05:45","modified_gmt":"2025-12-30T17:05:45","slug":"nam-brightening-complex","status":"publish","type":"product","link":"https:\/\/skinstudio.ee\/lt\/catalog\/noon-aesthetics\/nam-brightening-complex\/","title":{"rendered":"Nam-Brightening Complex"},"content":{"rendered":"<p data-start=\"1670\" data-end=\"2033\">\u0160iuolaikinis \u0161viesinamasis serumas, atkuriantis odos spindes\u012f ir tolyg\u0173 atspalv\u012f. <strong data-start=\"1752\" data-end=\"1795\">Noon Aesthetics NAM-Brightening Complex<\/strong> padeda kovoti su pigmentacija, kuri\u0105 sukelia u\u017edegimas, stresas ir po akn\u0117s likusios d\u0117m\u0117s. Galingas <strong data-start=\"1897\" data-end=\"1946\">20% niacinamido ir N-acetilgliukozamino (NAG)<\/strong> derinys veikia sinergi\u0161kai \u2013 \u0161viesina od\u0105, ma\u017eina paraudim\u0105 ir gerina jos skaidrum\u0105.<\/p>\n<p data-start=\"2035\" data-end=\"2357\">\u0160is daugiafunkcis serumas vienu metu tolygina atspalv\u012f, ramina sudirgim\u0105, stiprina apsaugin\u012f barjer\u0105 ir suteikia sveik\u0105 \u0161vyt\u0117jim\u0105. <strong data-start=\"2166\" data-end=\"2221\">Morus Alba, Scutellaria, Hydrangea ir Resveratrolio<\/strong> augal\u0173 ekstraktai sustiprina \u0161viesinam\u0105j\u012f poveik\u012f, o <strong data-start=\"2275\" data-end=\"2311\">vitaminas C ir hialurono r\u016bg\u0161tis<\/strong> suteikia odai dr\u0117gm\u0117s, \u0161velnumo ir gaivumo.<\/p>\n<p data-start=\"2359\" data-end=\"2462\">Tinka vis\u0173 tip\u0173 odai, ypa\u010d pilkai, netolygiai ar linkusiai \u012f ro\u017ein\u0119 bei po akn\u0117s likusiems p\u0117dsakams.<\/p>\n<p data-start=\"2464\" data-end=\"2482\"><strong data-start=\"2464\" data-end=\"2474\">T\u016bris:<\/strong> 15 ml<\/p>\n","protected":false},"excerpt":{"rendered":"<p data-start=\"2646\" data-end=\"2698\">\u0160viesinamasis serumas spindin\u010diai ir tolygiai odai<\/p>\n<h2 data-start=\"2700\" data-end=\"2968\"><strong data-start=\"2700\" data-end=\"2753\">Noon Aesthetics &#8211; NAM-Brightening Complex savyb\u0117s<\/strong><\/h2>\n<p data-start=\"2700\" data-end=\"2968\">\u2714\ufe0f \u0160viesina ir tolygina odos atspalv\u012f<br data-start=\"2793\" data-end=\"2796\" \/>\u2714\ufe0f Ma\u017eina tamsias d\u0117mes ir akn\u0117s p\u0117dsakus<br data-start=\"2837\" data-end=\"2840\" \/>\u2714\ufe0f Ramina paraudim\u0105 ir sudirgim\u0105<br data-start=\"2872\" data-end=\"2875\" \/>\u2714\ufe0f Atkuria odos \u0161vyt\u0117jim\u0105 ir gaivum\u0105<br data-start=\"2911\" data-end=\"2914\" \/>\u2714\ufe0f Stiprina apsaugin\u012f barjer\u0105 ir intensyviai dr\u0117kina<\/p>\n","protected":false},"featured_media":53834,"template":"","meta":[],"pwb-brand":[791],"product_brand":[],"product_cat":[742,1150,752,750,730],"product_tag":[],"giftcard-category":[],"class_list":{"0":"post-53842","1":"product","2":"type-product","3":"status-publish","4":"has-post-thumbnail","6":"pwb-brand-noon-aesthetics","7":"product_cat-berimai","8":"product_cat-noon-aesthetics-lt","9":"product_cat-pigmentacija-lt","10":"product_cat-senstanti-oda","11":"product_cat-vitaminas-c","13":"first","14":"instock","15":"taxable","16":"shipping-taxable","17":"purchasable","18":"product-type-simple"},"acf":[],"brands":[{"id":791,"name":"NOON Aesthetics","slug":"noon-aesthetics"}],"_links":{"self":[{"href":"https:\/\/skinstudio.ee\/lt\/wp-json\/wp\/v2\/product\/53842","targetHints":{"allow":["GET"]}}],"collection":[{"href":"https:\/\/skinstudio.ee\/lt\/wp-json\/wp\/v2\/product"}],"about":[{"href":"https:\/\/skinstudio.ee\/lt\/wp-json\/wp\/v2\/types\/product"}],"version-history":[{"count":0,"href":"https:\/\/skinstudio.ee\/lt\/wp-json\/wp\/v2\/product\/53842\/revisions"}],"wp:featuredmedia":[{"embeddable":true,"href":"https:\/\/skinstudio.ee\/lt\/wp-json\/wp\/v2\/media\/53834"}],"wp:attachment":[{"href":"https:\/\/skinstudio.ee\/lt\/wp-json\/wp\/v2\/media?parent=53842"}],"wp:term":[{"taxonomy":"pwb-brand","embeddable":true,"href":"https:\/\/skinstudio.ee\/lt\/wp-json\/wp\/v2\/pwb-brand?post=53842"},{"taxonomy":"product_brand","embeddable":true,"href":"https:\/\/skinstudio.ee\/lt\/wp-json\/wp\/v2\/product_brand?post=53842"},{"taxonomy":"product_cat","embeddable":true,"href":"https:\/\/skinstudio.ee\/lt\/wp-json\/wp\/v2\/product_cat?post=53842"},{"taxonomy":"product_tag","embeddable":true,"href":"https:\/\/skinstudio.ee\/lt\/wp-json\/wp\/v2\/product_tag?post=53842"},{"taxonomy":"giftcard-category","embeddable":true,"href":"https:\/\/skinstudio.ee\/lt\/wp-json\/wp\/v2\/giftcard-category?post=53842"}],"curies":[{"name":"wp","href":"https:\/\/api.w.org\/{rel}","templated":true}]}}