{"id":53859,"date":"2025-10-18T11:09:06","date_gmt":"2025-10-18T11:09:06","guid":{"rendered":"https:\/\/skinstudio.ee\/?post_type=product&#038;p=53859"},"modified":"2025-12-30T17:05:45","modified_gmt":"2025-12-30T17:05:45","slug":"acno-complex-ampoule","status":"publish","type":"product","link":"https:\/\/skinstudio.ee\/lt\/catalog\/noon-aesthetics\/acno-complex-ampoule\/","title":{"rendered":"AcNo Complex"},"content":{"rendered":"<p data-start=\"1446\" data-end=\"1783\">Kompleksinis serumas probleminei, u\u017edegiminei ir jautriai odai. <strong data-start=\"1510\" data-end=\"1550\">Noon Aesthetics AcNo Complex Ampoule<\/strong> u\u017etikrina visapusi\u0161k\u0105 po\u017ei\u016br\u012f kovojant su u\u017edegimu, sudirgimu ir akne. Jis ne tik greitai suma\u017eina paraudim\u0105 ir diskomfort\u0105, bet ir ilgainiui atkuria odos apsaugin\u012f barjer\u0105, subalansuoja riebal\u0173 i\u0161siskyrim\u0105 ir stiprina mikrobiom\u0105.<\/p>\n<p data-start=\"1785\" data-end=\"2027\">Serumas ma\u017eina akn\u0119 sukelian\u010di\u0173 bakterij\u0173 aktyvum\u0105, ma\u017eina odos jautrum\u0105 i\u0161oriniams veiksniams ir padeda i\u0161vengti pasikartojan\u010di\u0173 u\u017edegim\u0173. Reguliariai naudojant, oda tampa \u0161varesn\u0117, lygesn\u0117 ir atsparesn\u0117 stresui bei temperat\u016bros poky\u010diams.<\/p>\n<p data-start=\"2029\" data-end=\"2047\"><strong data-start=\"2029\" data-end=\"2039\">T\u016bris:<\/strong> 15 ml<\/p>\n","protected":false},"excerpt":{"rendered":"<p data-start=\"2225\" data-end=\"2263\">Raminamasis serumas probleminei odai<\/p>\n<h2 data-start=\"2265\" data-end=\"2605\"><strong data-start=\"2265\" data-end=\"2315\">Noon Aesthetics &#8211; AcNo Complex savyb\u0117s<\/strong><\/h2>\n<p data-start=\"2265\" data-end=\"2605\">\u2714\ufe0f Ramina u\u017edegim\u0105 ir ma\u017eina paraudim\u0105<br data-start=\"2356\" data-end=\"2359\" \/>\u2714\ufe0f Ma\u017eina akn\u0117s bakterij\u0173 aktyvum\u0105 ir reguliuoja riebal\u0173 gamyb\u0105<br data-start=\"2422\" data-end=\"2425\" \/>\u2714\ufe0f Atkuria apsaugin\u012f barjer\u0105 ir mikrobiomos pusiausvyr\u0105<br data-start=\"2480\" data-end=\"2483\" \/>\u2714\ufe0f Didina odos atsparum\u0105 stresui ir temperat\u016bros poky\u010diams<br data-start=\"2541\" data-end=\"2544\" \/>\u2714\ufe0f Padeda i\u0161vengti nauj\u0173 u\u017edegim\u0173 ir po akn\u0117s likusi\u0173 \u017eymi\u0173<\/p>\n","protected":false},"featured_media":53850,"template":"","meta":[],"pwb-brand":[791],"product_brand":[],"product_cat":[742,746,1150,724,748],"product_tag":[],"giftcard-category":[],"class_list":{"0":"post-53859","1":"product","2":"type-product","3":"status-publish","4":"has-post-thumbnail","6":"pwb-brand-noon-aesthetics","7":"product_cat-berimai","8":"product_cat-jautriai-odai","9":"product_cat-noon-aesthetics-lt","10":"product_cat-serumai","11":"product_cat-taukainai-adai-lt","13":"first","14":"instock","15":"taxable","16":"shipping-taxable","17":"purchasable","18":"product-type-simple"},"acf":[],"brands":[{"id":791,"name":"NOON Aesthetics","slug":"noon-aesthetics"}],"_links":{"self":[{"href":"https:\/\/skinstudio.ee\/lt\/wp-json\/wp\/v2\/product\/53859","targetHints":{"allow":["GET"]}}],"collection":[{"href":"https:\/\/skinstudio.ee\/lt\/wp-json\/wp\/v2\/product"}],"about":[{"href":"https:\/\/skinstudio.ee\/lt\/wp-json\/wp\/v2\/types\/product"}],"version-history":[{"count":0,"href":"https:\/\/skinstudio.ee\/lt\/wp-json\/wp\/v2\/product\/53859\/revisions"}],"wp:featuredmedia":[{"embeddable":true,"href":"https:\/\/skinstudio.ee\/lt\/wp-json\/wp\/v2\/media\/53850"}],"wp:attachment":[{"href":"https:\/\/skinstudio.ee\/lt\/wp-json\/wp\/v2\/media?parent=53859"}],"wp:term":[{"taxonomy":"pwb-brand","embeddable":true,"href":"https:\/\/skinstudio.ee\/lt\/wp-json\/wp\/v2\/pwb-brand?post=53859"},{"taxonomy":"product_brand","embeddable":true,"href":"https:\/\/skinstudio.ee\/lt\/wp-json\/wp\/v2\/product_brand?post=53859"},{"taxonomy":"product_cat","embeddable":true,"href":"https:\/\/skinstudio.ee\/lt\/wp-json\/wp\/v2\/product_cat?post=53859"},{"taxonomy":"product_tag","embeddable":true,"href":"https:\/\/skinstudio.ee\/lt\/wp-json\/wp\/v2\/product_tag?post=53859"},{"taxonomy":"giftcard-category","embeddable":true,"href":"https:\/\/skinstudio.ee\/lt\/wp-json\/wp\/v2\/giftcard-category?post=53859"}],"curies":[{"name":"wp","href":"https:\/\/api.w.org\/{rel}","templated":true}]}}