{"id":53876,"date":"2025-10-18T11:17:52","date_gmt":"2025-10-18T11:17:52","guid":{"rendered":"https:\/\/skinstudio.ee\/?post_type=product&#038;p=53876"},"modified":"2025-12-30T17:05:45","modified_gmt":"2025-12-30T17:05:45","slug":"antioxidant-complex","status":"publish","type":"product","link":"https:\/\/skinstudio.ee\/lt\/catalog\/noon-aesthetics\/antioxidant-complex\/","title":{"rendered":"Antioxidant Complex"},"content":{"rendered":"<p data-start=\"1451\" data-end=\"1713\">Intensyvus antioksidantinis serumas odos atk\u016brimui, apsaugai ir \u0161vyt\u0117jimui. <strong data-start=\"1527\" data-end=\"1566\">Noon Aesthetics Antioxidant Complex <\/strong>neutralizuoja laisvuosius radikalus, saugo kolagen\u0105 ir kapiliarus, stiprina odos barjer\u0105 ir padeda grei\u010diau atsistatyti po kosmetini\u0173 proced\u016br\u0173.<\/p>\n<p data-start=\"1715\" data-end=\"2048\">Trys galingi antioksidantai veikia sinergi\u0161kai \u2013 stiprina kapiliarus, ma\u017eina u\u017edegim\u0105, apsaugo l\u0105steles nuo pa\u017eeidim\u0173 ir padeda i\u0161vengti fotosen\u0117jimo. Serumas ma\u017eina UV spinduli\u0173, streso ir tar\u0161os poveik\u012f, padeda odai i\u0161likti elastingai, lygiai ir \u0161vytin\u010diai. Tinka naudoti po profesionali\u0173 proced\u016br\u0173 ir kasdieniame nam\u0173 naudojime.<\/p>\n<p data-start=\"2050\" data-end=\"2068\"><strong data-start=\"2050\" data-end=\"2060\">T\u016bris:<\/strong> 15 ml<\/p>\n","protected":false},"excerpt":{"rendered":"<p data-start=\"2225\" data-end=\"2279\">Antioksidantinis serumas odos apsaugai ir \u0161vyt\u0117jimui<\/p>\n<h2 data-start=\"2281\" data-end=\"2617\"><strong data-start=\"2281\" data-end=\"2330\">Noon Aesthetics &#8211; Antioxidant Complex savyb\u0117s<\/strong><\/h2>\n<p data-start=\"2281\" data-end=\"2617\">\u2714\ufe0f Neutralizuoja laisvuosius radikalus ir apsaugo l\u0105steles nuo pa\u017eeidim\u0173<br data-start=\"2405\" data-end=\"2408\" \/>\u2714\ufe0f Stiprina kapiliarus ir ma\u017eina u\u017edegim\u0105<br data-start=\"2449\" data-end=\"2452\" \/>\u2714\ufe0f I\u0161saugo kolageno strukt\u016br\u0105 ir pagerina odos stangrum\u0105<br data-start=\"2508\" data-end=\"2511\" \/>\u2714\ufe0f Ma\u017eina UV spinduli\u0173 ir tar\u0161os poveik\u012f<br data-start=\"2551\" data-end=\"2554\" \/>\u2714\ufe0f Paspartina odos atsinaujinim\u0105 ir suteikia sveik\u0105 \u0161vyt\u0117jim\u0105<\/p>\n","protected":false},"featured_media":66366,"template":"","meta":[],"pwb-brand":[791],"product_brand":[],"product_cat":[1150,752,750,724],"product_tag":[],"giftcard-category":[],"class_list":{"0":"post-53876","1":"product","2":"type-product","3":"status-publish","4":"has-post-thumbnail","6":"pwb-brand-noon-aesthetics","7":"product_cat-noon-aesthetics-lt","8":"product_cat-pigmentacija-lt","9":"product_cat-senstanti-oda","10":"product_cat-serumai","12":"first","13":"instock","14":"taxable","15":"shipping-taxable","16":"purchasable","17":"product-type-simple"},"acf":[],"brands":[{"id":791,"name":"NOON Aesthetics","slug":"noon-aesthetics"}],"_links":{"self":[{"href":"https:\/\/skinstudio.ee\/lt\/wp-json\/wp\/v2\/product\/53876","targetHints":{"allow":["GET"]}}],"collection":[{"href":"https:\/\/skinstudio.ee\/lt\/wp-json\/wp\/v2\/product"}],"about":[{"href":"https:\/\/skinstudio.ee\/lt\/wp-json\/wp\/v2\/types\/product"}],"version-history":[{"count":0,"href":"https:\/\/skinstudio.ee\/lt\/wp-json\/wp\/v2\/product\/53876\/revisions"}],"wp:featuredmedia":[{"embeddable":true,"href":"https:\/\/skinstudio.ee\/lt\/wp-json\/wp\/v2\/media\/66366"}],"wp:attachment":[{"href":"https:\/\/skinstudio.ee\/lt\/wp-json\/wp\/v2\/media?parent=53876"}],"wp:term":[{"taxonomy":"pwb-brand","embeddable":true,"href":"https:\/\/skinstudio.ee\/lt\/wp-json\/wp\/v2\/pwb-brand?post=53876"},{"taxonomy":"product_brand","embeddable":true,"href":"https:\/\/skinstudio.ee\/lt\/wp-json\/wp\/v2\/product_brand?post=53876"},{"taxonomy":"product_cat","embeddable":true,"href":"https:\/\/skinstudio.ee\/lt\/wp-json\/wp\/v2\/product_cat?post=53876"},{"taxonomy":"product_tag","embeddable":true,"href":"https:\/\/skinstudio.ee\/lt\/wp-json\/wp\/v2\/product_tag?post=53876"},{"taxonomy":"giftcard-category","embeddable":true,"href":"https:\/\/skinstudio.ee\/lt\/wp-json\/wp\/v2\/giftcard-category?post=53876"}],"curies":[{"name":"wp","href":"https:\/\/api.w.org\/{rel}","templated":true}]}}