{"id":53891,"date":"2025-10-18T11:25:45","date_gmt":"2025-10-18T11:25:45","guid":{"rendered":"https:\/\/skinstudio.ee\/?post_type=product&#038;p=53891"},"modified":"2025-12-30T17:05:45","modified_gmt":"2025-12-30T17:05:45","slug":"anti-aging-peptide-complex","status":"publish","type":"product","link":"https:\/\/skinstudio.ee\/lt\/catalog\/noon-aesthetics\/anti-aging-peptide-complex\/","title":{"rendered":"Anti-Aging Peptide Complex"},"content":{"rendered":"<p data-start=\"1399\" data-end=\"1743\">Atjauninamasis peptid\u0173 serumas, skirtas odos stangrumui ir tankumui pagerinti. <strong data-start=\"1478\" data-end=\"1524\">Noon Aesthetics Anti-Aging Peptide Complex<\/strong> sujungia itin veiksmingus biomimetinius peptidus, kurie aktyvina odos atsinaujinimo procesus, stiprina dermos matric\u0105 ir gerina odos strukt\u016br\u0105. Formul\u0117 padeda atkurti elastingum\u0105, stangrum\u0105 ir ry\u0161kius veido kont\u016brus.<\/p>\n<p data-start=\"1745\" data-end=\"2045\">D\u0117l galingo peptid\u0173 komplekso serumas skatina kolageno ir elastino sintez\u0119, palaiko nat\u016bral\u0173 audini\u0173 tankum\u0105 ir suteikia stangrinant\u012f efekt\u0105 be tempimo poj\u016b\u010dio. Tinka kasdieninei prie\u017ei\u016brai ir odos atk\u016brimui po kosmetini\u0173 proced\u016br\u0173. Reguliariai naudojant oda tampa lygesn\u0117, tvirtesn\u0117 ir stangresn\u0117.<\/p>\n<p data-start=\"2047\" data-end=\"2065\"><strong data-start=\"2047\" data-end=\"2057\">T\u016bris:<\/strong> 15 ml<\/p>\n","protected":false},"excerpt":{"rendered":"<p data-start=\"2209\" data-end=\"2260\">Peptid\u0173 serumas odos stangrumui ir jaunatvi\u0161kumui<\/p>\n<h2 data-start=\"2262\" data-end=\"2546\"><strong data-start=\"2262\" data-end=\"2318\">Noon Aesthetics &#8211; Anti-Aging Peptide Complex savyb\u0117s<\/strong><\/h2>\n<p data-start=\"2262\" data-end=\"2546\">\u2714\ufe0f Didina odos elastingum\u0105 ir tankum\u0105<br data-start=\"2358\" data-end=\"2361\" \/>\u2714\ufe0f Skatina kolageno ir elastino sintez\u0119<br data-start=\"2400\" data-end=\"2403\" \/>\u2714\ufe0f Stiprina dermos matric\u0105 ir gerina odos strukt\u016br\u0105<br data-start=\"2454\" data-end=\"2457\" \/>\u2714\ufe0f Lygina ir stangrina veido kont\u016brus<br data-start=\"2494\" data-end=\"2497\" \/>\u2714\ufe0f Tinka kasdieninei ir po proced\u016br\u0173 prie\u017ei\u016brai<\/p>\n","protected":false},"featured_media":53883,"template":"","meta":[],"pwb-brand":[791],"product_brand":[],"product_cat":[1150,750,724],"product_tag":[],"giftcard-category":[],"class_list":{"0":"post-53891","1":"product","2":"type-product","3":"status-publish","4":"has-post-thumbnail","6":"pwb-brand-noon-aesthetics","7":"product_cat-noon-aesthetics-lt","8":"product_cat-senstanti-oda","9":"product_cat-serumai","11":"first","12":"instock","13":"taxable","14":"shipping-taxable","15":"purchasable","16":"product-type-simple"},"acf":[],"brands":[{"id":791,"name":"NOON Aesthetics","slug":"noon-aesthetics"}],"_links":{"self":[{"href":"https:\/\/skinstudio.ee\/lt\/wp-json\/wp\/v2\/product\/53891","targetHints":{"allow":["GET"]}}],"collection":[{"href":"https:\/\/skinstudio.ee\/lt\/wp-json\/wp\/v2\/product"}],"about":[{"href":"https:\/\/skinstudio.ee\/lt\/wp-json\/wp\/v2\/types\/product"}],"version-history":[{"count":0,"href":"https:\/\/skinstudio.ee\/lt\/wp-json\/wp\/v2\/product\/53891\/revisions"}],"wp:featuredmedia":[{"embeddable":true,"href":"https:\/\/skinstudio.ee\/lt\/wp-json\/wp\/v2\/media\/53883"}],"wp:attachment":[{"href":"https:\/\/skinstudio.ee\/lt\/wp-json\/wp\/v2\/media?parent=53891"}],"wp:term":[{"taxonomy":"pwb-brand","embeddable":true,"href":"https:\/\/skinstudio.ee\/lt\/wp-json\/wp\/v2\/pwb-brand?post=53891"},{"taxonomy":"product_brand","embeddable":true,"href":"https:\/\/skinstudio.ee\/lt\/wp-json\/wp\/v2\/product_brand?post=53891"},{"taxonomy":"product_cat","embeddable":true,"href":"https:\/\/skinstudio.ee\/lt\/wp-json\/wp\/v2\/product_cat?post=53891"},{"taxonomy":"product_tag","embeddable":true,"href":"https:\/\/skinstudio.ee\/lt\/wp-json\/wp\/v2\/product_tag?post=53891"},{"taxonomy":"giftcard-category","embeddable":true,"href":"https:\/\/skinstudio.ee\/lt\/wp-json\/wp\/v2\/giftcard-category?post=53891"}],"curies":[{"name":"wp","href":"https:\/\/api.w.org\/{rel}","templated":true}]}}