{"id":53906,"date":"2025-10-18T11:34:07","date_gmt":"2025-10-18T11:34:07","guid":{"rendered":"https:\/\/skinstudio.ee\/?post_type=product&#038;p=53906"},"modified":"2025-12-30T17:05:46","modified_gmt":"2025-12-30T17:05:46","slug":"cys-brightening-complex","status":"publish","type":"product","link":"https:\/\/skinstudio.ee\/lt\/catalog\/noon-aesthetics\/cys-brightening-complex\/","title":{"rendered":"CYS-Brightening Complex"},"content":{"rendered":"<p data-start=\"2085\" data-end=\"2379\">Labai veiksmingas naujos kartos \u0161viesinamasis serumas. <strong data-start=\"2140\" data-end=\"2183\">Noon Aesthetics CYS-Brightening Complex<\/strong> sukurtas pagal inovatyvi\u0105 <strong data-start=\"2210\" data-end=\"2227\">MelanoShield\u2122<\/strong> technologij\u0105 (patentas pateiktas), kuri u\u017etikrina 6% cisteamino (Cysteamine HCl) veiksmingum\u0105 su minimaliu dirginimo pavojumi ir maksimaliu komfortu.<\/p>\n<p data-start=\"2381\" data-end=\"2822\">Formul\u0117je derinamas <strong data-start=\"2401\" data-end=\"2416\">cisteaminas<\/strong> ir <strong data-start=\"2420\" data-end=\"2439\">4% niacinamidas<\/strong>, kad b\u016bt\u0173 pasiektas visapusi\u0161kas odos \u0161viesinimo ir tono suvienodinimo rezult\u0101ts. Serumas veiksmingai kovoja su pigmentin\u0117mis d\u0117m\u0117mis, po u\u017edegimo atsiradusia hiperpigmentacija ir netolygiu atspalviu, tuo pa\u010diu stiprindamas kapiliarus ir gerindamas odos strukt\u016br\u0105. D\u0117l <strong data-start=\"2709\" data-end=\"2726\">MelanoShield\u2122<\/strong> technologijos produktas tinka net jautriai odai \u2013 jis veikia \u0161velniai, saugiai ir efektyviai.<\/p>\n<p data-start=\"2824\" data-end=\"3128\">Papildomai sud\u0117tis praturtinta <strong data-start=\"2855\" data-end=\"2907\">ma\u017eos molekulin\u0117s mas\u0117s hialurono r\u016bg\u0161timi (11D)<\/strong> ir <strong data-start=\"2911\" data-end=\"2939\">inkapsuliuotu vitaminu C<\/strong>, kurie sustiprina antioksidacin\u0119 apsaug\u0105, paspartina atsinaujinim\u0105 ir suteikia odai spindesio. <strong data-start=\"3035\" data-end=\"3045\">Ginkgo<\/strong> ir <strong data-start=\"3049\" data-end=\"3065\">trokserutino<\/strong> ekstraktai stiprina kapiliarus ir skatina odos regeneracij\u0105.<\/p>\n<p data-start=\"3130\" data-end=\"3148\"><strong data-start=\"3130\" data-end=\"3140\">T\u016bris:<\/strong> 15 ml<\/p>\n","protected":false},"excerpt":{"rendered":"<p data-start=\"3464\" data-end=\"3517\">\u0160viesinamasis serumas su MelanoShield\u2122 technologija<\/p>\n<h2 data-start=\"3519\" data-end=\"3891\"><strong data-start=\"3519\" data-end=\"3572\">Noon Aesthetics &#8211; CYS-Brightening Complex savyb\u0117s<\/strong><\/h2>\n<p data-start=\"3519\" data-end=\"3891\">\u2714\ufe0f Efektyviai \u0161viesina od\u0105 ir ma\u017eina ilgalaik\u0119 pigmentacij\u0105<br data-start=\"3634\" data-end=\"3637\" \/>\u2714\ufe0f U\u017etikrina \u0161veln\u0173 ir patog\u0173 naudojim\u0105 be sudirginimo<br data-start=\"3691\" data-end=\"3694\" \/>\u2714\ufe0f Ma\u017eina melanino aktyvum\u0105 ir neleid\u017eia atsirasti naujoms d\u0117m\u0117ms<br data-start=\"3759\" data-end=\"3762\" \/>\u2714\ufe0f Stiprina kapiliarus ir pagreitina odos atsinaujinim\u0105<br data-start=\"3817\" data-end=\"3820\" \/>\u2714\ufe0f Suteikia odai lygumo, tolygumo ir spindesio jau po keli\u0173 naudojim\u0173<\/p>\n","protected":false},"featured_media":53898,"template":"","meta":[],"pwb-brand":[791],"product_brand":[],"product_cat":[1150,752,724,730],"product_tag":[],"giftcard-category":[],"class_list":{"0":"post-53906","1":"product","2":"type-product","3":"status-publish","4":"has-post-thumbnail","6":"pwb-brand-noon-aesthetics","7":"product_cat-noon-aesthetics-lt","8":"product_cat-pigmentacija-lt","9":"product_cat-serumai","10":"product_cat-vitaminas-c","12":"first","13":"instock","14":"taxable","15":"shipping-taxable","16":"purchasable","17":"product-type-simple"},"acf":[],"brands":[{"id":791,"name":"NOON Aesthetics","slug":"noon-aesthetics"}],"_links":{"self":[{"href":"https:\/\/skinstudio.ee\/lt\/wp-json\/wp\/v2\/product\/53906","targetHints":{"allow":["GET"]}}],"collection":[{"href":"https:\/\/skinstudio.ee\/lt\/wp-json\/wp\/v2\/product"}],"about":[{"href":"https:\/\/skinstudio.ee\/lt\/wp-json\/wp\/v2\/types\/product"}],"version-history":[{"count":0,"href":"https:\/\/skinstudio.ee\/lt\/wp-json\/wp\/v2\/product\/53906\/revisions"}],"wp:featuredmedia":[{"embeddable":true,"href":"https:\/\/skinstudio.ee\/lt\/wp-json\/wp\/v2\/media\/53898"}],"wp:attachment":[{"href":"https:\/\/skinstudio.ee\/lt\/wp-json\/wp\/v2\/media?parent=53906"}],"wp:term":[{"taxonomy":"pwb-brand","embeddable":true,"href":"https:\/\/skinstudio.ee\/lt\/wp-json\/wp\/v2\/pwb-brand?post=53906"},{"taxonomy":"product_brand","embeddable":true,"href":"https:\/\/skinstudio.ee\/lt\/wp-json\/wp\/v2\/product_brand?post=53906"},{"taxonomy":"product_cat","embeddable":true,"href":"https:\/\/skinstudio.ee\/lt\/wp-json\/wp\/v2\/product_cat?post=53906"},{"taxonomy":"product_tag","embeddable":true,"href":"https:\/\/skinstudio.ee\/lt\/wp-json\/wp\/v2\/product_tag?post=53906"},{"taxonomy":"giftcard-category","embeddable":true,"href":"https:\/\/skinstudio.ee\/lt\/wp-json\/wp\/v2\/giftcard-category?post=53906"}],"curies":[{"name":"wp","href":"https:\/\/api.w.org\/{rel}","templated":true}]}}