{"id":53932,"date":"2025-10-18T11:46:40","date_gmt":"2025-10-18T11:46:40","guid":{"rendered":"https:\/\/skinstudio.ee\/?post_type=product&#038;p=53932"},"modified":"2025-12-30T17:05:46","modified_gmt":"2025-12-30T17:05:46","slug":"hydrocalming-vit-complex-2","status":"publish","type":"product","link":"https:\/\/skinstudio.ee\/lt\/catalog\/noon-aesthetics\/hydrocalming-vit-complex-2\/","title":{"rendered":"HydroCalming + Vit Complex"},"content":{"rendered":"<p data-start=\"1452\" data-end=\"1787\">Atkuriamasis serumas jautriai, sudirgusiai ir paraudusiai odai. <strong data-start=\"1516\" data-end=\"1562\">Noon Aesthetics HydroCalming + Vit Complex<\/strong> sukurtas greitam odos nuraminimui ir atk\u016brimui po kosmetini\u0173 proced\u016br\u0173 ar esant padid\u0117jusiam jautrumui. Priemon\u0117 ma\u017eina paraudim\u0105, nie\u017e\u0117jim\u0105 ir patinim\u0105, stiprina apsaugin\u012f barjer\u0105 ir pagreitina nat\u016bralius gijimo procesus.<\/p>\n<p data-start=\"1789\" data-end=\"2123\">Vitamin\u0173 ir raminan\u010di\u0173 komponent\u0173 praturtinta formul\u0117 padeda odai grei\u010diau atsistatyti po mikroadatinimo, piling\u0173 ar aparatini\u0173 proced\u016br\u0173. Serumas suma\u017eina po u\u017edegimo atsirandan\u010dios pigmentacijos rizik\u0105 ir suteikia odai komforto, \u0161velnumo bei tolyg\u0173 atspalv\u012f. Tinka naudoti tiek profesionaliai, tiek kasdien\u0117je prie\u017ei\u016broje namuose.<\/p>\n<p data-start=\"2125\" data-end=\"2143\"><strong data-start=\"2125\" data-end=\"2135\">T\u016bris:<\/strong> 15 ml<\/p>\n","protected":false},"excerpt":{"rendered":"<p data-start=\"2294\" data-end=\"2331\">Raminamasis serumas odos atstatymui<\/p>\n<h2 data-start=\"2333\" data-end=\"2664\"><strong data-start=\"2333\" data-end=\"2389\">Noon Aesthetics &#8211; HydroCalming + Vit Complex savyb\u0117s<\/strong><\/h2>\n<p data-start=\"2333\" data-end=\"2664\">\u2714\ufe0f Ramina sudirginim\u0105, paraudim\u0105 ir nie\u017e\u0117jim\u0105<br data-start=\"2437\" data-end=\"2440\" \/>\u2714\ufe0f Paspartina gijim\u0105 ir atsistatym\u0105 po proced\u016br\u0173<br data-start=\"2488\" data-end=\"2491\" \/>\u2714\ufe0f Sutrumpina atsistatymo laik\u0105 ir pagerina komfort\u0105<br data-start=\"2543\" data-end=\"2546\" \/>\u2714\ufe0f Padeda i\u0161vengti po u\u017edegimo atsirandan\u010dios pigmentacijos<br data-start=\"2605\" data-end=\"2608\" \/>\u2714\ufe0f Stiprina apsaugin\u012f barjer\u0105 ir atkuria odos \u0161velnum\u0105<\/p>\n","protected":false},"featured_media":54077,"template":"","meta":[],"pwb-brand":[791],"product_brand":[],"product_cat":[746,1150,724],"product_tag":[],"giftcard-category":[],"class_list":{"0":"post-53932","1":"product","2":"type-product","3":"status-publish","4":"has-post-thumbnail","6":"pwb-brand-noon-aesthetics","7":"product_cat-jautriai-odai","8":"product_cat-noon-aesthetics-lt","9":"product_cat-serumai","11":"first","12":"instock","13":"taxable","14":"shipping-taxable","15":"purchasable","16":"product-type-simple"},"acf":[],"brands":[{"id":791,"name":"NOON Aesthetics","slug":"noon-aesthetics"}],"_links":{"self":[{"href":"https:\/\/skinstudio.ee\/lt\/wp-json\/wp\/v2\/product\/53932","targetHints":{"allow":["GET"]}}],"collection":[{"href":"https:\/\/skinstudio.ee\/lt\/wp-json\/wp\/v2\/product"}],"about":[{"href":"https:\/\/skinstudio.ee\/lt\/wp-json\/wp\/v2\/types\/product"}],"version-history":[{"count":0,"href":"https:\/\/skinstudio.ee\/lt\/wp-json\/wp\/v2\/product\/53932\/revisions"}],"wp:featuredmedia":[{"embeddable":true,"href":"https:\/\/skinstudio.ee\/lt\/wp-json\/wp\/v2\/media\/54077"}],"wp:attachment":[{"href":"https:\/\/skinstudio.ee\/lt\/wp-json\/wp\/v2\/media?parent=53932"}],"wp:term":[{"taxonomy":"pwb-brand","embeddable":true,"href":"https:\/\/skinstudio.ee\/lt\/wp-json\/wp\/v2\/pwb-brand?post=53932"},{"taxonomy":"product_brand","embeddable":true,"href":"https:\/\/skinstudio.ee\/lt\/wp-json\/wp\/v2\/product_brand?post=53932"},{"taxonomy":"product_cat","embeddable":true,"href":"https:\/\/skinstudio.ee\/lt\/wp-json\/wp\/v2\/product_cat?post=53932"},{"taxonomy":"product_tag","embeddable":true,"href":"https:\/\/skinstudio.ee\/lt\/wp-json\/wp\/v2\/product_tag?post=53932"},{"taxonomy":"giftcard-category","embeddable":true,"href":"https:\/\/skinstudio.ee\/lt\/wp-json\/wp\/v2\/giftcard-category?post=53932"}],"curies":[{"name":"wp","href":"https:\/\/api.w.org\/{rel}","templated":true}]}}