{"id":53980,"date":"2023-05-24T17:55:53","date_gmt":"2023-05-24T17:55:53","guid":{"rendered":"https:\/\/skinstudio.ee\/?post_type=product&#038;p=53980"},"modified":"2026-04-01T12:26:46","modified_gmt":"2026-04-01T12:26:46","slug":"daily-power-defense","status":"publish","type":"product","link":"https:\/\/skinstudio.ee\/lt\/catalog\/zo-skin-health\/daily-power-defense\/","title":{"rendered":"Daily Power Defense"},"content":{"rendered":"<p data-start=\"4441\" data-end=\"4700\"><strong data-start=\"4441\" data-end=\"4484\">Daily Power Defense nuo ZO\u00ae SKIN HEALTH<\/strong> &#8211; antioksidacin\u0117 priemon\u0117 su DNR atk\u016brimo poveikiu, stiprinanti odos apsaug\u0105 ir gerinanti bendr\u0105 b\u016bkl\u0119. Formul\u0117 stimuliuoja l\u0105steli\u0173 aktyvum\u0105, palaiko atsinaujinim\u0105 ir padeda ma\u017einti prie\u0161laikinio sen\u0117jimo po\u017eymius.<\/p>\n<p data-start=\"4702\" data-end=\"4927\">Retinolio, ferment\u0173 ir antioksidant\u0173 sinergija padeda atkurti pa\u017eeistas l\u0105steles, stiprina odos strukt\u016br\u0105 ir didina atsparum\u0105 i\u0161oriniams veiksniams. Produktas gerina odos tank\u012f, suvienodina ton\u0105 ir palaiko glotnesn\u0119 i\u0161vaizd\u0105.<\/p>\n<p data-start=\"4929\" data-end=\"5037\">Reguliarus naudojimas didina stangrum\u0105, ma\u017eina sen\u0117jimo po\u017eymius ir stiprina apsaug\u0105 nuo oksidacinio streso.<\/p>\n<p data-start=\"5039\" data-end=\"5088\"><strong data-start=\"5039\" data-end=\"5088\">Kaip veikia pagrindiniai aktyv\u016bs komponentai?<\/strong><\/p>\n<ul data-start=\"5090\" data-end=\"5283\">\n<li data-start=\"5090\" data-end=\"5149\">\n<p data-start=\"5092\" data-end=\"5149\"><strong data-start=\"5092\" data-end=\"5124\">Ultrasomes (UV-Endonuclease)<\/strong> &#8211; skatina DNR atk\u016brim\u0105<\/p>\n<\/li>\n<li data-start=\"5150\" data-end=\"5219\">\n<p data-start=\"5152\" data-end=\"5219\"><strong data-start=\"5152\" data-end=\"5163\">Retinol<\/strong> &#8211; spartina epidermio atsinaujinim\u0105 ir kolageno gamyb\u0105<\/p>\n<\/li>\n<li data-start=\"5220\" data-end=\"5283\">\n<p data-start=\"5222\" data-end=\"5283\"><strong data-start=\"5222\" data-end=\"5239\">Matrixyl 3000<\/strong> &#8211; didina odos tank\u012f ir strukt\u016brin\u012f stiprum\u0105<\/p>\n<\/li>\n<\/ul>\n<p data-start=\"5285\" data-end=\"5336\"><strong data-start=\"5285\" data-end=\"5318\">Kam tinka Daily Power Defense<\/strong> &#8211; vis\u0173 tip\u0173 odai.<\/p>\n<p data-start=\"5338\" data-end=\"5362\"><strong data-start=\"5338\" data-end=\"5348\">T\u016bris:<\/strong> 30 ml \/ 50 ml<\/p>\n","protected":false},"excerpt":{"rendered":"<p data-start=\"5522\" data-end=\"5551\">Antioksidacinis veido serumas<\/p>\n<h2 data-start=\"5553\" data-end=\"5602\"><strong data-start=\"5553\" data-end=\"5602\">ZO\u00ae SKIN HEALTH &#8211; Daily Power Defense Savyb\u0117s<\/strong><\/h2>\n<p data-start=\"5604\" data-end=\"5783\">\u2714\ufe0f Tinka vis\u0173 tip\u0173 odai<br data-start=\"5627\" data-end=\"5630\" \/>\u2714\ufe0f Ma\u017eina rauk\u0161les ir odos l\u016b\u017eius<br data-start=\"5663\" data-end=\"5666\" \/>\u2714\ufe0f Aktyvina nat\u016bralius odos procesus<br data-start=\"5702\" data-end=\"5705\" \/>\u2714\ufe0f Stiprina ir didina odos tank\u012f<br data-start=\"5737\" data-end=\"5740\" \/>\u2714\ufe0f U\u017etikrina stipri\u0105 antioksidacin\u0119 apsaug\u0105<\/p>\n","protected":false},"featured_media":81910,"template":"","meta":[],"pwb-brand":[1187],"product_brand":[],"product_cat":[738,746,740,750,754],"product_tag":[],"giftcard-category":[],"class_list":{"0":"post-53980","1":"product","2":"type-product","3":"status-publish","4":"has-post-thumbnail","6":"pwb-brand-zo-skin-health","7":"product_cat-drekinimas","8":"product_cat-jautriai-odai","9":"product_cat-sausai-odai","10":"product_cat-senstanti-oda","11":"product_cat-travel-size-lt","12":"pa_suurus-30ml-lt","13":"pa_suurus-50ml-lt","15":"first","16":"instock","17":"sale","18":"taxable","19":"shipping-taxable","20":"purchasable","21":"product-type-variable"},"acf":[],"brands":[{"id":1187,"name":"ZO\u00ae SKIN HEALTH","slug":"zo-skin-health"}],"_links":{"self":[{"href":"https:\/\/skinstudio.ee\/lt\/wp-json\/wp\/v2\/product\/53980","targetHints":{"allow":["GET"]}}],"collection":[{"href":"https:\/\/skinstudio.ee\/lt\/wp-json\/wp\/v2\/product"}],"about":[{"href":"https:\/\/skinstudio.ee\/lt\/wp-json\/wp\/v2\/types\/product"}],"version-history":[{"count":2,"href":"https:\/\/skinstudio.ee\/lt\/wp-json\/wp\/v2\/product\/53980\/revisions"}],"predecessor-version":[{"id":89245,"href":"https:\/\/skinstudio.ee\/lt\/wp-json\/wp\/v2\/product\/53980\/revisions\/89245"}],"wp:featuredmedia":[{"embeddable":true,"href":"https:\/\/skinstudio.ee\/lt\/wp-json\/wp\/v2\/media\/81910"}],"wp:attachment":[{"href":"https:\/\/skinstudio.ee\/lt\/wp-json\/wp\/v2\/media?parent=53980"}],"wp:term":[{"taxonomy":"pwb-brand","embeddable":true,"href":"https:\/\/skinstudio.ee\/lt\/wp-json\/wp\/v2\/pwb-brand?post=53980"},{"taxonomy":"product_brand","embeddable":true,"href":"https:\/\/skinstudio.ee\/lt\/wp-json\/wp\/v2\/product_brand?post=53980"},{"taxonomy":"product_cat","embeddable":true,"href":"https:\/\/skinstudio.ee\/lt\/wp-json\/wp\/v2\/product_cat?post=53980"},{"taxonomy":"product_tag","embeddable":true,"href":"https:\/\/skinstudio.ee\/lt\/wp-json\/wp\/v2\/product_tag?post=53980"},{"taxonomy":"giftcard-category","embeddable":true,"href":"https:\/\/skinstudio.ee\/lt\/wp-json\/wp\/v2\/giftcard-category?post=53980"}],"curies":[{"name":"wp","href":"https:\/\/api.w.org\/{rel}","templated":true}]}}