{"id":53998,"date":"2025-04-17T09:33:53","date_gmt":"2025-04-17T09:33:53","guid":{"rendered":"https:\/\/skinstudio.ee\/?post_type=product&#038;p=53998"},"modified":"2026-04-01T11:55:47","modified_gmt":"2026-04-01T11:55:47","slug":"soothing-hydro-mist","status":"publish","type":"product","link":"https:\/\/skinstudio.ee\/lt\/catalog\/zo-skin-health\/soothing-hydro-mist\/","title":{"rendered":"Soothing Hydro Mist"},"content":{"rendered":"<p data-start=\"4667\" data-end=\"4968\"><strong data-start=\"4667\" data-end=\"4710\">Soothing Hydro Mist nuo ZO\u00ae SKIN HEALTH<\/strong> &#8211; raminantis veido dulksna, skirta greitai atkurti odos dr\u0117gm\u0117s lyg\u012f, suma\u017einti matom\u0105 paraudim\u0105 ir sustiprinti odos apsaugin\u012f barjer\u0105. Lengva gaivinanti formul\u0117 palaiko odos komfort\u0105, padeda stabilizuoti jautrios odos b\u016bkl\u0119 ir i\u0161laikyti balans\u0105 vis\u0105 dien\u0105.<\/p>\n<p data-start=\"4970\" data-end=\"5150\">Priemon\u0117 suteikia momentin\u012f gaivumo poj\u016bt\u012f be sunkumo, padeda ma\u017einti odos reaktyvum\u0105 ir palaiko atsparum\u0105 i\u0161oriniams veiksniams. Lengvai sluoksniuojama, tinka naudoti ant makia\u017eo.<\/p>\n<p data-start=\"5152\" data-end=\"5193\"><strong data-start=\"5152\" data-end=\"5193\">Kaip veikia pagrindiniai komponentai?<\/strong><\/p>\n<ul data-start=\"5195\" data-end=\"5406\">\n<li data-start=\"5195\" data-end=\"5262\">\n<p data-start=\"5197\" data-end=\"5262\"><strong data-start=\"5197\" data-end=\"5219\">Sodium Hyaluronate<\/strong> &#8211; padeda i\u0161laikyti optimal\u0173 dr\u0117gm\u0117s lyg\u012f<\/p>\n<\/li>\n<li data-start=\"5263\" data-end=\"5335\">\n<p data-start=\"5265\" data-end=\"5335\"><strong data-start=\"5265\" data-end=\"5298\">Galactomyces Ferment Filtrate<\/strong> &#8211; palaiko odos balans\u0105 ir i\u0161vaizd\u0105<\/p>\n<\/li>\n<li data-start=\"5336\" data-end=\"5406\">\n<p data-start=\"5338\" data-end=\"5406\"><strong data-start=\"5338\" data-end=\"5370\">Opuntia Ficus-Indica Extract<\/strong> &#8211; ramina od\u0105 ir ma\u017eina reaktyvum\u0105<\/p>\n<\/li>\n<\/ul>\n<p data-start=\"5408\" data-end=\"5520\"><strong data-start=\"5408\" data-end=\"5441\">Kam tinka Soothing Hydro Mist<\/strong> &#8211; jautriai, \u012f paraudimus linkusiai odai, po proced\u016br\u0173 ir esant dehidratacijai.<\/p>\n<p data-start=\"5522\" data-end=\"5539\"><strong data-start=\"5522\" data-end=\"5532\">T\u016bris:<\/strong> 100 ml<\/p>\n","protected":false},"excerpt":{"rendered":"<p data-start=\"5702\" data-end=\"5738\">Raminantis dr\u0117kinantis veido dulksna<\/p>\n<h2 data-start=\"5740\" data-end=\"5789\"><strong data-start=\"5740\" data-end=\"5789\">ZO\u00ae SKIN HEALTH &#8211; Soothing Hydro Mist savyb\u0117s<\/strong><\/h2>\n<p data-start=\"5791\" data-end=\"5969\">\u2714\ufe0f Greitai ma\u017eina matom\u0105 paraudim\u0105<br data-start=\"5825\" data-end=\"5828\" \/>\u2714\ufe0f Stiprina odos apsaugin\u012f barjer\u0105<br data-start=\"5862\" data-end=\"5865\" \/>\u2714\ufe0f Suteikia lengv\u0105 ilgalaik\u012f dr\u0117kinim\u0105<br data-start=\"5903\" data-end=\"5906\" \/>\u2714\ufe0f Ramina jautri\u0105 reaktyvi\u0105 od\u0105<br data-start=\"5937\" data-end=\"5940\" \/>\u2714\ufe0f Gaivina ir didina komfort\u0105<\/p>\n","protected":false},"featured_media":31327,"template":"","meta":[],"pwb-brand":[1187],"product_brand":[],"product_cat":[738,746,722],"product_tag":[],"giftcard-category":[],"class_list":{"0":"post-53998","1":"product","2":"type-product","3":"status-publish","4":"has-post-thumbnail","6":"pwb-brand-zo-skin-health","7":"product_cat-drekinimas","8":"product_cat-jautriai-odai","9":"product_cat-toneriai","11":"first","12":"instock","13":"sale","14":"taxable","15":"shipping-taxable","16":"purchasable","17":"product-type-simple"},"acf":[],"brands":[{"id":1187,"name":"ZO\u00ae SKIN HEALTH","slug":"zo-skin-health"}],"_links":{"self":[{"href":"https:\/\/skinstudio.ee\/lt\/wp-json\/wp\/v2\/product\/53998","targetHints":{"allow":["GET"]}}],"collection":[{"href":"https:\/\/skinstudio.ee\/lt\/wp-json\/wp\/v2\/product"}],"about":[{"href":"https:\/\/skinstudio.ee\/lt\/wp-json\/wp\/v2\/types\/product"}],"version-history":[{"count":2,"href":"https:\/\/skinstudio.ee\/lt\/wp-json\/wp\/v2\/product\/53998\/revisions"}],"predecessor-version":[{"id":89065,"href":"https:\/\/skinstudio.ee\/lt\/wp-json\/wp\/v2\/product\/53998\/revisions\/89065"}],"wp:featuredmedia":[{"embeddable":true,"href":"https:\/\/skinstudio.ee\/lt\/wp-json\/wp\/v2\/media\/31327"}],"wp:attachment":[{"href":"https:\/\/skinstudio.ee\/lt\/wp-json\/wp\/v2\/media?parent=53998"}],"wp:term":[{"taxonomy":"pwb-brand","embeddable":true,"href":"https:\/\/skinstudio.ee\/lt\/wp-json\/wp\/v2\/pwb-brand?post=53998"},{"taxonomy":"product_brand","embeddable":true,"href":"https:\/\/skinstudio.ee\/lt\/wp-json\/wp\/v2\/product_brand?post=53998"},{"taxonomy":"product_cat","embeddable":true,"href":"https:\/\/skinstudio.ee\/lt\/wp-json\/wp\/v2\/product_cat?post=53998"},{"taxonomy":"product_tag","embeddable":true,"href":"https:\/\/skinstudio.ee\/lt\/wp-json\/wp\/v2\/product_tag?post=53998"},{"taxonomy":"giftcard-category","embeddable":true,"href":"https:\/\/skinstudio.ee\/lt\/wp-json\/wp\/v2\/giftcard-category?post=53998"}],"curies":[{"name":"wp","href":"https:\/\/api.w.org\/{rel}","templated":true}]}}