{"id":54020,"date":"2024-04-06T08:50:22","date_gmt":"2024-04-06T08:50:22","guid":{"rendered":"https:\/\/skinstudio.ee\/?post_type=product&#038;p=54020"},"modified":"2026-04-01T11:56:12","modified_gmt":"2026-04-01T11:56:12","slug":"complexion-clarifying-serum","status":"publish","type":"product","link":"https:\/\/skinstudio.ee\/lt\/catalog\/zo-skin-health\/complexion-clarifying-serum\/","title":{"rendered":"Complexion Clarifying Serum"},"content":{"rendered":"<p data-start=\"5159\" data-end=\"5490\"><strong data-start=\"5159\" data-end=\"5210\">Complexion Clarifying Serum nuo ZO\u00ae SKIN HEALTH<\/strong> &#8211; vandens pagrindo serumas, sukurtas naudojant ZO\u00ae mokslinius pasiekimus tiksliniam sebumo reguliavimui ir odos balansui. Formul\u0117 klini\u0161kai skirta suma\u017einti pavir\u0161in\u012f riebum\u0105, por\u0173 u\u017esikim\u0161im\u0105 ir matom\u0105 paraudim\u0105, padedant palaikyti \u0161varesn\u0119 ir labiau subalansuot\u0105 odos i\u0161vaizd\u0105.<\/p>\n<p data-start=\"5492\" data-end=\"5802\">Serumas padeda kontroliuoti perteklin\u0119 sebumo gamyb\u0105, palaiko sveik\u0105 odos mikrobiom\u0105 ir gerina tekst\u016br\u0105 be sunkumo poj\u016b\u010dio. Lengva vandens pagrindo tekst\u016bra greitai \u012fsigeria, suteikdama gaivumo poj\u016bt\u012f ir komforti\u0161k\u0105 matin\u012f efekt\u0105. Tinka \u012fvairiems odos tipams, ypa\u010d mi\u0161riai, riebiai ir \u012f b\u0117rimus linkusiai odai.<\/p>\n<p data-start=\"5804\" data-end=\"5845\"><strong data-start=\"5804\" data-end=\"5845\">Kaip veikia pagrindiniai komponentai?<\/strong><\/p>\n<p data-start=\"5847\" data-end=\"6107\">ZO\u00ae Sebum Targeting Complex &#8211; padeda ma\u017einti perteklin\u012f sebum\u0105 ir palaikyti mikrobiomo balans\u0105<br data-start=\"5941\" data-end=\"5944\" \/>Water-soluble Salicylic Acid &#8211; \u0161velniai valo poras ir ma\u017eina u\u017edegimin\u012f vaizd\u0105<br data-start=\"6022\" data-end=\"6025\" \/>ZO-RRS2\u00ae + ZPOLY\u2122 complexes &#8211; ma\u017eina matom\u0105 paraudim\u0105 ir palaiko apsaugin\u012f barjer\u0105<\/p>\n<p data-start=\"6109\" data-end=\"6256\"><strong data-start=\"6109\" data-end=\"6151\">Kam tinka Complexion Clarifying Serum:<\/strong> mi\u0161riai ir riebiai odai, i\u0161sipl\u0117tusioms poroms, \u012f b\u0117rimus linkusiai odai ir padid\u0117jusiai sebumo gamybai.<\/p>\n<p data-start=\"6258\" data-end=\"6274\"><strong data-start=\"6258\" data-end=\"6268\">T\u016bris:<\/strong> 50 ml<\/p>\n","protected":false},"excerpt":{"rendered":"<p data-start=\"6438\" data-end=\"6475\">Lengvas sebum\u0105 reguliuojantis serumas<\/p>\n<h2 data-start=\"6477\" data-end=\"6534\"><strong data-start=\"6477\" data-end=\"6534\">ZO\u00ae SKIN HEALTH &#8211; Complexion Clarifying Serum savyb\u0117s<\/strong><\/h2>\n<p data-start=\"6536\" data-end=\"6714\">\u2714\ufe0f Reguliuoja perteklin\u0119 sebumo gamyb\u0105<br data-start=\"6574\" data-end=\"6577\" \/>\u2714\ufe0f Ma\u017eina matom\u0105 odos paraudim\u0105<br data-start=\"6608\" data-end=\"6611\" \/>\u2714\ufe0f Valo poras ir ma\u017eina ne\u0161varumus<br data-start=\"6645\" data-end=\"6648\" \/>\u2714\ufe0f Lygina odos ton\u0105 ir tekst\u016br\u0105<br data-start=\"6679\" data-end=\"6682\" \/>\u2714\ufe0f Suteikia lengv\u0105 matin\u012f efekt\u0105<\/p>\n","protected":false},"featured_media":54021,"template":"","meta":[],"pwb-brand":[1187],"product_brand":[],"product_cat":[742,744,724,748],"product_tag":[],"giftcard-category":[],"class_list":{"0":"post-54020","1":"product","2":"type-product","3":"status-publish","4":"has-post-thumbnail","6":"pwb-brand-zo-skin-health","7":"product_cat-berimai","8":"product_cat-issipletusios-poros","9":"product_cat-serumai","10":"product_cat-taukainai-adai-lt","12":"first","13":"instock","14":"sale","15":"taxable","16":"shipping-taxable","17":"purchasable","18":"product-type-simple"},"acf":[],"brands":[{"id":1187,"name":"ZO\u00ae SKIN HEALTH","slug":"zo-skin-health"}],"_links":{"self":[{"href":"https:\/\/skinstudio.ee\/lt\/wp-json\/wp\/v2\/product\/54020","targetHints":{"allow":["GET"]}}],"collection":[{"href":"https:\/\/skinstudio.ee\/lt\/wp-json\/wp\/v2\/product"}],"about":[{"href":"https:\/\/skinstudio.ee\/lt\/wp-json\/wp\/v2\/types\/product"}],"version-history":[{"count":2,"href":"https:\/\/skinstudio.ee\/lt\/wp-json\/wp\/v2\/product\/54020\/revisions"}],"predecessor-version":[{"id":89068,"href":"https:\/\/skinstudio.ee\/lt\/wp-json\/wp\/v2\/product\/54020\/revisions\/89068"}],"wp:featuredmedia":[{"embeddable":true,"href":"https:\/\/skinstudio.ee\/lt\/wp-json\/wp\/v2\/media\/54021"}],"wp:attachment":[{"href":"https:\/\/skinstudio.ee\/lt\/wp-json\/wp\/v2\/media?parent=54020"}],"wp:term":[{"taxonomy":"pwb-brand","embeddable":true,"href":"https:\/\/skinstudio.ee\/lt\/wp-json\/wp\/v2\/pwb-brand?post=54020"},{"taxonomy":"product_brand","embeddable":true,"href":"https:\/\/skinstudio.ee\/lt\/wp-json\/wp\/v2\/product_brand?post=54020"},{"taxonomy":"product_cat","embeddable":true,"href":"https:\/\/skinstudio.ee\/lt\/wp-json\/wp\/v2\/product_cat?post=54020"},{"taxonomy":"product_tag","embeddable":true,"href":"https:\/\/skinstudio.ee\/lt\/wp-json\/wp\/v2\/product_tag?post=54020"},{"taxonomy":"giftcard-category","embeddable":true,"href":"https:\/\/skinstudio.ee\/lt\/wp-json\/wp\/v2\/giftcard-category?post=54020"}],"curies":[{"name":"wp","href":"https:\/\/api.w.org\/{rel}","templated":true}]}}