{"id":54029,"date":"2024-03-07T14:26:06","date_gmt":"2024-03-07T14:26:06","guid":{"rendered":"https:\/\/skinstudio.ee\/?post_type=product&#038;p=54029"},"modified":"2026-04-01T12:54:14","modified_gmt":"2026-04-01T12:54:14","slug":"skin-normalizing-system","status":"publish","type":"product","link":"https:\/\/skinstudio.ee\/lt\/catalog\/zo-skin-health\/skin-normalizing-system\/","title":{"rendered":"Skin Normalizing System"},"content":{"rendered":"<p data-start=\"3120\" data-end=\"3438\"><strong data-start=\"3120\" data-end=\"3167\">Skin Normalizing System nuo ZO\u00ae SKIN HEALTH<\/strong> yra profesionali odos prie\u017ei\u016bros sistema, skirta odai, linkusiai \u012f akn\u0119, padid\u0117jusi\u0105 sebumo gamyb\u0105 ir paraudimus. Rinkinyje esantys produktai veikia sinergi\u0161kai: valo od\u0105, padeda reguliuoti riebal\u0173 i\u0161siskyrim\u0105, skatina l\u0105steli\u0173 atsinaujinim\u0105 ir palaiko odos atsistatym\u0105.<\/p>\n<p data-start=\"3440\" data-end=\"3582\">Daugiapakopis prie\u017ei\u016bros protokolas padeda suma\u017einti u\u017edegimus, i\u0161valyti poras, pagerinti odos tekst\u016br\u0105 ir atkurti sveikesn\u0119 odos pusiausvyr\u0105.<\/p>\n<p data-start=\"3584\" data-end=\"3769\"><strong data-start=\"3584\" data-end=\"3612\">Gentle Cleanser &#8211; 60 ml:<\/strong> \u0161velnus prausiklis pa\u0161alina ne\u0161varumus, riebal\u0173 pertekli\u0173 ir makia\u017eo liku\u010dius, nepa\u017eeisdamas nat\u016bralios odos pusiausvyros, palikdamas od\u0105 \u0161vari\u0105 ir glotni\u0105.<\/p>\n<p data-start=\"3771\" data-end=\"3921\"><strong data-start=\"3771\" data-end=\"3803\">Exfoliating Polish &#8211; 16,2 g:<\/strong> poliruojantis eksfoliantas pa\u0161alina negyvas odos l\u0105steles, skatina epidermio atsinaujinim\u0105 ir suteikia odai glotnumo.<\/p>\n<p data-start=\"3923\" data-end=\"4089\"><strong data-start=\"3923\" data-end=\"3954\">Oil Control Pads &#8211; 60 vnt.:<\/strong> r\u016bg\u0161timis prisotinti diskeliai padeda kontroliuoti sebumo i\u0161siskyrim\u0105, valo poras, ma\u017eina akn\u0117s pasirei\u0161kimus ir gerina odos tekst\u016br\u0105.<\/p>\n<p data-start=\"4091\" data-end=\"4252\"><strong data-start=\"4091\" data-end=\"4123\">Daily Power Defense &#8211; 30 ml:<\/strong> kasdien\u0117 apsaugin\u0117 priemon\u0117 su retinoliu, fermentais ir antioksidantais padeda atkurti od\u0105 ir stiprina jos apsaugines funkcijas.<\/p>\n<p data-start=\"4254\" data-end=\"4464\"><strong data-start=\"4254\" data-end=\"4328\">Rozatrol Normalizing Serum Treatment for Red, Sensitized Skin &#8211; 20 ml:<\/strong> serumas jautriai ir \u012f paraudimus linkusiai odai, padedantis suma\u017einti matom\u0105 paraudim\u0105, reguliuoti sebumo i\u0161siskyrim\u0105 ir nuraminti od\u0105.<\/p>\n","protected":false},"excerpt":{"rendered":"<p data-start=\"5238\" data-end=\"5277\">Problemin\u0117s odos normalizavimo rinkinys<\/p>\n<h2 data-start=\"5279\" data-end=\"5332\"><strong data-start=\"5279\" data-end=\"5332\">ZO\u00ae SKIN HEALTH &#8211; Skin Normalizing System Savyb\u0117s<\/strong><\/h2>\n<p data-start=\"5334\" data-end=\"5585\">\u2714\ufe0f Kompleksin\u0117 prie\u017ei\u016bros sistema \u012f akn\u0119 linkusiai odai<br data-start=\"5389\" data-end=\"5392\" \/>\u2714\ufe0f Padeda reguliuoti sebumo i\u0161siskyrim\u0105 ir valyti poras<br data-start=\"5447\" data-end=\"5450\" \/>\u2714\ufe0f Prisideda prie u\u017edegim\u0173 ir paraudimo ma\u017einimo<br data-start=\"5498\" data-end=\"5501\" \/>\u2714\ufe0f Gerina odos tekst\u016br\u0105 ir bendr\u0105 odos ton\u0105<br data-start=\"5544\" data-end=\"5547\" \/>\u2714\ufe0f Tinka riebiai ir probleminei odai<\/p>\n","protected":false},"featured_media":54030,"template":"","meta":[],"pwb-brand":[1187],"product_brand":[],"product_cat":[765,756,754],"product_tag":[],"giftcard-category":[],"class_list":{"0":"post-54029","1":"product","2":"type-product","3":"status-publish","4":"has-post-thumbnail","6":"pwb-brand-zo-skin-health","7":"product_cat-dovanu-ideja","8":"product_cat-rinkinys","9":"product_cat-travel-size-lt","11":"first","12":"instock","13":"sale","14":"taxable","15":"shipping-taxable","16":"purchasable","17":"product-type-simple"},"acf":[],"brands":[{"id":1187,"name":"ZO\u00ae SKIN HEALTH","slug":"zo-skin-health"}],"_links":{"self":[{"href":"https:\/\/skinstudio.ee\/lt\/wp-json\/wp\/v2\/product\/54029","targetHints":{"allow":["GET"]}}],"collection":[{"href":"https:\/\/skinstudio.ee\/lt\/wp-json\/wp\/v2\/product"}],"about":[{"href":"https:\/\/skinstudio.ee\/lt\/wp-json\/wp\/v2\/types\/product"}],"version-history":[{"count":2,"href":"https:\/\/skinstudio.ee\/lt\/wp-json\/wp\/v2\/product\/54029\/revisions"}],"predecessor-version":[{"id":89069,"href":"https:\/\/skinstudio.ee\/lt\/wp-json\/wp\/v2\/product\/54029\/revisions\/89069"}],"wp:featuredmedia":[{"embeddable":true,"href":"https:\/\/skinstudio.ee\/lt\/wp-json\/wp\/v2\/media\/54030"}],"wp:attachment":[{"href":"https:\/\/skinstudio.ee\/lt\/wp-json\/wp\/v2\/media?parent=54029"}],"wp:term":[{"taxonomy":"pwb-brand","embeddable":true,"href":"https:\/\/skinstudio.ee\/lt\/wp-json\/wp\/v2\/pwb-brand?post=54029"},{"taxonomy":"product_brand","embeddable":true,"href":"https:\/\/skinstudio.ee\/lt\/wp-json\/wp\/v2\/product_brand?post=54029"},{"taxonomy":"product_cat","embeddable":true,"href":"https:\/\/skinstudio.ee\/lt\/wp-json\/wp\/v2\/product_cat?post=54029"},{"taxonomy":"product_tag","embeddable":true,"href":"https:\/\/skinstudio.ee\/lt\/wp-json\/wp\/v2\/product_tag?post=54029"},{"taxonomy":"giftcard-category","embeddable":true,"href":"https:\/\/skinstudio.ee\/lt\/wp-json\/wp\/v2\/giftcard-category?post=54029"}],"curies":[{"name":"wp","href":"https:\/\/api.w.org\/{rel}","templated":true}]}}