{"id":54036,"date":"2023-08-15T13:09:26","date_gmt":"2023-08-15T13:09:26","guid":{"rendered":"https:\/\/skinstudio.ee\/?post_type=product&#038;p=54036"},"modified":"2026-04-01T11:56:31","modified_gmt":"2026-04-01T11:56:31","slug":"sheer-fluid-broad-spectrum-sunscreen-spf-50","status":"publish","type":"product","link":"https:\/\/skinstudio.ee\/lt\/catalog\/zo-skin-health\/sheer-fluid-broad-spectrum-sunscreen-spf-50\/","title":{"rendered":"Sheer Fluid Broad-Spectrum Sunscreen SPF 50\u2028"},"content":{"rendered":"<p data-start=\"5088\" data-end=\"5403\"><strong data-start=\"5088\" data-end=\"5148\">Sheer Fluid Broad-Spectrum Sunscreen nuo ZO\u00ae SKIN HEALTH<\/strong> &#8211; skystas mineralinis apsauginis kremas nuo saul\u0117s visiems odos tipams, kuris padengia od\u0105 permatomu matiniu sluoksniu be sunkumo poj\u016b\u010dio. Formul\u0117 u\u017etikrina plataus spektro UVA\/UVB apsaug\u0105, padedant palaikyti odos sveikat\u0105 ir apsaugoti nuo fotopa\u017eeidim\u0173.<\/p>\n<p data-start=\"5405\" data-end=\"5649\">Priemon\u0117 sud\u0117tyje turi antioksidant\u0173 ir nat\u016bralaus melanino, kuris padeda apsaugoti od\u0105 nuo auk\u0161tos energijos matomos \u0161viesos (HEV). Lengva tekst\u016bra tolygiai pasiskirsto, sukurdama nematom\u0105 apsaugin\u012f sluoksn\u012f be riebumo poj\u016b\u010dio. Be oksibenzono.<\/p>\n<p data-start=\"5651\" data-end=\"5692\"><strong data-start=\"5651\" data-end=\"5692\">Kaip veikia pagrindiniai komponentai?<\/strong><\/p>\n<ul data-start=\"5694\" data-end=\"6051\">\n<li data-start=\"5694\" data-end=\"5773\">\n<p data-start=\"5696\" data-end=\"5773\"><strong data-start=\"5696\" data-end=\"5726\">Non-nano Zinc Oxide (22%):<\/strong> u\u017etikrina plataus spektro UVA ir UVB apsaug\u0105<\/p>\n<\/li>\n<li data-start=\"5774\" data-end=\"5845\">\n<p data-start=\"5776\" data-end=\"5845\"><strong data-start=\"5776\" data-end=\"5788\">Melanin:<\/strong> padeda apsaugoti nuo auk\u0161tos energijos m\u0117lynos \u0161viesos<\/p>\n<\/li>\n<li data-start=\"5846\" data-end=\"5942\">\n<p data-start=\"5848\" data-end=\"5942\"><strong data-start=\"5848\" data-end=\"5898\">ZOX\u00b9\u00b2\u00ae antioxidant complex (Vitamins A, C, E):<\/strong> suteikia ilgalaik\u0119 antioksidacin\u0119 apsaug\u0105<\/p>\n<\/li>\n<li data-start=\"5943\" data-end=\"6051\">\n<p data-start=\"5945\" data-end=\"6051\"><strong data-start=\"5945\" data-end=\"5995\">Bisabolol + Ethyl Ferulate + Rosemary Extract:<\/strong> suteikia papildom\u0105 antioksidacin\u0119 apsaug\u0105 ir ramina od\u0105<\/p>\n<\/li>\n<\/ul>\n<p data-start=\"6053\" data-end=\"6179\"><strong data-start=\"6053\" data-end=\"6104\">Kam tinka Sheer Fluid Broad-Spectrum Sunscreen:<\/strong> visiems odos tipams, \u012fskaitant jautri\u0105 od\u0105, kasdienei apsaugai nuo saul\u0117s.<\/p>\n<p data-start=\"6181\" data-end=\"6197\"><strong data-start=\"6181\" data-end=\"6191\">T\u016bris:<\/strong> 50 ml<\/p>\n","protected":false},"excerpt":{"rendered":"<p data-start=\"6346\" data-end=\"6395\">Mineralinis apsauginis fluidas kasdienei apsaugai<\/p>\n<h2 data-start=\"6397\" data-end=\"6463\"><strong data-start=\"6397\" data-end=\"6463\">ZO\u00ae SKIN HEALTH &#8211; Sheer Fluid Broad-Spectrum Sunscreen savyb\u0117s<\/strong><\/h2>\n<p data-start=\"6465\" data-end=\"6631\">\u2714\ufe0f Suteikia lengv\u0105 matin\u012f padengim\u0105<br data-start=\"6500\" data-end=\"6503\" \/>\u2714\ufe0f Apsaugo nuo UVA ir UVB<br data-start=\"6528\" data-end=\"6531\" \/>\u2714\ufe0f Tinka kasdieniam naudojimui<br data-start=\"6561\" data-end=\"6564\" \/>\u2714\ufe0f Nepalieka riebaus sluoksnio<br data-start=\"6594\" data-end=\"6597\" \/>\u2714\ufe0f Sud\u0117tyje antioksidacin\u0117 apsauga<\/p>\n","protected":false},"featured_media":54037,"template":"","meta":[],"pwb-brand":[1187],"product_brand":[],"product_cat":[732],"product_tag":[],"giftcard-category":[],"class_list":{"0":"post-54036","1":"product","2":"type-product","3":"status-publish","4":"has-post-thumbnail","6":"pwb-brand-zo-skin-health","7":"product_cat-spf-apsauga","9":"first","10":"instock","11":"sale","12":"taxable","13":"shipping-taxable","14":"purchasable","15":"product-type-simple"},"acf":[],"brands":[{"id":1187,"name":"ZO\u00ae SKIN HEALTH","slug":"zo-skin-health"}],"_links":{"self":[{"href":"https:\/\/skinstudio.ee\/lt\/wp-json\/wp\/v2\/product\/54036","targetHints":{"allow":["GET"]}}],"collection":[{"href":"https:\/\/skinstudio.ee\/lt\/wp-json\/wp\/v2\/product"}],"about":[{"href":"https:\/\/skinstudio.ee\/lt\/wp-json\/wp\/v2\/types\/product"}],"version-history":[{"count":2,"href":"https:\/\/skinstudio.ee\/lt\/wp-json\/wp\/v2\/product\/54036\/revisions"}],"predecessor-version":[{"id":89071,"href":"https:\/\/skinstudio.ee\/lt\/wp-json\/wp\/v2\/product\/54036\/revisions\/89071"}],"wp:featuredmedia":[{"embeddable":true,"href":"https:\/\/skinstudio.ee\/lt\/wp-json\/wp\/v2\/media\/54037"}],"wp:attachment":[{"href":"https:\/\/skinstudio.ee\/lt\/wp-json\/wp\/v2\/media?parent=54036"}],"wp:term":[{"taxonomy":"pwb-brand","embeddable":true,"href":"https:\/\/skinstudio.ee\/lt\/wp-json\/wp\/v2\/pwb-brand?post=54036"},{"taxonomy":"product_brand","embeddable":true,"href":"https:\/\/skinstudio.ee\/lt\/wp-json\/wp\/v2\/product_brand?post=54036"},{"taxonomy":"product_cat","embeddable":true,"href":"https:\/\/skinstudio.ee\/lt\/wp-json\/wp\/v2\/product_cat?post=54036"},{"taxonomy":"product_tag","embeddable":true,"href":"https:\/\/skinstudio.ee\/lt\/wp-json\/wp\/v2\/product_tag?post=54036"},{"taxonomy":"giftcard-category","embeddable":true,"href":"https:\/\/skinstudio.ee\/lt\/wp-json\/wp\/v2\/giftcard-category?post=54036"}],"curies":[{"name":"wp","href":"https:\/\/api.w.org\/{rel}","templated":true}]}}