{"id":54042,"date":"2023-05-24T17:57:18","date_gmt":"2023-05-24T17:57:18","guid":{"rendered":"https:\/\/skinstudio.ee\/?post_type=product&#038;p=54042"},"modified":"2026-04-01T12:06:19","modified_gmt":"2026-04-01T12:06:19","slug":"soothing-ointment","status":"publish","type":"product","link":"https:\/\/skinstudio.ee\/lt\/catalog\/zo-skin-health\/soothing-ointment\/","title":{"rendered":"Soothing Ointment"},"content":{"rendered":"<p data-start=\"4706\" data-end=\"5055\"><strong data-start=\"4706\" data-end=\"4747\">Soothing Ointment nuo ZO\u00ae SKIN HEALTH<\/strong> &#8211; raminantis tepalas, anks\u010diau \u012ftrauktas \u012f ZO Skin atk\u016brimo sistem\u0105, skirtas intensyviai raminti ir dr\u0117kinti od\u0105 po estetin\u0173 proced\u016br\u0173. Formul\u0117 sukurta kaip ZO\u00ae po proced\u016br\u0173 programos dalis, apjungianti pa\u017eangias technologijas odos apsaugai, reaktyvumo ma\u017einimui ir nat\u016brali\u0173 atsistatymo proces\u0173 palaikymui.<\/p>\n<p data-start=\"5057\" data-end=\"5267\">Priemon\u0117 padeda suma\u017einti diskomfort\u0105 po agresyvi\u0173 proced\u016br\u0173, palaiko apsaugin\u012f odos barjer\u0105 ir skatina greitesn\u012f odos atsistatym\u0105. Tinka naudoti po lazerini\u0173 proced\u016br\u0173, chemini\u0173 piling\u0173 ir ablacijos proced\u016br\u0173.<\/p>\n<p data-start=\"5269\" data-end=\"5310\"><strong data-start=\"5269\" data-end=\"5310\">Kaip veikia pagrindiniai komponentai?<\/strong><\/p>\n<ul data-start=\"5312\" data-end=\"5579\">\n<li data-start=\"5312\" data-end=\"5410\">\n<p data-start=\"5314\" data-end=\"5410\"><strong data-start=\"5314\" data-end=\"5364\">Beta-Glucan + Avena Sativa (Oat) Kernel Flour:<\/strong> ramina reaktyvi\u0105 od\u0105 ir palaiko atsistatym\u0105<\/p>\n<\/li>\n<li data-start=\"5411\" data-end=\"5484\">\n<p data-start=\"5413\" data-end=\"5484\"><strong data-start=\"5413\" data-end=\"5447\">Sunflower Seed Oil + Glycerin:<\/strong> palaiko dr\u0117gm\u0119 ir stiprina barjer\u0105<\/p>\n<\/li>\n<li data-start=\"5485\" data-end=\"5579\">\n<p data-start=\"5487\" data-end=\"5579\"><strong data-start=\"5487\" data-end=\"5547\">ZO\u00ae antioxidant complex (Vitamins A, C, E + Ubiquinone):<\/strong> suteikia antioksidacin\u0119 apsaug\u0105<\/p>\n<\/li>\n<\/ul>\n<p data-start=\"5581\" data-end=\"5717\"><strong data-start=\"5581\" data-end=\"5613\">Kam tinka Soothing Ointment:<\/strong> oda po lazerini\u0173 proced\u016br\u0173, chemini\u0173 piling\u0173, injekcij\u0173 ir ablacijos proced\u016br\u0173, jautri ir reaktyvi oda.<\/p>\n<p data-start=\"5719\" data-end=\"5735\"><strong data-start=\"5719\" data-end=\"5729\">T\u016bris:<\/strong> 50 ml<\/p>\n","protected":false},"excerpt":{"rendered":"<p data-start=\"5878\" data-end=\"5900\">Kremas reaktyviai odai<\/p>\n<h2 data-start=\"5902\" data-end=\"5949\"><strong data-start=\"5902\" data-end=\"5949\">ZO\u00ae SKIN HEALTH &#8211; Soothing Ointment savyb\u0117s<\/strong><\/h2>\n<p data-start=\"5951\" data-end=\"6117\">\u2714\ufe0f Ramina od\u0105 po proced\u016br\u0173<br data-start=\"5977\" data-end=\"5980\" \/>\u2714\ufe0f Atkuria apsaugin\u012f odos barjer\u0105<br data-start=\"6013\" data-end=\"6016\" \/>\u2714\ufe0f Palaiko odos dr\u0117gm\u0119<br data-start=\"6038\" data-end=\"6041\" \/>\u2714\ufe0f Sukuria apsaugin\u012f komforto sluoksn\u012f<br data-start=\"6079\" data-end=\"6082\" \/>\u2714\ufe0f Padeda grei\u010diau atsistatyti odai<\/p>\n","protected":false},"featured_media":61965,"template":"","meta":[],"pwb-brand":[1187],"product_brand":[],"product_cat":[738,746,740,750],"product_tag":[],"giftcard-category":[],"class_list":{"0":"post-54042","1":"product","2":"type-product","3":"status-publish","4":"has-post-thumbnail","6":"pwb-brand-zo-skin-health","7":"product_cat-drekinimas","8":"product_cat-jautriai-odai","9":"product_cat-sausai-odai","10":"product_cat-senstanti-oda","12":"first","13":"instock","14":"sale","15":"taxable","16":"shipping-taxable","17":"purchasable","18":"product-type-simple"},"acf":[],"brands":[{"id":1187,"name":"ZO\u00ae SKIN HEALTH","slug":"zo-skin-health"}],"_links":{"self":[{"href":"https:\/\/skinstudio.ee\/lt\/wp-json\/wp\/v2\/product\/54042","targetHints":{"allow":["GET"]}}],"collection":[{"href":"https:\/\/skinstudio.ee\/lt\/wp-json\/wp\/v2\/product"}],"about":[{"href":"https:\/\/skinstudio.ee\/lt\/wp-json\/wp\/v2\/types\/product"}],"version-history":[{"count":3,"href":"https:\/\/skinstudio.ee\/lt\/wp-json\/wp\/v2\/product\/54042\/revisions"}],"predecessor-version":[{"id":89124,"href":"https:\/\/skinstudio.ee\/lt\/wp-json\/wp\/v2\/product\/54042\/revisions\/89124"}],"wp:featuredmedia":[{"embeddable":true,"href":"https:\/\/skinstudio.ee\/lt\/wp-json\/wp\/v2\/media\/61965"}],"wp:attachment":[{"href":"https:\/\/skinstudio.ee\/lt\/wp-json\/wp\/v2\/media?parent=54042"}],"wp:term":[{"taxonomy":"pwb-brand","embeddable":true,"href":"https:\/\/skinstudio.ee\/lt\/wp-json\/wp\/v2\/pwb-brand?post=54042"},{"taxonomy":"product_brand","embeddable":true,"href":"https:\/\/skinstudio.ee\/lt\/wp-json\/wp\/v2\/product_brand?post=54042"},{"taxonomy":"product_cat","embeddable":true,"href":"https:\/\/skinstudio.ee\/lt\/wp-json\/wp\/v2\/product_cat?post=54042"},{"taxonomy":"product_tag","embeddable":true,"href":"https:\/\/skinstudio.ee\/lt\/wp-json\/wp\/v2\/product_tag?post=54042"},{"taxonomy":"giftcard-category","embeddable":true,"href":"https:\/\/skinstudio.ee\/lt\/wp-json\/wp\/v2\/giftcard-category?post=54042"}],"curies":[{"name":"wp","href":"https:\/\/api.w.org\/{rel}","templated":true}]}}