{"id":54051,"date":"2023-05-24T17:56:48","date_gmt":"2023-05-24T17:56:48","guid":{"rendered":"https:\/\/skinstudio.ee\/?post_type=product&#038;p=54051"},"modified":"2026-04-01T12:06:25","modified_gmt":"2026-04-01T12:06:25","slug":"illuminating-aox-serum","status":"publish","type":"product","link":"https:\/\/skinstudio.ee\/lt\/catalog\/zo-skin-health\/illuminating-aox-serum\/","title":{"rendered":"Illuminating AOX Serum"},"content":{"rendered":"<p data-start=\"4608\" data-end=\"4875\"><strong data-start=\"4608\" data-end=\"4654\">Illuminating AOX Serum nuo ZO\u00ae SKIN HEALTH<\/strong> &#8211; antioksidacinis serumas, suteikiantis odai spindesio ir apsaugantis nuo neigiamo aplinkos poveikio. Formul\u0117 skirta palaikyti odos atsistatymo procesus, pad\u0117ti kovoti su am\u017eiaus poky\u010diais ir i\u0161laikyti sveik\u0105 odos b\u016bkl\u0119.<\/p>\n<p data-start=\"4877\" data-end=\"5095\">Serumas palaiko odos sveikat\u0105, padeda koreguoti matomus estetinius netobulumus, intensyviai dr\u0117kina ir maitina papilk\u0117jusi\u0105 od\u0105. Papildomai suteikia eleganti\u0161k\u0105 padengim\u0105, suvienodindamas ton\u0105 ir suteikdamas \u0161vyt\u0117jimo.<\/p>\n<p data-start=\"5097\" data-end=\"5138\"><strong data-start=\"5097\" data-end=\"5138\">Kaip veikia pagrindiniai komponentai?<\/strong><\/p>\n<ul data-start=\"5140\" data-end=\"5465\">\n<li data-start=\"5140\" data-end=\"5217\">\n<p data-start=\"5142\" data-end=\"5217\"><strong data-start=\"5142\" data-end=\"5173\">ZOX12\u00ae antioxidant complex:<\/strong> suteikia ilgalaik\u0119 antioksidacin\u0119 apsaug\u0105<\/p>\n<\/li>\n<li data-start=\"5218\" data-end=\"5282\">\n<p data-start=\"5220\" data-end=\"5282\"><strong data-start=\"5220\" data-end=\"5241\">ZO-RRS2\u00ae complex:<\/strong> suteikia stipri\u0105 antioksidacin\u0119 param\u0105<\/p>\n<\/li>\n<li data-start=\"5283\" data-end=\"5368\">\n<p data-start=\"5285\" data-end=\"5368\"><strong data-start=\"5285\" data-end=\"5319\">ZPOLY\u2122 polysaccharide complex:<\/strong> palaiko ilgalaik\u012f dr\u0117kinim\u0105 ir ma\u017eina u\u017edegim\u0105<\/p>\n<\/li>\n<li data-start=\"5369\" data-end=\"5465\">\n<p data-start=\"5371\" data-end=\"5465\"><strong data-start=\"5371\" data-end=\"5425\">Micrococcus Lysate + Arabidopsis Thaliana Extract:<\/strong> palaiko nat\u016bralius atsistatymo procesus<\/p>\n<\/li>\n<\/ul>\n<p data-start=\"5467\" data-end=\"5575\"><strong data-start=\"5467\" data-end=\"5504\">Kam tinka Illuminating AOX Serum:<\/strong> visiems odos tipams, ypa\u010d brand\u017eiai, papilk\u0117jusiai ir stresuotai odai.<\/p>\n<p data-start=\"5577\" data-end=\"5593\"><strong data-start=\"5577\" data-end=\"5587\">T\u016bris:<\/strong> 50 ml<\/p>\n","protected":false},"excerpt":{"rendered":"<p data-start=\"5694\" data-end=\"5733\">Antioksidacinis serumas odos \u0161vyt\u0117jimui<\/p>\n<h2 data-start=\"5735\" data-end=\"5787\"><strong data-start=\"5735\" data-end=\"5787\">ZO\u00ae SKIN HEALTH &#8211; Illuminating AOX Serum savyb\u0117s<\/strong><\/h2>\n<p data-start=\"5789\" data-end=\"5962\">\u2714\ufe0f Suteikia antioksidacin\u0119 apsaug\u0105<br data-start=\"5823\" data-end=\"5826\" \/>\u2714\ufe0f Ma\u017eina sen\u0117jimo po\u017eymius<br data-start=\"5853\" data-end=\"5856\" \/>\u2714\ufe0f Palaiko sveik\u0105 odos b\u016bkl\u0119<br data-start=\"5884\" data-end=\"5887\" \/>\u2714\ufe0f Atkuria papilk\u0117jusios odos \u0161vyt\u0117jim\u0105<br data-start=\"5926\" data-end=\"5929\" \/>\u2714\ufe0f Vizualiai lygina odos pavir\u0161i\u0173<\/p>\n","protected":false},"featured_media":54054,"template":"","meta":[],"pwb-brand":[1187],"product_brand":[],"product_cat":[738,750,724],"product_tag":[],"giftcard-category":[],"class_list":{"0":"post-54051","1":"product","2":"type-product","3":"status-publish","4":"has-post-thumbnail","6":"pwb-brand-zo-skin-health","7":"product_cat-drekinimas","8":"product_cat-senstanti-oda","9":"product_cat-serumai","11":"first","12":"instock","13":"sale","14":"taxable","15":"shipping-taxable","16":"purchasable","17":"product-type-simple"},"acf":[],"brands":[{"id":1187,"name":"ZO\u00ae SKIN HEALTH","slug":"zo-skin-health"}],"_links":{"self":[{"href":"https:\/\/skinstudio.ee\/lt\/wp-json\/wp\/v2\/product\/54051","targetHints":{"allow":["GET"]}}],"collection":[{"href":"https:\/\/skinstudio.ee\/lt\/wp-json\/wp\/v2\/product"}],"about":[{"href":"https:\/\/skinstudio.ee\/lt\/wp-json\/wp\/v2\/types\/product"}],"version-history":[{"count":2,"href":"https:\/\/skinstudio.ee\/lt\/wp-json\/wp\/v2\/product\/54051\/revisions"}],"predecessor-version":[{"id":89125,"href":"https:\/\/skinstudio.ee\/lt\/wp-json\/wp\/v2\/product\/54051\/revisions\/89125"}],"wp:featuredmedia":[{"embeddable":true,"href":"https:\/\/skinstudio.ee\/lt\/wp-json\/wp\/v2\/media\/54054"}],"wp:attachment":[{"href":"https:\/\/skinstudio.ee\/lt\/wp-json\/wp\/v2\/media?parent=54051"}],"wp:term":[{"taxonomy":"pwb-brand","embeddable":true,"href":"https:\/\/skinstudio.ee\/lt\/wp-json\/wp\/v2\/pwb-brand?post=54051"},{"taxonomy":"product_brand","embeddable":true,"href":"https:\/\/skinstudio.ee\/lt\/wp-json\/wp\/v2\/product_brand?post=54051"},{"taxonomy":"product_cat","embeddable":true,"href":"https:\/\/skinstudio.ee\/lt\/wp-json\/wp\/v2\/product_cat?post=54051"},{"taxonomy":"product_tag","embeddable":true,"href":"https:\/\/skinstudio.ee\/lt\/wp-json\/wp\/v2\/product_tag?post=54051"},{"taxonomy":"giftcard-category","embeddable":true,"href":"https:\/\/skinstudio.ee\/lt\/wp-json\/wp\/v2\/giftcard-category?post=54051"}],"curies":[{"name":"wp","href":"https:\/\/api.w.org\/{rel}","templated":true}]}}