{"id":54062,"date":"2023-05-24T17:55:58","date_gmt":"2023-05-24T17:55:58","guid":{"rendered":"https:\/\/skinstudio.ee\/?post_type=product&#038;p=54062"},"modified":"2026-04-01T12:06:46","modified_gmt":"2026-04-01T12:06:46","slug":"recovery-creme","status":"publish","type":"product","link":"https:\/\/skinstudio.ee\/lt\/catalog\/zo-skin-health\/recovery-creme\/","title":{"rendered":"Recovery Cr\u00e8me"},"content":{"rendered":"<p data-start=\"4186\" data-end=\"4442\"><strong data-start=\"4186\" data-end=\"4224\">Recovery Cr\u00e8me nuo ZO\u00ae SKIN HEALTH<\/strong> &#8211; efektyviai dr\u0117kinantis kremas, padedantis palaikyti optimal\u0173 dr\u0117gm\u0117s lyg\u012f d\u0117l aktyvi\u0173 ingredient\u0173. Natrio hialuronatas palaiko dr\u0117gm\u0119, o jojobos esteriai, antioksidantai ir retinolis maitina bei palaiko atsistatym\u0105.<\/p>\n<p data-start=\"4444\" data-end=\"4612\">Formul\u0117 taip pat turi raminan\u010di\u0173 komponent\u0173, kurie padeda ma\u017einti paraudim\u0105 ir reaktyvum\u0105. Kremas padeda palaikyti komfort\u0105, stiprina barjer\u0105 ir gerina bendr\u0105 i\u0161vaizd\u0105.<\/p>\n<p data-start=\"4614\" data-end=\"4655\"><strong data-start=\"4614\" data-end=\"4655\">Kaip veikia pagrindiniai komponentai?<\/strong><\/p>\n<ul data-start=\"4657\" data-end=\"4909\">\n<li data-start=\"4657\" data-end=\"4711\">\n<p data-start=\"4659\" data-end=\"4711\"><strong data-start=\"4659\" data-end=\"4682\">Sodium Hyaluronate:<\/strong> palaiko optimal\u0173 dr\u0117kinim\u0105<\/p>\n<\/li>\n<li data-start=\"4712\" data-end=\"4779\">\n<p data-start=\"4714\" data-end=\"4779\"><strong data-start=\"4714\" data-end=\"4743\">Jojoba esters + Squalane:<\/strong> maitina ir palaiko lipid\u0173 balans\u0105<\/p>\n<\/li>\n<li data-start=\"4780\" data-end=\"4847\">\n<p data-start=\"4782\" data-end=\"4847\"><strong data-start=\"4782\" data-end=\"4814\">Retinol + Retinyl Palmitate:<\/strong> palaiko atsinaujinimo procesus<\/p>\n<\/li>\n<li data-start=\"4848\" data-end=\"4909\">\n<p data-start=\"4850\" data-end=\"4909\"><strong data-start=\"4850\" data-end=\"4882\">Ceramide NG + Phospholipids:<\/strong> stiprina apsaugin\u012f barjer\u0105<\/p>\n<\/li>\n<\/ul>\n<p data-start=\"4911\" data-end=\"4985\"><strong data-start=\"4911\" data-end=\"4940\">Kam tinka Recovery Cr\u00e8me:<\/strong> sausai ir jautriai odai, pa\u017eeistam barjerui.<\/p>\n<p data-start=\"4987\" data-end=\"5003\"><strong data-start=\"4987\" data-end=\"4997\">T\u016bris:<\/strong> 50 ml<\/p>\n","protected":false},"excerpt":{"rendered":"<p data-start=\"5151\" data-end=\"5194\">Dr\u0117kinamasis kremas sausai ir jautriai odai<\/p>\n<h2 data-start=\"5196\" data-end=\"5240\"><strong data-start=\"5196\" data-end=\"5240\">ZO\u00ae SKIN HEALTH &#8211; Recovery Cr\u00e8me savyb\u0117s<\/strong><\/h2>\n<p data-start=\"5242\" data-end=\"5418\">\u2714\ufe0f Skatina nat\u016bralius atsinaujinimo procesus<br data-start=\"5286\" data-end=\"5289\" \/>\u2714\ufe0f Ma\u017eina paraudim\u0105 ir sudirgim\u0105<br data-start=\"5321\" data-end=\"5324\" \/>\u2714\ufe0f Stiprina apsaugin\u012f barjer\u0105<br data-start=\"5353\" data-end=\"5356\" \/>\u2714\ufe0f Suteikia antioksidacin\u0119 apsaug\u0105<br data-start=\"5390\" data-end=\"5393\" \/>\u2714\ufe0f Palaiko gil\u0173 dr\u0117kinim\u0105<\/p>\n","protected":false},"featured_media":54066,"template":"","meta":[],"pwb-brand":[1187],"product_brand":[],"product_cat":[738,746,740,750],"product_tag":[],"giftcard-category":[],"class_list":{"0":"post-54062","1":"product","2":"type-product","3":"status-publish","4":"has-post-thumbnail","6":"pwb-brand-zo-skin-health","7":"product_cat-drekinimas","8":"product_cat-jautriai-odai","9":"product_cat-sausai-odai","10":"product_cat-senstanti-oda","12":"first","13":"instock","14":"sale","15":"taxable","16":"shipping-taxable","17":"purchasable","18":"product-type-simple"},"acf":[],"brands":[{"id":1187,"name":"ZO\u00ae SKIN HEALTH","slug":"zo-skin-health"}],"_links":{"self":[{"href":"https:\/\/skinstudio.ee\/lt\/wp-json\/wp\/v2\/product\/54062","targetHints":{"allow":["GET"]}}],"collection":[{"href":"https:\/\/skinstudio.ee\/lt\/wp-json\/wp\/v2\/product"}],"about":[{"href":"https:\/\/skinstudio.ee\/lt\/wp-json\/wp\/v2\/types\/product"}],"version-history":[{"count":2,"href":"https:\/\/skinstudio.ee\/lt\/wp-json\/wp\/v2\/product\/54062\/revisions"}],"predecessor-version":[{"id":89128,"href":"https:\/\/skinstudio.ee\/lt\/wp-json\/wp\/v2\/product\/54062\/revisions\/89128"}],"wp:featuredmedia":[{"embeddable":true,"href":"https:\/\/skinstudio.ee\/lt\/wp-json\/wp\/v2\/media\/54066"}],"wp:attachment":[{"href":"https:\/\/skinstudio.ee\/lt\/wp-json\/wp\/v2\/media?parent=54062"}],"wp:term":[{"taxonomy":"pwb-brand","embeddable":true,"href":"https:\/\/skinstudio.ee\/lt\/wp-json\/wp\/v2\/pwb-brand?post=54062"},{"taxonomy":"product_brand","embeddable":true,"href":"https:\/\/skinstudio.ee\/lt\/wp-json\/wp\/v2\/product_brand?post=54062"},{"taxonomy":"product_cat","embeddable":true,"href":"https:\/\/skinstudio.ee\/lt\/wp-json\/wp\/v2\/product_cat?post=54062"},{"taxonomy":"product_tag","embeddable":true,"href":"https:\/\/skinstudio.ee\/lt\/wp-json\/wp\/v2\/product_tag?post=54062"},{"taxonomy":"giftcard-category","embeddable":true,"href":"https:\/\/skinstudio.ee\/lt\/wp-json\/wp\/v2\/giftcard-category?post=54062"}],"curies":[{"name":"wp","href":"https:\/\/api.w.org\/{rel}","templated":true}]}}