{"id":54072,"date":"2023-05-24T17:55:58","date_gmt":"2023-05-24T17:55:58","guid":{"rendered":"https:\/\/skinstudio.ee\/?post_type=product&#038;p=54072"},"modified":"2026-04-01T12:06:32","modified_gmt":"2026-04-01T12:06:32","slug":"broad-spectrum-sunscreen-spf50","status":"publish","type":"product","link":"https:\/\/skinstudio.ee\/lt\/catalog\/zo-skin-health\/broad-spectrum-sunscreen-spf50\/","title":{"rendered":"Broad Spectrum Sunscreen SPF50"},"content":{"rendered":"<p data-start=\"4134\" data-end=\"4410\"><strong data-start=\"4134\" data-end=\"4188\">Broad Spectrum Sunscreen SPF50 nuo ZO\u00ae SKIN HEALTH<\/strong> &#8211; mineralinis apsauginis kremas nuo saul\u0117s su lengva tekst\u016bra, u\u017etikrinantis kasdien\u0119 apsaug\u0105 nuo plataus spektro saul\u0117s spinduliuot\u0117s. Formul\u0117 tinkama ir jautriai odai, padedanti i\u0161laikyti komfort\u0105 ir apsaugot\u0105 i\u0161vaizd\u0105.<\/p>\n<p data-start=\"4412\" data-end=\"4594\">Priemon\u0117 sujungia fotoprotekcij\u0105 ir prie\u017ei\u016bros savybes, pad\u0117dama palaikyti komfort\u0105 bei tolygesn\u0119 i\u0161vaizd\u0105 dienos metu. Tinka reguliariam naudojimui ir apsaugo nuo aplinkos veiksni\u0173.<\/p>\n<p data-start=\"4596\" data-end=\"4637\"><strong data-start=\"4596\" data-end=\"4637\">Kaip veikia pagrindiniai komponentai:<\/strong><\/p>\n<ul data-start=\"4639\" data-end=\"4869\">\n<li data-start=\"4639\" data-end=\"4723\">\n<p data-start=\"4641\" data-end=\"4723\"><strong data-start=\"4641\" data-end=\"4666\">Fractionated Melanin:<\/strong> padeda apsaugoti nuo HEV spinduliuot\u0117s ir fotosen\u0117jimo<\/p>\n<\/li>\n<li data-start=\"4724\" data-end=\"4801\">\n<p data-start=\"4726\" data-end=\"4801\"><strong data-start=\"4726\" data-end=\"4757\">ZOX12\u2122 antioxidant complex:<\/strong> suteikia ilgalaik\u0119 antioksidacin\u0119 apsaug\u0105<\/p>\n<\/li>\n<li data-start=\"4802\" data-end=\"4869\">\n<p data-start=\"4804\" data-end=\"4869\"><strong data-start=\"4804\" data-end=\"4827\">Mineral UV filters:<\/strong> u\u017etikrina plataus spektro UVA\/UVB apsaug\u0105<\/p>\n<\/li>\n<\/ul>\n<p data-start=\"4871\" data-end=\"4960\"><strong data-start=\"4871\" data-end=\"4916\">Kam tinka Broad Spectrum Sunscreen SPF50:<\/strong> visiems odos tipams, \u012fskaitant jautri\u0105 od\u0105.<\/p>\n<p data-start=\"4962\" data-end=\"4978\"><strong data-start=\"4962\" data-end=\"4972\">T\u016bris:<\/strong> 118 g<\/p>\n","protected":false},"excerpt":{"rendered":"<p data-start=\"5124\" data-end=\"5159\">Mineralinis apsauginis kremas SPF50<\/p>\n<h2 data-start=\"5161\" data-end=\"5221\"><strong data-start=\"5161\" data-end=\"5221\">ZO\u00ae SKIN HEALTH &#8211; Broad Spectrum Sunscreen SPF50 savyb\u0117s<\/strong><\/h2>\n<p data-start=\"5223\" data-end=\"5385\">\u2714\ufe0f Apsaugo nuo UVA, UVB ir HEV<br data-start=\"5253\" data-end=\"5256\" \/>\u2714\ufe0f Palaiko optimal\u0173 dr\u0117kinim\u0105<br data-start=\"5285\" data-end=\"5288\" \/>\u2714\ufe0f Suvienodina ton\u0105 ir i\u0161vaizd\u0105<br data-start=\"5319\" data-end=\"5322\" \/>\u2714\ufe0f Suteikia komfort\u0105 jautriai odai<br data-start=\"5356\" data-end=\"5359\" \/>\u2714\ufe0f Ma\u017eina aplinkos poveik\u012f<\/p>\n","protected":false},"featured_media":54078,"template":"","meta":[],"pwb-brand":[1187],"product_brand":[],"product_cat":[740,732],"product_tag":[],"giftcard-category":[],"class_list":{"0":"post-54072","1":"product","2":"type-product","3":"status-publish","4":"has-post-thumbnail","6":"pwb-brand-zo-skin-health","7":"product_cat-sausai-odai","8":"product_cat-spf-apsauga","10":"first","11":"instock","12":"sale","13":"taxable","14":"shipping-taxable","15":"purchasable","16":"product-type-simple"},"acf":[],"brands":[{"id":1187,"name":"ZO\u00ae SKIN HEALTH","slug":"zo-skin-health"}],"_links":{"self":[{"href":"https:\/\/skinstudio.ee\/lt\/wp-json\/wp\/v2\/product\/54072","targetHints":{"allow":["GET"]}}],"collection":[{"href":"https:\/\/skinstudio.ee\/lt\/wp-json\/wp\/v2\/product"}],"about":[{"href":"https:\/\/skinstudio.ee\/lt\/wp-json\/wp\/v2\/types\/product"}],"version-history":[{"count":2,"href":"https:\/\/skinstudio.ee\/lt\/wp-json\/wp\/v2\/product\/54072\/revisions"}],"predecessor-version":[{"id":89126,"href":"https:\/\/skinstudio.ee\/lt\/wp-json\/wp\/v2\/product\/54072\/revisions\/89126"}],"wp:featuredmedia":[{"embeddable":true,"href":"https:\/\/skinstudio.ee\/lt\/wp-json\/wp\/v2\/media\/54078"}],"wp:attachment":[{"href":"https:\/\/skinstudio.ee\/lt\/wp-json\/wp\/v2\/media?parent=54072"}],"wp:term":[{"taxonomy":"pwb-brand","embeddable":true,"href":"https:\/\/skinstudio.ee\/lt\/wp-json\/wp\/v2\/pwb-brand?post=54072"},{"taxonomy":"product_brand","embeddable":true,"href":"https:\/\/skinstudio.ee\/lt\/wp-json\/wp\/v2\/product_brand?post=54072"},{"taxonomy":"product_cat","embeddable":true,"href":"https:\/\/skinstudio.ee\/lt\/wp-json\/wp\/v2\/product_cat?post=54072"},{"taxonomy":"product_tag","embeddable":true,"href":"https:\/\/skinstudio.ee\/lt\/wp-json\/wp\/v2\/product_tag?post=54072"},{"taxonomy":"giftcard-category","embeddable":true,"href":"https:\/\/skinstudio.ee\/lt\/wp-json\/wp\/v2\/giftcard-category?post=54072"}],"curies":[{"name":"wp","href":"https:\/\/api.w.org\/{rel}","templated":true}]}}