{"id":54086,"date":"2023-05-24T17:55:58","date_gmt":"2023-05-24T17:55:58","guid":{"rendered":"https:\/\/skinstudio.ee\/?post_type=product&#038;p=54086"},"modified":"2026-04-01T12:07:00","modified_gmt":"2026-04-01T12:07:00","slug":"body-emulsion","status":"publish","type":"product","link":"https:\/\/skinstudio.ee\/lt\/catalog\/zo-skin-health\/body-emulsion\/","title":{"rendered":"Body Emulsion"},"content":{"rendered":"<p data-start=\"3982\" data-end=\"4231\"><strong data-start=\"3982\" data-end=\"4019\">Body Emulsion nuo ZO\u00ae SKIN HEALTH<\/strong> &#8211; k\u016bno losjonas dehidratuotai odai, padedantis pagerinti tekst\u016br\u0105, suvienodinti ton\u0105 ir suteikti lygesn\u0119 i\u0161vaizd\u0105. Formul\u0117 padeda ma\u017einti sausumo, \u0161iurk\u0161tumo ir nelygaus pavir\u0161iaus matomum\u0105, suteikdama komforto.<\/p>\n<p data-start=\"4233\" data-end=\"4467\">Priemon\u0117 palaiko optimal\u0173 dr\u0117kinim\u0105, skatina \u0161veln\u0173 pavir\u0161iaus atsinaujinim\u0105 ir padeda i\u0161laikyti balans\u0105 kasdien naudojant. Tinka prie\u017ei\u016brai esant stangrumo praradimui, nelygiam tonui ar papilk\u0117jusiai i\u0161vaizdai, taip pat po proced\u016br\u0173.<\/p>\n<p data-start=\"4469\" data-end=\"4510\"><strong data-start=\"4469\" data-end=\"4510\">Kaip veikia pagrindiniai komponentai:<\/strong><\/p>\n<ul data-start=\"4512\" data-end=\"4717\">\n<li data-start=\"4512\" data-end=\"4587\">\n<p data-start=\"4514\" data-end=\"4587\"><strong data-start=\"4514\" data-end=\"4526\">Retinol:<\/strong> palaiko atsinaujinimo procesus ir padeda suvienodinti ton\u0105<\/p>\n<\/li>\n<li data-start=\"4588\" data-end=\"4659\">\n<p data-start=\"4590\" data-end=\"4659\"><strong data-start=\"4590\" data-end=\"4608\">Papain enzyme:<\/strong> \u0161velniai atnaujina pavir\u0161i\u0173 ir ma\u017eina \u0161iurk\u0161tum\u0105<\/p>\n<\/li>\n<li data-start=\"4660\" data-end=\"4717\">\n<p data-start=\"4662\" data-end=\"4717\"><strong data-start=\"4662\" data-end=\"4688\">Yeast extract complex:<\/strong> palaiko atsistatymo procesus<\/p>\n<\/li>\n<\/ul>\n<p data-start=\"4719\" data-end=\"4858\"><strong data-start=\"4719\" data-end=\"4747\">Kam tinka Body Emulsion:<\/strong> universalus produktas visiems odos tipams, ypa\u010d esant sausumui, nelygiai tekst\u016brai ir suma\u017e\u0117jusiam stangrumui.<\/p>\n<p data-start=\"4860\" data-end=\"4877\"><strong data-start=\"4860\" data-end=\"4870\">T\u016bris:<\/strong> 240 ml<\/p>\n","protected":false},"excerpt":{"rendered":"<p data-start=\"4957\" data-end=\"4970\">K\u016bno losjonas<\/p>\n<h2 data-start=\"4972\" data-end=\"5015\"><strong data-start=\"4972\" data-end=\"5015\">ZO\u00ae SKIN HEALTH &#8211; Body Emulsion savyb\u0117s<\/strong><\/h2>\n<p data-start=\"5017\" data-end=\"5200\">\u2714\ufe0f Atnaujina pavir\u0161i\u0173 ir ma\u017eina \u0161iurk\u0161tum\u0105<br data-start=\"5059\" data-end=\"5062\" \/>\u2714\ufe0f Skatina l\u0105steli\u0173 atsinaujinim\u0105<br data-start=\"5095\" data-end=\"5098\" \/>\u2714\ufe0f Suvienodina ton\u0105 ir ma\u017eina pigmentacij\u0105<br data-start=\"5140\" data-end=\"5143\" \/>\u2714\ufe0f Suteikia gil\u0173 dr\u0117kinim\u0105<br data-start=\"5169\" data-end=\"5172\" \/>\u2714\ufe0f Palaiko apsaugin\u012f barjer\u0105<\/p>\n","protected":false},"featured_media":54087,"template":"","meta":[],"pwb-brand":[1187],"product_brand":[],"product_cat":[738,758,740],"product_tag":[],"giftcard-category":[],"class_list":{"0":"post-54086","1":"product","2":"type-product","3":"status-publish","4":"has-post-thumbnail","6":"pwb-brand-zo-skin-health","7":"product_cat-drekinimas","8":"product_cat-kuno-prieziura","9":"product_cat-sausai-odai","11":"first","12":"instock","13":"sale","14":"taxable","15":"shipping-taxable","16":"purchasable","17":"product-type-simple"},"acf":[],"brands":[{"id":1187,"name":"ZO\u00ae SKIN HEALTH","slug":"zo-skin-health"}],"_links":{"self":[{"href":"https:\/\/skinstudio.ee\/lt\/wp-json\/wp\/v2\/product\/54086","targetHints":{"allow":["GET"]}}],"collection":[{"href":"https:\/\/skinstudio.ee\/lt\/wp-json\/wp\/v2\/product"}],"about":[{"href":"https:\/\/skinstudio.ee\/lt\/wp-json\/wp\/v2\/types\/product"}],"version-history":[{"count":2,"href":"https:\/\/skinstudio.ee\/lt\/wp-json\/wp\/v2\/product\/54086\/revisions"}],"predecessor-version":[{"id":89130,"href":"https:\/\/skinstudio.ee\/lt\/wp-json\/wp\/v2\/product\/54086\/revisions\/89130"}],"wp:featuredmedia":[{"embeddable":true,"href":"https:\/\/skinstudio.ee\/lt\/wp-json\/wp\/v2\/media\/54087"}],"wp:attachment":[{"href":"https:\/\/skinstudio.ee\/lt\/wp-json\/wp\/v2\/media?parent=54086"}],"wp:term":[{"taxonomy":"pwb-brand","embeddable":true,"href":"https:\/\/skinstudio.ee\/lt\/wp-json\/wp\/v2\/pwb-brand?post=54086"},{"taxonomy":"product_brand","embeddable":true,"href":"https:\/\/skinstudio.ee\/lt\/wp-json\/wp\/v2\/product_brand?post=54086"},{"taxonomy":"product_cat","embeddable":true,"href":"https:\/\/skinstudio.ee\/lt\/wp-json\/wp\/v2\/product_cat?post=54086"},{"taxonomy":"product_tag","embeddable":true,"href":"https:\/\/skinstudio.ee\/lt\/wp-json\/wp\/v2\/product_tag?post=54086"},{"taxonomy":"giftcard-category","embeddable":true,"href":"https:\/\/skinstudio.ee\/lt\/wp-json\/wp\/v2\/giftcard-category?post=54086"}],"curies":[{"name":"wp","href":"https:\/\/api.w.org\/{rel}","templated":true}]}}