{"id":54097,"date":"2023-05-24T17:55:58","date_gmt":"2023-05-24T17:55:58","guid":{"rendered":"https:\/\/skinstudio.ee\/?post_type=product&#038;p=54097"},"modified":"2026-04-01T12:42:07","modified_gmt":"2026-04-01T12:42:07","slug":"sunscreen-powder-broad-spectrum","status":"publish","type":"product","link":"https:\/\/skinstudio.ee\/lt\/catalog\/zo-skin-health\/sunscreen-powder-broad-spectrum\/","title":{"rendered":"Sunscreen + Powder Broad-Spectrum SPF45"},"content":{"rendered":"<p data-start=\"1873\" data-end=\"2235\"><strong data-start=\"1873\" data-end=\"1937\">Sunscreen + Powder Broad-Spectrum SPF45 nuo ZO\u00ae SKIN HEALTH<\/strong> &#8211; inovatyvi apsaugin\u0117 pudra nuo saul\u0117s, u\u017etikrinanti visapusi\u0161k\u0105 apsaug\u0105 nuo UVA\/UVB spinduli\u0173 ir didel\u0117s energijos matomos \u0161viesos (HEV). Formul\u0117 sujungia mineralinius filtrus ir odos prie\u017ei\u016bros komponentus, pad\u0117dama apsaugoti od\u0105 ir i\u0161laikyti j\u0105 lygesn\u0119, tolygesn\u0119 ir gaivesn\u0119 visos dienos metu.<\/p>\n<p data-start=\"2237\" data-end=\"2584\">Integruotas \u0161epet\u0117lis su itin mink\u0161tais \u0161ereliais u\u017etikrina tolyg\u0173 padengim\u0105 ir patog\u0173 pakartotin\u012f naudojim\u0105 dienos metu. Magnetinis tvirtinimas leid\u017eia lengvai nuimti \u0161epet\u0117lio galvut\u0119 ir j\u0105 i\u0161valyti, u\u017etikrinant higieni\u0161k\u0105 naudojim\u0105. Pudra sugeria riebal\u0173 pertekli\u0173, ma\u017eina blizges\u012f ir suteikia odai nat\u016bral\u0173, \u0161vytint\u012f efekt\u0105 bei tolygesn\u012f ton\u0105.<\/p>\n<p data-start=\"2586\" data-end=\"2635\"><strong data-start=\"2586\" data-end=\"2635\">Kaip veikia pagrindiniai aktyv\u016bs komponentai?<\/strong><\/p>\n<ul data-start=\"2637\" data-end=\"2944\">\n<li data-section-id=\"cucsw\" data-start=\"2637\" data-end=\"2709\"><strong data-start=\"2639\" data-end=\"2653\">Zinc Oxide<\/strong> &#8211; u\u017etikrina patikim\u0105 apsaug\u0105 nuo UVA ir UVB spinduli\u0173<\/li>\n<li data-section-id=\"hvgmi5\" data-start=\"2710\" data-end=\"2824\"><strong data-start=\"2712\" data-end=\"2736\">Fractionated Melanin<\/strong> &#8211; apsaugo nuo m\u0117lynos \u0161viesos (HEV), sklindan\u010dios i\u0161 saul\u0117s ir skaitmenini\u0173 \u012frengini\u0173<\/li>\n<li data-section-id=\"ks8lql\" data-start=\"2825\" data-end=\"2944\"><strong data-start=\"2827\" data-end=\"2865\">ZOX\u00b9\u00b2\u00ae Complex (vitaminai A, C, E)<\/strong> &#8211; padeda neutralizuoti laisvuosius radikalus ir apsaugo od\u0105 nuo fotosen\u0117jimo<\/li>\n<\/ul>\n<p data-start=\"2946\" data-end=\"3121\"><strong data-start=\"2946\" data-end=\"3000\">Kam tinka Sunscreen + Powder Broad-Spectrum SPF45<\/strong> &#8211; vis\u0173 tip\u0173 odai, \u012fskaitant jautri\u0105 od\u0105, taip pat tiems, kurie ie\u0161ko patogaus b\u016bdo atnaujinti SPF apsaug\u0105 dienos metu.<\/p>\n","protected":false},"excerpt":{"rendered":"<p data-start=\"3286\" data-end=\"3314\">Apsaugin\u0117 pudra nuo saul\u0117s<\/p>\n<h2 data-start=\"3316\" data-end=\"3386\"><strong data-start=\"3316\" data-end=\"3386\">ZO\u00ae SKIN HEALTH &#8211; Sunscreen + Powder Broad-Spectrum Savyb\u0117s<\/strong><\/h2>\n<p data-start=\"3388\" data-end=\"3624\">\u2714\ufe0f U\u017etikrina plataus spektro SPF 45 apsaug\u0105<br data-start=\"3431\" data-end=\"3434\" \/>\u2714\ufe0f Saugo nuo UVA, UVB ir HEV spinduli\u0173<br data-start=\"3472\" data-end=\"3475\" \/>\u2714\ufe0f Kontroliuoja riebal\u0173 pertekli\u0173 ir ma\u017eina blizges\u012f<br data-start=\"3527\" data-end=\"3530\" \/>\u2714\ufe0f Suteikia odai tolygesn\u012f ton\u0105 ir \u0161vyt\u0117jim\u0105<br data-start=\"3574\" data-end=\"3577\" \/>\u2714\ufe0f Puikiai tinka SPF atnaujinimui dienos metu<\/p>\n","protected":false},"featured_media":54098,"template":"","meta":[],"pwb-brand":[1187],"product_brand":[],"product_cat":[742,746,771,752,750,732,748],"product_tag":[],"giftcard-category":[],"class_list":{"0":"post-54097","1":"product","2":"type-product","3":"status-publish","4":"has-post-thumbnail","6":"pwb-brand-zo-skin-health","7":"product_cat-berimai","8":"product_cat-jautriai-odai","9":"product_cat-makiazas","10":"product_cat-pigmentacija-lt","11":"product_cat-senstanti-oda","12":"product_cat-spf-apsauga","13":"product_cat-taukainai-adai-lt","14":"pa_suurus-deep-lt","15":"pa_suurus-light-lt","16":"pa_suurus-medium-lt","18":"first","19":"instock","20":"sale","21":"taxable","22":"shipping-taxable","23":"purchasable","24":"product-type-variable"},"acf":[],"brands":[{"id":1187,"name":"ZO\u00ae SKIN HEALTH","slug":"zo-skin-health"}],"_links":{"self":[{"href":"https:\/\/skinstudio.ee\/lt\/wp-json\/wp\/v2\/product\/54097","targetHints":{"allow":["GET"]}}],"collection":[{"href":"https:\/\/skinstudio.ee\/lt\/wp-json\/wp\/v2\/product"}],"about":[{"href":"https:\/\/skinstudio.ee\/lt\/wp-json\/wp\/v2\/types\/product"}],"version-history":[{"count":4,"href":"https:\/\/skinstudio.ee\/lt\/wp-json\/wp\/v2\/product\/54097\/revisions"}],"predecessor-version":[{"id":89259,"href":"https:\/\/skinstudio.ee\/lt\/wp-json\/wp\/v2\/product\/54097\/revisions\/89259"}],"wp:featuredmedia":[{"embeddable":true,"href":"https:\/\/skinstudio.ee\/lt\/wp-json\/wp\/v2\/media\/54098"}],"wp:attachment":[{"href":"https:\/\/skinstudio.ee\/lt\/wp-json\/wp\/v2\/media?parent=54097"}],"wp:term":[{"taxonomy":"pwb-brand","embeddable":true,"href":"https:\/\/skinstudio.ee\/lt\/wp-json\/wp\/v2\/pwb-brand?post=54097"},{"taxonomy":"product_brand","embeddable":true,"href":"https:\/\/skinstudio.ee\/lt\/wp-json\/wp\/v2\/product_brand?post=54097"},{"taxonomy":"product_cat","embeddable":true,"href":"https:\/\/skinstudio.ee\/lt\/wp-json\/wp\/v2\/product_cat?post=54097"},{"taxonomy":"product_tag","embeddable":true,"href":"https:\/\/skinstudio.ee\/lt\/wp-json\/wp\/v2\/product_tag?post=54097"},{"taxonomy":"giftcard-category","embeddable":true,"href":"https:\/\/skinstudio.ee\/lt\/wp-json\/wp\/v2\/giftcard-category?post=54097"}],"curies":[{"name":"wp","href":"https:\/\/api.w.org\/{rel}","templated":true}]}}