{"id":54108,"date":"2023-05-24T17:55:58","date_gmt":"2023-05-24T17:55:58","guid":{"rendered":"https:\/\/skinstudio.ee\/?post_type=product&#038;p=54108"},"modified":"2026-04-01T12:07:20","modified_gmt":"2026-04-01T12:07:20","slug":"smart-tone-broad-spectrum-spf-50","status":"publish","type":"product","link":"https:\/\/skinstudio.ee\/lt\/catalog\/zo-skin-health\/smart-tone-broad-spectrum-spf-50\/","title":{"rendered":"Smart Tone Broad-Spectrum SPF 50"},"content":{"rendered":"<p data-start=\"3853\" data-end=\"4106\"><strong data-start=\"3853\" data-end=\"3902\">Smart Tone Broad-Spectrum SPF 50 nuo ZO\u00ae SKIN HEALTH<\/strong> &#8211; moderni tonuojanti apsaugos nuo saul\u0117s priemon\u0117 su SPF 50 ir \u201esmart colour\u201c technologija, prisitaikanti prie bet kurio odos tono. Formul\u0117 padeda vizualiai maskuoti netobulumus ir suvienodinti atspalv\u012f.<\/p>\n<p data-start=\"4108\" data-end=\"4303\">Patent\u0173 apsaugota kapsuliuot\u0173 pigment\u0173 sistema u\u017etikrina tolyg\u0173 koregavim\u0105 ir kasdien\u0119 apsaug\u0105 nuo UVA\/UVB ir HEV spinduliuot\u0117s. Lengva tekst\u016bra sujungia apsaug\u0105 nuo saul\u0117s su tonuojan\u010diu efektu.<\/p>\n<p data-start=\"4305\" data-end=\"4346\"><strong data-start=\"4305\" data-end=\"4346\">Kaip veikia pagrindiniai komponentai:<\/strong><\/p>\n<ul data-start=\"4348\" data-end=\"4535\">\n<li data-start=\"4348\" data-end=\"4415\">\n<p data-start=\"4350\" data-end=\"4415\"><strong data-start=\"4350\" data-end=\"4381\">ZOX12\u2122 antioxidant complex:<\/strong> suteikia antioksidacin\u0119 apsaug\u0105<\/p>\n<\/li>\n<li data-start=\"4416\" data-end=\"4487\">\n<p data-start=\"4418\" data-end=\"4487\"><strong data-start=\"4418\" data-end=\"4459\">Encapsulated pigment bead technology:<\/strong> prisitaiko prie odos tono<\/p>\n<\/li>\n<li data-start=\"4488\" data-end=\"4535\">\n<p data-start=\"4490\" data-end=\"4535\"><strong data-start=\"4490\" data-end=\"4502\">Melanin:<\/strong> padeda apsaugoti nuo HEV \u0161viesos<\/p>\n<\/li>\n<\/ul>\n<p data-start=\"4537\" data-end=\"4598\"><strong data-start=\"4537\" data-end=\"4577\">Kam tinka Smart Tone Broad-Spectrum:<\/strong> visiems odos tipams.<\/p>\n<p data-start=\"4600\" data-end=\"4616\"><strong data-start=\"4600\" data-end=\"4610\">T\u016bris:<\/strong> 45 ml<\/p>\n","protected":false},"excerpt":{"rendered":"<p data-start=\"4742\" data-end=\"4777\">Tonuojantis apsauginis kremas SPF50<\/p>\n<h2 data-start=\"4779\" data-end=\"4834\"><strong data-start=\"4779\" data-end=\"4834\">ZO\u00ae SKIN HEALTH &#8211; Smart Tone Broad-Spectrum SPF 50 savyb\u0117s<\/strong><\/h2>\n<p data-start=\"4836\" data-end=\"5003\">\u2714\ufe0f Apsaugo nuo UVA, UVB ir HEV<br data-start=\"4866\" data-end=\"4869\" \/>\u2714\ufe0f Prisitaiko prie odos tono<br data-start=\"4897\" data-end=\"4900\" \/>\u2714\ufe0f Maskuoja vizualius netobulumus<br data-start=\"4933\" data-end=\"4936\" \/>\u2714\ufe0f Suvienodina ton\u0105 ir tekst\u016br\u0105<br data-start=\"4967\" data-end=\"4970\" \/>\u2714\ufe0f Suteikia dr\u0117kinim\u0105 ir komfort\u0105<\/p>\n","protected":false},"featured_media":54109,"template":"","meta":[],"pwb-brand":[1187],"product_brand":[],"product_cat":[746,771,752,740,750,732],"product_tag":[],"giftcard-category":[],"class_list":{"0":"post-54108","1":"product","2":"type-product","3":"status-publish","4":"has-post-thumbnail","6":"pwb-brand-zo-skin-health","7":"product_cat-jautriai-odai","8":"product_cat-makiazas","9":"product_cat-pigmentacija-lt","10":"product_cat-sausai-odai","11":"product_cat-senstanti-oda","12":"product_cat-spf-apsauga","14":"first","15":"instock","16":"sale","17":"taxable","18":"shipping-taxable","19":"purchasable","20":"product-type-simple"},"acf":[],"brands":[{"id":1187,"name":"ZO\u00ae SKIN HEALTH","slug":"zo-skin-health"}],"_links":{"self":[{"href":"https:\/\/skinstudio.ee\/lt\/wp-json\/wp\/v2\/product\/54108","targetHints":{"allow":["GET"]}}],"collection":[{"href":"https:\/\/skinstudio.ee\/lt\/wp-json\/wp\/v2\/product"}],"about":[{"href":"https:\/\/skinstudio.ee\/lt\/wp-json\/wp\/v2\/types\/product"}],"version-history":[{"count":2,"href":"https:\/\/skinstudio.ee\/lt\/wp-json\/wp\/v2\/product\/54108\/revisions"}],"predecessor-version":[{"id":89133,"href":"https:\/\/skinstudio.ee\/lt\/wp-json\/wp\/v2\/product\/54108\/revisions\/89133"}],"wp:featuredmedia":[{"embeddable":true,"href":"https:\/\/skinstudio.ee\/lt\/wp-json\/wp\/v2\/media\/54109"}],"wp:attachment":[{"href":"https:\/\/skinstudio.ee\/lt\/wp-json\/wp\/v2\/media?parent=54108"}],"wp:term":[{"taxonomy":"pwb-brand","embeddable":true,"href":"https:\/\/skinstudio.ee\/lt\/wp-json\/wp\/v2\/pwb-brand?post=54108"},{"taxonomy":"product_brand","embeddable":true,"href":"https:\/\/skinstudio.ee\/lt\/wp-json\/wp\/v2\/product_brand?post=54108"},{"taxonomy":"product_cat","embeddable":true,"href":"https:\/\/skinstudio.ee\/lt\/wp-json\/wp\/v2\/product_cat?post=54108"},{"taxonomy":"product_tag","embeddable":true,"href":"https:\/\/skinstudio.ee\/lt\/wp-json\/wp\/v2\/product_tag?post=54108"},{"taxonomy":"giftcard-category","embeddable":true,"href":"https:\/\/skinstudio.ee\/lt\/wp-json\/wp\/v2\/giftcard-category?post=54108"}],"curies":[{"name":"wp","href":"https:\/\/api.w.org\/{rel}","templated":true}]}}