{"id":54117,"date":"2023-05-24T17:55:58","date_gmt":"2023-05-24T17:55:58","guid":{"rendered":"https:\/\/skinstudio.ee\/?post_type=product&#038;p=54117"},"modified":"2026-04-01T12:07:26","modified_gmt":"2026-04-01T12:07:26","slug":"daily-sheer-broad-spectrum-spf-50","status":"publish","type":"product","link":"https:\/\/skinstudio.ee\/lt\/catalog\/zo-skin-health\/daily-sheer-broad-spectrum-spf-50\/","title":{"rendered":"Daily Sheer Broad Spectrum SPF 50"},"content":{"rendered":"<p data-start=\"4271\" data-end=\"4565\"><strong data-start=\"4271\" data-end=\"4328\">Daily Sheer Broad Spectrum SPF 50 nuo ZO\u00ae SKIN HEALTH<\/strong> &#8211; lengvas kasdienis apsauginis kremas nuo saul\u0117s, skirtas apsaugoti od\u0105 nuo aplinkos veiksni\u0173 ir plataus spektro UV spinduliuot\u0117s. Formul\u0117 sujungia fotoprotekcij\u0105 ir prie\u017ei\u016bros savybes, pad\u0117dama i\u0161laikyti komfort\u0105 ir tolyg\u0173 odos vaizd\u0105.<\/p>\n<p data-start=\"4567\" data-end=\"4787\">Priemon\u0117 veikia keliais lygmenimis, suteikdama apsaug\u0105 nuo i\u0161orini\u0173 veiksni\u0173, palaikydama optimal\u0173 dr\u0117gm\u0117s balans\u0105 ir pad\u0117dama i\u0161laikyti odos pusiausvyr\u0105. Lengva tekst\u016bra tinka kasdieniam naudojimui aktyvios saul\u0117s metu.<\/p>\n<p data-start=\"4789\" data-end=\"4830\"><strong data-start=\"4789\" data-end=\"4830\">Kaip veikia pagrindiniai komponentai:<\/strong><\/p>\n<ul data-start=\"4832\" data-end=\"5046\">\n<li data-start=\"4832\" data-end=\"4910\">\n<p data-start=\"4834\" data-end=\"4910\"><strong data-start=\"4834\" data-end=\"4859\">Fractionated Melanin:<\/strong> padeda apsaugoti nuo fotosen\u0117jimo ir HEV \u0161viesos<\/p>\n<\/li>\n<li data-start=\"4911\" data-end=\"4978\">\n<p data-start=\"4913\" data-end=\"4978\"><strong data-start=\"4913\" data-end=\"4944\">ZOX12\u2122 antioxidant complex:<\/strong> suteikia antioksidacin\u0119 apsaug\u0105<\/p>\n<\/li>\n<li data-start=\"4979\" data-end=\"5046\">\n<p data-start=\"4981\" data-end=\"5046\"><strong data-start=\"4981\" data-end=\"5004\">UV filters complex:<\/strong> u\u017etikrina plataus spektro UVA\/UVB apsaug\u0105<\/p>\n<\/li>\n<\/ul>\n<p data-start=\"5048\" data-end=\"5117\"><strong data-start=\"5048\" data-end=\"5096\">Kam tinka Daily Sheer Broad Spectrum SPF 50:<\/strong> visiems odos tipams.<\/p>\n<p data-start=\"5119\" data-end=\"5135\"><strong data-start=\"5119\" data-end=\"5129\">T\u016bris:<\/strong> 45 ml<\/p>\n","protected":false},"excerpt":{"rendered":"<p data-start=\"5277\" data-end=\"5308\">Lengvas apsauginis kremas SPF50<\/p>\n<h2 data-start=\"5310\" data-end=\"5373\"><strong data-start=\"5310\" data-end=\"5373\">ZO\u00ae SKIN HEALTH &#8211; Daily Sheer Broad Spectrum SPF 50 savyb\u0117s<\/strong><\/h2>\n<p data-start=\"5375\" data-end=\"5529\">\u2714\ufe0f Apsaugo nuo UVA ir UVB<br data-start=\"5400\" data-end=\"5403\" \/>\u2714\ufe0f Padeda i\u0161vengti fotosen\u0117jimo<br data-start=\"5434\" data-end=\"5437\" \/>\u2714\ufe0f Neutralizuoja laisvuosius radikalus<br data-start=\"5475\" data-end=\"5478\" \/>\u2714\ufe0f Palaiko optimal\u0173 dr\u0117kinim\u0105<br data-start=\"5507\" data-end=\"5510\" \/>\u2714\ufe0f Ma\u017eina sudirgim\u0105<\/p>\n","protected":false},"featured_media":54120,"template":"","meta":[],"pwb-brand":[1187],"product_brand":[],"product_cat":[746,752,740,750,732,748],"product_tag":[],"giftcard-category":[],"class_list":{"0":"post-54117","1":"product","2":"type-product","3":"status-publish","4":"has-post-thumbnail","6":"pwb-brand-zo-skin-health","7":"product_cat-jautriai-odai","8":"product_cat-pigmentacija-lt","9":"product_cat-sausai-odai","10":"product_cat-senstanti-oda","11":"product_cat-spf-apsauga","12":"product_cat-taukainai-adai-lt","14":"first","15":"instock","16":"sale","17":"taxable","18":"shipping-taxable","19":"purchasable","20":"product-type-simple"},"acf":[],"brands":[{"id":1187,"name":"ZO\u00ae SKIN HEALTH","slug":"zo-skin-health"}],"_links":{"self":[{"href":"https:\/\/skinstudio.ee\/lt\/wp-json\/wp\/v2\/product\/54117","targetHints":{"allow":["GET"]}}],"collection":[{"href":"https:\/\/skinstudio.ee\/lt\/wp-json\/wp\/v2\/product"}],"about":[{"href":"https:\/\/skinstudio.ee\/lt\/wp-json\/wp\/v2\/types\/product"}],"version-history":[{"count":2,"href":"https:\/\/skinstudio.ee\/lt\/wp-json\/wp\/v2\/product\/54117\/revisions"}],"predecessor-version":[{"id":89134,"href":"https:\/\/skinstudio.ee\/lt\/wp-json\/wp\/v2\/product\/54117\/revisions\/89134"}],"wp:featuredmedia":[{"embeddable":true,"href":"https:\/\/skinstudio.ee\/lt\/wp-json\/wp\/v2\/media\/54120"}],"wp:attachment":[{"href":"https:\/\/skinstudio.ee\/lt\/wp-json\/wp\/v2\/media?parent=54117"}],"wp:term":[{"taxonomy":"pwb-brand","embeddable":true,"href":"https:\/\/skinstudio.ee\/lt\/wp-json\/wp\/v2\/pwb-brand?post=54117"},{"taxonomy":"product_brand","embeddable":true,"href":"https:\/\/skinstudio.ee\/lt\/wp-json\/wp\/v2\/product_brand?post=54117"},{"taxonomy":"product_cat","embeddable":true,"href":"https:\/\/skinstudio.ee\/lt\/wp-json\/wp\/v2\/product_cat?post=54117"},{"taxonomy":"product_tag","embeddable":true,"href":"https:\/\/skinstudio.ee\/lt\/wp-json\/wp\/v2\/product_tag?post=54117"},{"taxonomy":"giftcard-category","embeddable":true,"href":"https:\/\/skinstudio.ee\/lt\/wp-json\/wp\/v2\/giftcard-category?post=54117"}],"curies":[{"name":"wp","href":"https:\/\/api.w.org\/{rel}","templated":true}]}}