{"id":54127,"date":"2023-05-24T17:55:58","date_gmt":"2023-05-24T17:55:58","guid":{"rendered":"https:\/\/skinstudio.ee\/?post_type=product&#038;p=54127"},"modified":"2026-04-01T12:51:40","modified_gmt":"2026-04-01T12:51:40","slug":"anti-aging-program","status":"publish","type":"product","link":"https:\/\/skinstudio.ee\/lt\/catalog\/zo-skin-health\/anti-aging-program\/","title":{"rendered":"Anti-Aging Program"},"content":{"rendered":"<p data-start=\"2232\" data-end=\"2555\"><strong data-start=\"2232\" data-end=\"2274\">Anti-Aging Program nuo ZO\u00ae SKIN HEALTH<\/strong> yra odos prie\u017ei\u016bros sistema, skirta pirm\u0173j\u0173 odos sen\u0117jimo po\u017eymi\u0173 korekcijai ir odos apsaugai nuo aplinkos poveikio. Rinkinyje esantys produktai veikia sinergi\u0161kai: valo od\u0105, skatina l\u0105steli\u0173 atsinaujinim\u0105, palaiko odos atsistatym\u0105 ir padeda pagerinti odos tekst\u016br\u0105 bei stangrum\u0105.<\/p>\n<p data-start=\"2557\" data-end=\"2589\"><strong data-start=\"2557\" data-end=\"2589\">Prie\u017ei\u016bros protokolas apima:<\/strong><\/p>\n<p data-start=\"2591\" data-end=\"2799\"><strong data-start=\"2591\" data-end=\"2624\">Exfoliating Cleanser &#8211; 60 ml:<\/strong> prausiamasis gelis normaliai ir riebiai odai, kuris pa\u0161alina ne\u0161varumus ir negyvas odos l\u0105steles, padeda reguliuoti sebumo i\u0161siskyrim\u0105 ir palaiko antioksidacin\u0119 odos apsaug\u0105.<\/p>\n<p data-start=\"2801\" data-end=\"2942\"><strong data-start=\"2801\" data-end=\"2833\">Exfoliating Polish &#8211; 16,2 g:<\/strong> poliruojantis eksfoliantas, kuris pa\u0161alina negyvas odos l\u0105steles ir padeda skatinti epidermio atsinaujinim\u0105.<\/p>\n<p data-start=\"2944\" data-end=\"3115\"><strong data-start=\"2944\" data-end=\"2976\">Daily Power Defense &#8211; 30 ml:<\/strong> apsaugin\u0117 priemon\u0117 su retinoliu, fermentais ir antioksidantais, kuri palaiko l\u0105steli\u0173 atsinaujinim\u0105 ir stiprina odos apsaugines funkcijas.<\/p>\n<p data-start=\"3117\" data-end=\"3285\"><strong data-start=\"3117\" data-end=\"3149\">Growth Factor Serum &#8211; 30 ml:<\/strong> serumas su peptidais, retinoliu ir aminor\u016bg\u0161timis, kuris padeda pagerinti odos b\u016bkl\u0119, palaiko odos atsistatym\u0105 ir didina jos stangrum\u0105.<\/p>\n<p data-start=\"3287\" data-end=\"3500\"><strong data-start=\"3287\" data-end=\"3325\">Complexion Renewal Pads &#8211; 30 vnt.:<\/strong> r\u016bg\u0161timis prisotinti diskeliai odai, linkusiai \u012f akn\u0119 ir padid\u0117jus\u012f riebal\u0173 i\u0161siskyrim\u0105. Padeda valyti poras, ma\u017einti u\u017edegim\u0105 ir u\u017ekirsti keli\u0105 nauj\u0173 netobulum\u0173 atsiradimui.<\/p>\n","protected":false},"excerpt":{"rendered":"<p data-start=\"4228\" data-end=\"4280\">Sen\u0117jimo po\u017eymi\u0173 korekcijos odos prie\u017ei\u016bros rinkinys<\/p>\n<h2 data-start=\"4282\" data-end=\"4330\"><strong data-start=\"4282\" data-end=\"4330\">ZO\u00ae SKIN HEALTH &#8211; Anti-Aging Program Savyb\u0117s<\/strong><\/h2>\n<p data-start=\"4332\" data-end=\"4541\" data-is-last-node=\"\" data-is-only-node=\"\">\u2714\ufe0f Padeda suma\u017einti rauk\u0161li\u0173 matomum\u0105<br data-start=\"4369\" data-end=\"4372\" \/>\u2714\ufe0f Gerina odos stangrum\u0105 ir elastingum\u0105<br data-start=\"4411\" data-end=\"4414\" \/>\u2714\ufe0f Padeda suma\u017einti por\u0173 matomum\u0105<br data-start=\"4447\" data-end=\"4450\" \/>\u2714\ufe0f Palaiko odos apsaug\u0105 nuo fotosen\u0117jimo<br data-start=\"4490\" data-end=\"4493\" \/>\u2714\ufe0f Padeda i\u0161laikyti jaunatvi\u0161kesn\u0119 odos i\u0161vaizd\u0105<\/p>\n","protected":false},"featured_media":54128,"template":"","meta":[],"pwb-brand":[1187],"product_brand":[],"product_cat":[765,738,750,752,756,740,754],"product_tag":[],"giftcard-category":[],"class_list":{"0":"post-54127","1":"product","2":"type-product","3":"status-publish","4":"has-post-thumbnail","6":"pwb-brand-zo-skin-health","7":"product_cat-dovanos-ideja","8":"product_cat-drekinimas","9":"product_cat-odos-senejimas","10":"product_cat-pigmentacija","11":"product_cat-rinkiniai","12":"product_cat-sausa-oda","13":"product_cat-travel-size","15":"first","16":"instock","17":"taxable","18":"shipping-taxable","19":"purchasable","20":"product-type-simple"},"acf":[],"brands":[{"id":1187,"name":"ZO\u00ae SKIN HEALTH","slug":"zo-skin-health"}],"_links":{"self":[{"href":"https:\/\/skinstudio.ee\/lt\/wp-json\/wp\/v2\/product\/54127","targetHints":{"allow":["GET"]}}],"collection":[{"href":"https:\/\/skinstudio.ee\/lt\/wp-json\/wp\/v2\/product"}],"about":[{"href":"https:\/\/skinstudio.ee\/lt\/wp-json\/wp\/v2\/types\/product"}],"version-history":[{"count":2,"href":"https:\/\/skinstudio.ee\/lt\/wp-json\/wp\/v2\/product\/54127\/revisions"}],"predecessor-version":[{"id":89127,"href":"https:\/\/skinstudio.ee\/lt\/wp-json\/wp\/v2\/product\/54127\/revisions\/89127"}],"wp:featuredmedia":[{"embeddable":true,"href":"https:\/\/skinstudio.ee\/lt\/wp-json\/wp\/v2\/media\/54128"}],"wp:attachment":[{"href":"https:\/\/skinstudio.ee\/lt\/wp-json\/wp\/v2\/media?parent=54127"}],"wp:term":[{"taxonomy":"pwb-brand","embeddable":true,"href":"https:\/\/skinstudio.ee\/lt\/wp-json\/wp\/v2\/pwb-brand?post=54127"},{"taxonomy":"product_brand","embeddable":true,"href":"https:\/\/skinstudio.ee\/lt\/wp-json\/wp\/v2\/product_brand?post=54127"},{"taxonomy":"product_cat","embeddable":true,"href":"https:\/\/skinstudio.ee\/lt\/wp-json\/wp\/v2\/product_cat?post=54127"},{"taxonomy":"product_tag","embeddable":true,"href":"https:\/\/skinstudio.ee\/lt\/wp-json\/wp\/v2\/product_tag?post=54127"},{"taxonomy":"giftcard-category","embeddable":true,"href":"https:\/\/skinstudio.ee\/lt\/wp-json\/wp\/v2\/giftcard-category?post=54127"}],"curies":[{"name":"wp","href":"https:\/\/api.w.org\/{rel}","templated":true}]}}