{"id":54143,"date":"2023-05-24T17:55:55","date_gmt":"2023-05-24T17:55:55","guid":{"rendered":"https:\/\/skinstudio.ee\/?post_type=product&#038;p=54143"},"modified":"2026-04-01T12:07:40","modified_gmt":"2026-04-01T12:07:40","slug":"intense-eye-creme","status":"publish","type":"product","link":"https:\/\/skinstudio.ee\/lt\/catalog\/zo-skin-health\/intense-eye-creme\/","title":{"rendered":"Intense Eye Cr\u00e8me"},"content":{"rendered":"<p data-start=\"3850\" data-end=\"4103\"><strong data-start=\"3850\" data-end=\"3891\">Intense Eye Cr\u00e8me nuo ZO\u00ae SKIN HEALTH<\/strong> &#8211; universalus paaki\u0173 kremas, skirtas greitai pagerinti paaki\u0173 zonos i\u0161vaizd\u0105 ir suma\u017einti nuovargio po\u017eymius. Formul\u0117 padeda vizualiai i\u0161lyginti rauk\u0161les, suma\u017einti tamsius ratilus ir suteikti gaivesn\u0119 i\u0161vaizd\u0105.<\/p>\n<p data-start=\"4105\" data-end=\"4272\">Kremas padeda pagerinti tekst\u016br\u0105 ir tonus\u0105, suteikdamas labiau pails\u0117jus\u012f \u017evilgsn\u012f. Lengva tekst\u016bra u\u017etikrina komfort\u0105 be sunkumo poj\u016b\u010dio. Tinka kasdieniam naudojimui.<\/p>\n<p data-start=\"4274\" data-end=\"4315\"><strong data-start=\"4274\" data-end=\"4315\">Kaip veikia pagrindiniai komponentai:<\/strong><\/p>\n<ul data-start=\"4317\" data-end=\"4537\">\n<li data-start=\"4317\" data-end=\"4374\">\n<p data-start=\"4319\" data-end=\"4374\"><strong data-start=\"4319\" data-end=\"4331\">Retinol:<\/strong> skatina atsinaujinim\u0105 ir gerina tekst\u016br\u0105<\/p>\n<\/li>\n<li data-start=\"4375\" data-end=\"4438\">\n<p data-start=\"4377\" data-end=\"4438\"><strong data-start=\"4377\" data-end=\"4397\">Peptide complex:<\/strong> padeda pagerinti elastingum\u0105 ir tonus\u0105<\/p>\n<\/li>\n<li data-start=\"4439\" data-end=\"4537\">\n<p data-start=\"4441\" data-end=\"4537\"><strong data-start=\"4441\" data-end=\"4481\">Optical diffusers + soothing agents:<\/strong> padeda vizualiai suma\u017einti tamsius ratilus ir paburkim\u0105<\/p>\n<\/li>\n<\/ul>\n<p data-start=\"4539\" data-end=\"4592\"><strong data-start=\"4539\" data-end=\"4571\">Kam tinka Intense Eye Cr\u00e8me:<\/strong> visiems odos tipams.<\/p>\n<p data-start=\"4594\" data-end=\"4610\"><strong data-start=\"4594\" data-end=\"4604\">T\u016bris:<\/strong> 15 ml<\/p>\n","protected":false},"excerpt":{"rendered":"<p data-start=\"4782\" data-end=\"4808\">Dr\u0117kinamasis paaki\u0173 kremas<\/p>\n<h2 data-start=\"4810\" data-end=\"4857\"><strong data-start=\"4810\" data-end=\"4857\">ZO\u00ae SKIN HEALTH &#8211; Intense Eye Cr\u00e8me savyb\u0117s<\/strong><\/h2>\n<p data-start=\"4859\" data-end=\"5039\">\u2714\ufe0f Ma\u017eina tamsius ratilus ir paburkim\u0105<br data-start=\"4897\" data-end=\"4900\" \/>\u2714\ufe0f Lygina rauk\u0161les ir smulkias linijas<br data-start=\"4938\" data-end=\"4941\" \/>\u2714\ufe0f Gerina elastingum\u0105 aplink akis<br data-start=\"4974\" data-end=\"4977\" \/>\u2714\ufe0f Suteikia gaivesn\u012f \u017evilgsn\u012f<br data-start=\"5006\" data-end=\"5009\" \/>\u2714\ufe0f Tinka kasdieniam naudojimui<\/p>\n","protected":false},"featured_media":54144,"template":"","meta":[],"pwb-brand":[1187],"product_brand":[],"product_cat":[738,734,750],"product_tag":[],"giftcard-category":[],"class_list":{"0":"post-54143","1":"product","2":"type-product","3":"status-publish","4":"has-post-thumbnail","6":"pwb-brand-zo-skin-health","7":"product_cat-drekinimas","8":"product_cat-oda-aplink-akis","9":"product_cat-senstanti-oda","11":"first","12":"instock","13":"sale","14":"taxable","15":"shipping-taxable","16":"purchasable","17":"product-type-simple"},"acf":[],"brands":[{"id":1187,"name":"ZO\u00ae SKIN HEALTH","slug":"zo-skin-health"}],"_links":{"self":[{"href":"https:\/\/skinstudio.ee\/lt\/wp-json\/wp\/v2\/product\/54143","targetHints":{"allow":["GET"]}}],"collection":[{"href":"https:\/\/skinstudio.ee\/lt\/wp-json\/wp\/v2\/product"}],"about":[{"href":"https:\/\/skinstudio.ee\/lt\/wp-json\/wp\/v2\/types\/product"}],"version-history":[{"count":2,"href":"https:\/\/skinstudio.ee\/lt\/wp-json\/wp\/v2\/product\/54143\/revisions"}],"predecessor-version":[{"id":89136,"href":"https:\/\/skinstudio.ee\/lt\/wp-json\/wp\/v2\/product\/54143\/revisions\/89136"}],"wp:featuredmedia":[{"embeddable":true,"href":"https:\/\/skinstudio.ee\/lt\/wp-json\/wp\/v2\/media\/54144"}],"wp:attachment":[{"href":"https:\/\/skinstudio.ee\/lt\/wp-json\/wp\/v2\/media?parent=54143"}],"wp:term":[{"taxonomy":"pwb-brand","embeddable":true,"href":"https:\/\/skinstudio.ee\/lt\/wp-json\/wp\/v2\/pwb-brand?post=54143"},{"taxonomy":"product_brand","embeddable":true,"href":"https:\/\/skinstudio.ee\/lt\/wp-json\/wp\/v2\/product_brand?post=54143"},{"taxonomy":"product_cat","embeddable":true,"href":"https:\/\/skinstudio.ee\/lt\/wp-json\/wp\/v2\/product_cat?post=54143"},{"taxonomy":"product_tag","embeddable":true,"href":"https:\/\/skinstudio.ee\/lt\/wp-json\/wp\/v2\/product_tag?post=54143"},{"taxonomy":"giftcard-category","embeddable":true,"href":"https:\/\/skinstudio.ee\/lt\/wp-json\/wp\/v2\/giftcard-category?post=54143"}],"curies":[{"name":"wp","href":"https:\/\/api.w.org\/{rel}","templated":true}]}}