{"id":54150,"date":"2023-05-24T17:55:55","date_gmt":"2023-05-24T17:55:55","guid":{"rendered":"https:\/\/skinstudio.ee\/?post_type=product&#038;p=54150"},"modified":"2026-04-01T12:18:17","modified_gmt":"2026-04-01T12:18:17","slug":"eye-brightening-creme","status":"publish","type":"product","link":"https:\/\/skinstudio.ee\/lt\/catalog\/zo-skin-health\/eye-brightening-creme\/","title":{"rendered":"Eye Brightening Cr\u00e8me"},"content":{"rendered":"<p data-start=\"1996\" data-end=\"2347\"><strong data-start=\"1996\" data-end=\"2041\">Eye Brightening Cr\u00e8me nuo ZO\u00ae SKIN HEALTH<\/strong> &#8211; glotninantis ir odos ton\u0105 suvienodinantis paaki\u0173 kremas, skirtas pagerinti bendr\u0105 paaki\u0173 zonos i\u0161vaizd\u0105 ir suma\u017einti matomus nuovargio po\u017eymius. Lengva, komforti\u0161ka tekst\u016bra padeda vizualiai suma\u017einti rauk\u0161les, tamsius ratilus ir paburkim\u0105, suteikdama \u017evilgsniui gaivesn\u0119 ir labiau pails\u0117jusi\u0105 i\u0161vaizd\u0105.<\/p>\n<p data-start=\"2349\" data-end=\"2700\">Formul\u0117 palaiko lygesn\u0119 odos tekst\u016br\u0105 aplink akis, skatina tankio gerinim\u0105 ir padeda i\u0161laikyti optimal\u0173 dr\u0117gm\u0117s lyg\u012f. Kremas padeda stiprinti apsaugines funkcijas ir palaiko tolygesn\u0119 bei labiau \u0161vytin\u010di\u0105 i\u0161vaizd\u0105, i\u0161laikydamas komfort\u0105 reguliaraus naudojimo metu. Nuolat naudojant paaki\u0173 zona atrodo labiau pri\u017ei\u016br\u0117ta, tolygi ir vizualiai atnaujinta.<\/p>\n<p data-start=\"2702\" data-end=\"2853\">Produktas tinkamas kasdieniam naudojimui, lengvai pasiskirsto ir greitai \u012fsigeria, nesukeldamas sunkumo poj\u016b\u010dio, palikdamas od\u0105 mink\u0161t\u0105 ir komforti\u0161k\u0105.<\/p>\n<p data-start=\"2855\" data-end=\"2896\"><strong data-start=\"2855\" data-end=\"2896\">Kaip veikia pagrindiniai komponentai:<\/strong><\/p>\n<ul data-start=\"2898\" data-end=\"3128\">\n<li data-start=\"2898\" data-end=\"2968\">\n<p data-start=\"2900\" data-end=\"2968\"><strong data-start=\"2900\" data-end=\"2925\">Encapsulated Retinol:<\/strong> skatina atsinaujinim\u0105 ir gerina tekst\u016br\u0105<\/p>\n<\/li>\n<li data-start=\"2969\" data-end=\"3044\">\n<p data-start=\"2971\" data-end=\"3044\"><strong data-start=\"2971\" data-end=\"2994\">Hydrolyzed Sericin:<\/strong> padeda gerinti tank\u012f ir palaiko kolageno gamyb\u0105<\/p>\n<\/li>\n<li data-start=\"3045\" data-end=\"3128\">\n<p data-start=\"3047\" data-end=\"3128\"><strong data-start=\"3047\" data-end=\"3084\">Brightening + de-puffing complex:<\/strong> padeda ma\u017einti tamsius ratilus ir paburkim\u0105<\/p>\n<\/li>\n<\/ul>\n<p data-start=\"3130\" data-end=\"3209\"><strong data-start=\"3130\" data-end=\"3166\">Kam tinka Eye Brightening Cr\u00e8me:<\/strong> universalus produktas visiems odos tipams.<\/p>\n<p data-start=\"3211\" data-end=\"3226\"><strong data-start=\"3211\" data-end=\"3221\">T\u016bris:<\/strong> 15 g<\/p>\n","protected":false},"excerpt":{"rendered":"<p data-start=\"3387\" data-end=\"3415\">Kremas aki\u0173 kont\u016brui atkurti<\/p>\n<h2 data-start=\"3417\" data-end=\"3468\"><strong data-start=\"3417\" data-end=\"3468\">ZO\u00ae SKIN HEALTH &#8211; Eye Brightening Cr\u00e8me savyb\u0117s<\/strong><\/h2>\n<p data-start=\"3470\" data-end=\"3619\">\u2714\ufe0f Koreguoja sen\u0117jimo po\u017eymius<br data-start=\"3500\" data-end=\"3503\" \/>\u2714\ufe0f Suvienodina ton\u0105 ir tekst\u016br\u0105<br data-start=\"3534\" data-end=\"3537\" \/>\u2714\ufe0f \u0160viesina tamsius ratilus<br data-start=\"3564\" data-end=\"3567\" \/>\u2714\ufe0f Ma\u017eina paburkim\u0105<br data-start=\"3586\" data-end=\"3589\" \/>\u2714\ufe0f Didina elastingum\u0105 ir tank\u012f<\/p>\n","protected":false},"featured_media":54151,"template":"","meta":[],"pwb-brand":[1187],"product_brand":[],"product_cat":[738,734,740,750],"product_tag":[],"giftcard-category":[],"class_list":{"0":"post-54150","1":"product","2":"type-product","3":"status-publish","4":"has-post-thumbnail","6":"pwb-brand-zo-skin-health","7":"product_cat-drekinimas","8":"product_cat-oda-aplink-akis","9":"product_cat-sausai-odai","10":"product_cat-senstanti-oda","12":"first","13":"instock","14":"sale","15":"taxable","16":"shipping-taxable","17":"purchasable","18":"product-type-simple"},"acf":[],"brands":[{"id":1187,"name":"ZO\u00ae SKIN HEALTH","slug":"zo-skin-health"}],"_links":{"self":[{"href":"https:\/\/skinstudio.ee\/lt\/wp-json\/wp\/v2\/product\/54150","targetHints":{"allow":["GET"]}}],"collection":[{"href":"https:\/\/skinstudio.ee\/lt\/wp-json\/wp\/v2\/product"}],"about":[{"href":"https:\/\/skinstudio.ee\/lt\/wp-json\/wp\/v2\/types\/product"}],"version-history":[{"count":2,"href":"https:\/\/skinstudio.ee\/lt\/wp-json\/wp\/v2\/product\/54150\/revisions"}],"predecessor-version":[{"id":89190,"href":"https:\/\/skinstudio.ee\/lt\/wp-json\/wp\/v2\/product\/54150\/revisions\/89190"}],"wp:featuredmedia":[{"embeddable":true,"href":"https:\/\/skinstudio.ee\/lt\/wp-json\/wp\/v2\/media\/54151"}],"wp:attachment":[{"href":"https:\/\/skinstudio.ee\/lt\/wp-json\/wp\/v2\/media?parent=54150"}],"wp:term":[{"taxonomy":"pwb-brand","embeddable":true,"href":"https:\/\/skinstudio.ee\/lt\/wp-json\/wp\/v2\/pwb-brand?post=54150"},{"taxonomy":"product_brand","embeddable":true,"href":"https:\/\/skinstudio.ee\/lt\/wp-json\/wp\/v2\/product_brand?post=54150"},{"taxonomy":"product_cat","embeddable":true,"href":"https:\/\/skinstudio.ee\/lt\/wp-json\/wp\/v2\/product_cat?post=54150"},{"taxonomy":"product_tag","embeddable":true,"href":"https:\/\/skinstudio.ee\/lt\/wp-json\/wp\/v2\/product_tag?post=54150"},{"taxonomy":"giftcard-category","embeddable":true,"href":"https:\/\/skinstudio.ee\/lt\/wp-json\/wp\/v2\/giftcard-category?post=54150"}],"curies":[{"name":"wp","href":"https:\/\/api.w.org\/{rel}","templated":true}]}}