{"id":54158,"date":"2023-05-24T17:55:55","date_gmt":"2023-05-24T17:55:55","guid":{"rendered":"https:\/\/skinstudio.ee\/?post_type=product&#038;p=54158"},"modified":"2026-04-01T12:18:24","modified_gmt":"2026-04-01T12:18:24","slug":"growth-factor-eye-serum","status":"publish","type":"product","link":"https:\/\/skinstudio.ee\/lt\/catalog\/zo-skin-health\/growth-factor-eye-serum\/","title":{"rendered":"Growth Factor Eye Serum"},"content":{"rendered":"<p data-start=\"5701\" data-end=\"5981\"><strong data-start=\"5701\" data-end=\"5748\">Growth Factor Eye Serum nuo ZO\u00ae SKIN HEALTH<\/strong> &#8211; atnaujinantis serumas paaki\u0173 zonai, skirtas pagerinti odos i\u0161vaizd\u0105 ir vizualiai atkurti jos apimt\u012f. Formul\u0117 padeda i\u0161lyginti rauk\u0161les, suma\u017einti nuovargio po\u017eymius ir suteikti paaki\u0173 zonai gaivesn\u0119 bei labiau pri\u017ei\u016br\u0117t\u0105 i\u0161vaizd\u0105.<\/p>\n<p data-start=\"5983\" data-end=\"6413\">Priemon\u0117 palaiko lygesn\u0119 tekst\u016br\u0105 ir skatina odos tankio ger\u0117jim\u0105, pad\u0117dama sukurti atviresn\u012f ir labiau \u0161vytint\u012f \u017evilgsn\u012f. Lengva tekst\u016bra greitai \u012fsigeria, suteikdama komfort\u0105 be sunkumo poj\u016b\u010dio ir leid\u017eia naudoti produkt\u0105 kaip kasdien\u0117s prie\u017ei\u016bros dal\u012f arba kartu su profesionaliomis proced\u016bromis j\u0173 efektui sustiprinti. V\u0117sinantis aplikatorius suteikia papildom\u0105 komfort\u0105 naudojimo metu ir padeda vizualiai suma\u017einti paburkim\u0105.<\/p>\n<p data-start=\"6415\" data-end=\"6537\">Reguliariai naudojant oda atrodo lygesn\u0117, stangresn\u0117 ir vizualiai atnaujinta, o nuovargio po\u017eymiai tampa ma\u017eiau pastebimi.<\/p>\n<p data-start=\"6539\" data-end=\"6580\"><strong data-start=\"6539\" data-end=\"6580\">Kaip veikia pagrindiniai komponentai:<\/strong><\/p>\n<ul data-start=\"6582\" data-end=\"6852\">\n<li data-start=\"6582\" data-end=\"6684\">\n<p data-start=\"6584\" data-end=\"6684\"><strong data-start=\"6584\" data-end=\"6619\">Angelica sinensis root extract:<\/strong> palaiko mikrocirkuliacij\u0105 ir padeda stiprinti kapiliar\u0173 tinkl\u0105<\/p>\n<\/li>\n<li data-start=\"6685\" data-end=\"6759\">\n<p data-start=\"6687\" data-end=\"6759\"><strong data-start=\"6687\" data-end=\"6712\">Neuropeptide complex:<\/strong> padeda pastebimai i\u0161lyginti mimikos rauk\u0161les<\/p>\n<\/li>\n<li data-start=\"6760\" data-end=\"6852\">\n<p data-start=\"6762\" data-end=\"6852\"><strong data-start=\"6762\" data-end=\"6785\">Sodium Hyaluronate:<\/strong> suteikia intensyv\u0173 dr\u0117kinim\u0105 ir padeda vizualiai u\u017epildyti linijas<\/p>\n<\/li>\n<\/ul>\n<p data-start=\"6854\" data-end=\"6935\"><strong data-start=\"6854\" data-end=\"6892\">Kam tinka Growth Factor Eye Serum:<\/strong> universalus produktas visiems odos tipams.<\/p>\n<p data-start=\"6937\" data-end=\"6953\"><strong data-start=\"6937\" data-end=\"6947\">T\u016bris:<\/strong> 15 ml<\/p>\n","protected":false},"excerpt":{"rendered":"<p data-start=\"7256\" data-end=\"7291\">Paaki\u0173 serumas su augimo faktoriumi<\/p>\n<h2 data-start=\"7293\" data-end=\"7346\"><strong data-start=\"7293\" data-end=\"7346\">ZO\u00ae SKIN HEALTH &#8211; Growth Factor Eye Serum savyb\u0117s<\/strong><\/h2>\n<p data-start=\"7348\" data-end=\"7517\">\u2714\ufe0f Stiprina ir palaiko elastingum\u0105<br data-start=\"7382\" data-end=\"7385\" \/>\u2714\ufe0f Skatina atsinaujinimo procesus<br data-start=\"7418\" data-end=\"7421\" \/>\u2714\ufe0f Lygina rauk\u0161les ir linijas<br data-start=\"7450\" data-end=\"7453\" \/>\u2714\ufe0f Gerina paaki\u0173 zonos i\u0161vaizd\u0105<br data-start=\"7484\" data-end=\"7487\" \/>\u2714\ufe0f Su v\u0117sinan\u010diu aplikatoriumi<\/p>\n","protected":false},"featured_media":54159,"template":"","meta":[],"pwb-brand":[1187],"product_brand":[],"product_cat":[738,734,740,750],"product_tag":[],"giftcard-category":[],"class_list":{"0":"post-54158","1":"product","2":"type-product","3":"status-publish","4":"has-post-thumbnail","6":"pwb-brand-zo-skin-health","7":"product_cat-drekinimas","8":"product_cat-oda-aplink-akis","9":"product_cat-sausai-odai","10":"product_cat-senstanti-oda","12":"first","13":"instock","14":"sale","15":"taxable","16":"shipping-taxable","17":"purchasable","18":"product-type-simple"},"acf":[],"brands":[{"id":1187,"name":"ZO\u00ae SKIN HEALTH","slug":"zo-skin-health"}],"_links":{"self":[{"href":"https:\/\/skinstudio.ee\/lt\/wp-json\/wp\/v2\/product\/54158","targetHints":{"allow":["GET"]}}],"collection":[{"href":"https:\/\/skinstudio.ee\/lt\/wp-json\/wp\/v2\/product"}],"about":[{"href":"https:\/\/skinstudio.ee\/lt\/wp-json\/wp\/v2\/types\/product"}],"version-history":[{"count":2,"href":"https:\/\/skinstudio.ee\/lt\/wp-json\/wp\/v2\/product\/54158\/revisions"}],"predecessor-version":[{"id":89191,"href":"https:\/\/skinstudio.ee\/lt\/wp-json\/wp\/v2\/product\/54158\/revisions\/89191"}],"wp:featuredmedia":[{"embeddable":true,"href":"https:\/\/skinstudio.ee\/lt\/wp-json\/wp\/v2\/media\/54159"}],"wp:attachment":[{"href":"https:\/\/skinstudio.ee\/lt\/wp-json\/wp\/v2\/media?parent=54158"}],"wp:term":[{"taxonomy":"pwb-brand","embeddable":true,"href":"https:\/\/skinstudio.ee\/lt\/wp-json\/wp\/v2\/pwb-brand?post=54158"},{"taxonomy":"product_brand","embeddable":true,"href":"https:\/\/skinstudio.ee\/lt\/wp-json\/wp\/v2\/product_brand?post=54158"},{"taxonomy":"product_cat","embeddable":true,"href":"https:\/\/skinstudio.ee\/lt\/wp-json\/wp\/v2\/product_cat?post=54158"},{"taxonomy":"product_tag","embeddable":true,"href":"https:\/\/skinstudio.ee\/lt\/wp-json\/wp\/v2\/product_tag?post=54158"},{"taxonomy":"giftcard-category","embeddable":true,"href":"https:\/\/skinstudio.ee\/lt\/wp-json\/wp\/v2\/giftcard-category?post=54158"}],"curies":[{"name":"wp","href":"https:\/\/api.w.org\/{rel}","templated":true}]}}