{"id":54166,"date":"2023-05-24T17:55:54","date_gmt":"2023-05-24T17:55:54","guid":{"rendered":"https:\/\/skinstudio.ee\/?post_type=product&#038;p=54166"},"modified":"2026-04-01T12:19:13","modified_gmt":"2026-04-01T12:19:13","slug":"instant-pore-refiner","status":"publish","type":"product","link":"https:\/\/skinstudio.ee\/lt\/catalog\/zo-skin-health\/instant-pore-refiner\/","title":{"rendered":"Instant Pore Refiner"},"content":{"rendered":"<p data-start=\"4572\" data-end=\"4843\"><strong data-start=\"4572\" data-end=\"4615\">Instant Pore Refiner nuo ZO\u00ae SKIN HEALTH<\/strong> &#8211; momentinio poveikio serumas, skirtas vizualiai ma\u017einti i\u0161sipl\u0117tusias poras ir kontroliuoti riebal\u0173 blizges\u012f. Formul\u0117 suteikia dvigub\u0105 poveik\u012f: padeda suma\u017einti por\u0173 matomum\u0105 ir suteikia odai mati\u0161kesn\u0119 bei tolygesn\u0119 i\u0161vaizd\u0105.<\/p>\n<p data-start=\"4845\" data-end=\"5134\">Aktyvi formul\u0117 padeda gerinti odos tekst\u016br\u0105, ma\u017einti netobulumus ir palaikyti lygesn\u012f pavir\u0161i\u0173. Produktas pasi\u017eymi prie\u0161u\u017edegimin\u0117mis ir antioksidacin\u0117mis savyb\u0117mis, saugo nuo laisv\u0173j\u0173 radikal\u0173 ir padeda i\u0161vengti por\u0173 u\u017esikim\u0161imo. Tinka kasdieniam naudojimui, ypa\u010d riebiai ir por\u0117tai odai.<\/p>\n<p data-start=\"5136\" data-end=\"5222\">Reguliarus naudojimas padeda suvienodinti odos ton\u0105 ir ma\u017einti estetinius netobulumus.<\/p>\n<p data-start=\"5224\" data-end=\"5273\"><strong data-start=\"5224\" data-end=\"5273\">Kaip veikia pagrindiniai aktyv\u016bs komponentai:<\/strong><\/p>\n<ul data-start=\"5275\" data-end=\"5510\">\n<li data-start=\"5275\" data-end=\"5370\">\n<p data-start=\"5277\" data-end=\"5370\"><strong data-start=\"5277\" data-end=\"5308\">Salicyloyl Phytosphingosine<\/strong> &#8211; \u0161velniai eksfolijuoja ir padeda i\u0161vengti por\u0173 u\u017esikim\u0161imo<\/p>\n<\/li>\n<li data-start=\"5371\" data-end=\"5433\">\n<p data-start=\"5373\" data-end=\"5433\"><strong data-start=\"5373\" data-end=\"5393\">ZO-RRS2\u2122 Complex<\/strong> &#8211; ma\u017eina u\u017edegim\u0105 ir suteikia apsaug\u0105<\/p>\n<\/li>\n<li data-start=\"5434\" data-end=\"5510\">\n<p data-start=\"5436\" data-end=\"5510\"><strong data-start=\"5436\" data-end=\"5466\">ZOX12\u2122 Antioxidant Complex<\/strong> &#8211; suteikia ilgalaik\u0119 antioksidacin\u0119 apsaug\u0105<\/p>\n<\/li>\n<\/ul>\n<p data-start=\"5512\" data-end=\"5628\"><strong data-start=\"5512\" data-end=\"5546\">Kam tinka Instant Pore Refiner:<\/strong> riebiai, mi\u0161riai ir por\u0117tai odai; ypa\u010d esant i\u0161sipl\u0117tusioms poroms ir blizgesiui.<\/p>\n<p data-start=\"5630\" data-end=\"5645\"><strong data-start=\"5630\" data-end=\"5640\">T\u016bris:<\/strong> 29 g<\/p>\n","protected":false},"excerpt":{"rendered":"<p data-start=\"5733\" data-end=\"5777\">Momentinio poveikio poras ma\u017einantis serumas<\/p>\n<h2 data-start=\"5779\" data-end=\"5828\"><strong data-start=\"5779\" data-end=\"5828\">ZO\u00ae SKIN HEALTH &#8211; Instant Pore Refiner Savyb\u0117s<\/strong><\/h2>\n<p data-start=\"5830\" data-end=\"6013\">\u2714\ufe0f Vizualiai ma\u017eina por\u0173 dyd\u012f<br data-start=\"5859\" data-end=\"5862\" \/>\u2714\ufe0f Lygina tekst\u016br\u0105 ir mikroreljef\u0105<br data-start=\"5896\" data-end=\"5899\" \/>\u2714\ufe0f Kontroliuoja blizges\u012f ir matizuoja<br data-start=\"5936\" data-end=\"5939\" \/>\u2714\ufe0f Koreguoja netobulumus ir nelygumus<br data-start=\"5976\" data-end=\"5979\" \/>\u2714\ufe0f Suteikia antioksidacin\u0119 apsaug\u0105<\/p>\n","protected":false},"featured_media":54167,"template":"","meta":[],"pwb-brand":[1187],"product_brand":[],"product_cat":[742,744,724,748],"product_tag":[],"giftcard-category":[],"class_list":{"0":"post-54166","1":"product","2":"type-product","3":"status-publish","4":"has-post-thumbnail","6":"pwb-brand-zo-skin-health","7":"product_cat-berimai","8":"product_cat-issipletusios-poros","9":"product_cat-serumai","10":"product_cat-taukainai-adai-lt","12":"first","13":"instock","14":"sale","15":"taxable","16":"shipping-taxable","17":"purchasable","18":"product-type-simple"},"acf":[],"brands":[{"id":1187,"name":"ZO\u00ae SKIN HEALTH","slug":"zo-skin-health"}],"_links":{"self":[{"href":"https:\/\/skinstudio.ee\/lt\/wp-json\/wp\/v2\/product\/54166","targetHints":{"allow":["GET"]}}],"collection":[{"href":"https:\/\/skinstudio.ee\/lt\/wp-json\/wp\/v2\/product"}],"about":[{"href":"https:\/\/skinstudio.ee\/lt\/wp-json\/wp\/v2\/types\/product"}],"version-history":[{"count":2,"href":"https:\/\/skinstudio.ee\/lt\/wp-json\/wp\/v2\/product\/54166\/revisions"}],"predecessor-version":[{"id":89198,"href":"https:\/\/skinstudio.ee\/lt\/wp-json\/wp\/v2\/product\/54166\/revisions\/89198"}],"wp:featuredmedia":[{"embeddable":true,"href":"https:\/\/skinstudio.ee\/lt\/wp-json\/wp\/v2\/media\/54167"}],"wp:attachment":[{"href":"https:\/\/skinstudio.ee\/lt\/wp-json\/wp\/v2\/media?parent=54166"}],"wp:term":[{"taxonomy":"pwb-brand","embeddable":true,"href":"https:\/\/skinstudio.ee\/lt\/wp-json\/wp\/v2\/pwb-brand?post=54166"},{"taxonomy":"product_brand","embeddable":true,"href":"https:\/\/skinstudio.ee\/lt\/wp-json\/wp\/v2\/product_brand?post=54166"},{"taxonomy":"product_cat","embeddable":true,"href":"https:\/\/skinstudio.ee\/lt\/wp-json\/wp\/v2\/product_cat?post=54166"},{"taxonomy":"product_tag","embeddable":true,"href":"https:\/\/skinstudio.ee\/lt\/wp-json\/wp\/v2\/product_tag?post=54166"},{"taxonomy":"giftcard-category","embeddable":true,"href":"https:\/\/skinstudio.ee\/lt\/wp-json\/wp\/v2\/giftcard-category?post=54166"}],"curies":[{"name":"wp","href":"https:\/\/api.w.org\/{rel}","templated":true}]}}