{"id":54174,"date":"2023-05-24T17:55:54","date_gmt":"2023-05-24T17:55:54","guid":{"rendered":"https:\/\/skinstudio.ee\/?post_type=product&#038;p=54174"},"modified":"2026-04-01T12:18:46","modified_gmt":"2026-04-01T12:18:46","slug":"complexion-clearing-masque","status":"publish","type":"product","link":"https:\/\/skinstudio.ee\/lt\/catalog\/zo-skin-health\/complexion-clearing-masque\/","title":{"rendered":"Complexion Clearing Masque"},"content":{"rendered":"<p data-start=\"5206\" data-end=\"5513\"><strong data-start=\"5206\" data-end=\"5256\">Complexion Clearing Masque nuo ZO\u00ae SKIN HEALTH<\/strong> &#8211; valomoji kauk\u0117, skirta giliam por\u0173 valymui, odos tono suvienodinimui ir problemin\u0117s odos i\u0161vaizdos gerinimui. Formul\u0117 veikia kaip intensyvi ekspresin\u0117 priemon\u0117, padedanti greitai suma\u017einti matomus netobulumus ir suteikti \u0161varesn\u0117s, gaivesn\u0117s odos efekt\u0105.<\/p>\n<p data-start=\"5515\" data-end=\"5791\">Kauk\u0117 sugeria perteklin\u012f sebum\u0105 ir ne\u0161varumus, padeda i\u0161laikyti \u0161vari\u0105 odos pavir\u0161i\u0173 be sausumo poj\u016b\u010dio. \u0160velniai pa\u0161alina negyvas l\u0105steles, gerina tekst\u016bros tolygum\u0105 ir padeda palaikyti odos balans\u0105. Reguliariai naudojant oda atrodo lygesn\u0117, pri\u017ei\u016br\u0117ta ir vizualiai \u0161varesn\u0117.<\/p>\n<p data-start=\"5793\" data-end=\"5919\">Tinka tiek reguliariai problemin\u0117s odos prie\u017ei\u016brai, tiek kaip ekspresin\u0117 priemon\u0117, kai reikia greitai pagerinti odos i\u0161vaizd\u0105.<\/p>\n<p data-start=\"5921\" data-end=\"5958\"><strong data-start=\"5921\" data-end=\"5958\">Kaip veikia pagrindiniai aktyvai?<\/strong><\/p>\n<ul data-start=\"5960\" data-end=\"6207\">\n<li data-start=\"5960\" data-end=\"6070\">\n<p data-start=\"5962\" data-end=\"6070\"><strong data-start=\"5962\" data-end=\"5978\">Sulfur (10%)<\/strong> &#8211; \u0161velniai valo poras, skatina l\u0105steli\u0173 atsinaujinim\u0105 ir padeda ma\u017einti u\u017edegimo po\u017eymius<\/p>\n<\/li>\n<li data-start=\"6071\" data-end=\"6139\">\n<p data-start=\"6073\" data-end=\"6139\"><strong data-start=\"6073\" data-end=\"6095\">Kaolin + Bentonite<\/strong> &#8211; sugeria perteklin\u012f sebum\u0105 ir ne\u0161varumus<\/p>\n<\/li>\n<li data-start=\"6140\" data-end=\"6207\">\n<p data-start=\"6142\" data-end=\"6207\"><strong data-start=\"6142\" data-end=\"6154\">Glycerin<\/strong> &#8211; padeda i\u0161laikyti komfort\u0105 ir apsaugo nuo sausumo<\/p>\n<\/li>\n<\/ul>\n<p data-start=\"6209\" data-end=\"6318\"><strong data-start=\"6209\" data-end=\"6249\">Kam tinka Complexion Clearing Masque<\/strong> &#8211; \u012f akn\u0119 linkusi oda, riebi ir mi\u0161ri oda su u\u017esikim\u0161usiomis poromis.<\/p>\n<p data-start=\"6323\" data-end=\"6338\"><strong data-start=\"6323\" data-end=\"6333\">T\u016bris:<\/strong> 85 g<\/p>\n","protected":false},"excerpt":{"rendered":"<p data-start=\"6534\" data-end=\"6564\">Nat\u016brali valomoji sieros kauk\u0117<\/p>\n<h2 data-start=\"6566\" data-end=\"6622\"><strong data-start=\"6566\" data-end=\"6622\">ZO\u00ae SKIN HEALTH &#8211; Complexion Clearing Masque Savyb\u0117s<\/strong><\/h2>\n<p data-start=\"6624\" data-end=\"6792\">\u2714\ufe0f Pa\u0161alina negyvas l\u0105steles<br data-start=\"6652\" data-end=\"6655\" \/>\u2714\ufe0f Valo poras ir ma\u017eina ne\u0161varumus<br data-start=\"6689\" data-end=\"6692\" \/>\u2714\ufe0f Padeda kontroliuoti sebum\u0105<br data-start=\"6721\" data-end=\"6724\" \/>\u2714\ufe0f Suvienodina ton\u0105 ir tekst\u016br\u0105<br data-start=\"6755\" data-end=\"6758\" \/>\u2714\ufe0f Palaiko \u0161varesn\u0117s odos i\u0161vaizd\u0105<\/p>\n","protected":false},"featured_media":54175,"template":"","meta":[],"pwb-brand":[1187],"product_brand":[],"product_cat":[742,746,726,748],"product_tag":[],"giftcard-category":[],"class_list":{"0":"post-54174","1":"product","2":"type-product","3":"status-publish","4":"has-post-thumbnail","6":"pwb-brand-zo-skin-health","7":"product_cat-berimai","8":"product_cat-jautriai-odai","9":"product_cat-maskas-lt","10":"product_cat-taukainai-adai-lt","12":"first","13":"instock","14":"sale","15":"taxable","16":"shipping-taxable","17":"purchasable","18":"product-type-simple"},"acf":[],"brands":[{"id":1187,"name":"ZO\u00ae SKIN HEALTH","slug":"zo-skin-health"}],"_links":{"self":[{"href":"https:\/\/skinstudio.ee\/lt\/wp-json\/wp\/v2\/product\/54174","targetHints":{"allow":["GET"]}}],"collection":[{"href":"https:\/\/skinstudio.ee\/lt\/wp-json\/wp\/v2\/product"}],"about":[{"href":"https:\/\/skinstudio.ee\/lt\/wp-json\/wp\/v2\/types\/product"}],"version-history":[{"count":2,"href":"https:\/\/skinstudio.ee\/lt\/wp-json\/wp\/v2\/product\/54174\/revisions"}],"predecessor-version":[{"id":89194,"href":"https:\/\/skinstudio.ee\/lt\/wp-json\/wp\/v2\/product\/54174\/revisions\/89194"}],"wp:featuredmedia":[{"embeddable":true,"href":"https:\/\/skinstudio.ee\/lt\/wp-json\/wp\/v2\/media\/54175"}],"wp:attachment":[{"href":"https:\/\/skinstudio.ee\/lt\/wp-json\/wp\/v2\/media?parent=54174"}],"wp:term":[{"taxonomy":"pwb-brand","embeddable":true,"href":"https:\/\/skinstudio.ee\/lt\/wp-json\/wp\/v2\/pwb-brand?post=54174"},{"taxonomy":"product_brand","embeddable":true,"href":"https:\/\/skinstudio.ee\/lt\/wp-json\/wp\/v2\/product_brand?post=54174"},{"taxonomy":"product_cat","embeddable":true,"href":"https:\/\/skinstudio.ee\/lt\/wp-json\/wp\/v2\/product_cat?post=54174"},{"taxonomy":"product_tag","embeddable":true,"href":"https:\/\/skinstudio.ee\/lt\/wp-json\/wp\/v2\/product_tag?post=54174"},{"taxonomy":"giftcard-category","embeddable":true,"href":"https:\/\/skinstudio.ee\/lt\/wp-json\/wp\/v2\/giftcard-category?post=54174"}],"curies":[{"name":"wp","href":"https:\/\/api.w.org\/{rel}","templated":true}]}}