{"id":54205,"date":"2023-05-24T17:55:54","date_gmt":"2023-05-24T17:55:54","guid":{"rendered":"https:\/\/skinstudio.ee\/?post_type=product&#038;p=54205"},"modified":"2026-04-01T12:48:51","modified_gmt":"2026-04-01T12:48:51","slug":"daily-skincare-program","status":"publish","type":"product","link":"https:\/\/skinstudio.ee\/lt\/catalog\/zo-skin-health\/daily-skincare-program\/","title":{"rendered":"Daily Skincare Program"},"content":{"rendered":"<p data-start=\"2285\" data-end=\"2657\"><strong data-start=\"2285\" data-end=\"2331\">Daily Skincare Program nuo ZO\u00ae SKIN HEALTH<\/strong> yra kasdien\u0117 odos prie\u017ei\u016bros sistema, skirta palaikyti sveik\u0105 odos i\u0161vaizd\u0105, pagerinti bendr\u0105 jos b\u016bkl\u0119 ir pad\u0117ti u\u017ekirsti keli\u0105 ankstyviems sen\u0117jimo po\u017eymiams. Rinkinyje esantys produktai veikia sinergi\u0161kai: valo od\u0105, skatina l\u0105steli\u0173 atsinaujinim\u0105, padeda kontroliuoti sebumo i\u0161siskyrim\u0105 ir palaiko optimal\u0173 odos dr\u0117kinim\u0105.<\/p>\n<p data-start=\"2659\" data-end=\"2791\">Reguliarus sistemos naudojimas padeda palaikyti tolygesn\u0119 odos tekst\u016br\u0105, pagerinti odos ton\u0105 ir apsaugoti od\u0105 nuo aplinkos poveikio.<\/p>\n<p data-start=\"2793\" data-end=\"2825\"><strong data-start=\"2793\" data-end=\"2825\">Prie\u017ei\u016bros protokolas apima:<\/strong><\/p>\n<p data-start=\"2827\" data-end=\"3030\"><strong data-start=\"2827\" data-end=\"2860\">Exfoliating Cleanser &#8211; 60 ml:<\/strong> prausiamasis gelis normaliai ir riebiai odai, kuris pa\u0161alina ne\u0161varumus ir negyvas odos l\u0105steles, padeda reguliuoti sebumo i\u0161siskyrim\u0105 ir palaiko antioksidacin\u0119 apsaug\u0105.<\/p>\n<p data-start=\"3032\" data-end=\"3200\"><strong data-start=\"3032\" data-end=\"3064\">Exfoliating Polish &#8211; 16,2 g:<\/strong> poliruojantis eksfoliantas, kuris pa\u0161alina negyvas odos l\u0105steles ir padeda skatinti epidermio atsinaujinim\u0105, suteikdamas odai glotnumo.<\/p>\n<p data-start=\"3202\" data-end=\"3381\"><strong data-start=\"3202\" data-end=\"3234\">Daily Power Defense &#8211; 30 ml:<\/strong> apsaugin\u0117 priemon\u0117 su retinoliu, fermentais ir antioksidantais, kuri palaiko l\u0105steli\u0173 atsinaujinim\u0105 ir padeda stiprinti odos apsaugines funkcijas.<\/p>\n<p data-start=\"3383\" data-end=\"3573\"><strong data-start=\"3383\" data-end=\"3421\">Complexion Renewal Pads &#8211; 30 vnt.:<\/strong> diskai su salicilo r\u016bg\u0161timi odai, linkusiai \u012f akn\u0119 ir padid\u0117jus\u012f riebal\u0173 i\u0161siskyrim\u0105. Padeda valyti poras, ma\u017einti u\u017edegim\u0105 ir pagerinti odos tekst\u016br\u0105.<\/p>\n","protected":false},"excerpt":{"rendered":"<p data-start=\"4171\" data-end=\"4205\">Kasdien\u0117s odos prie\u017ei\u016bros programa<\/p>\n<h2 data-start=\"4207\" data-end=\"4259\"><strong data-start=\"4207\" data-end=\"4259\">ZO\u00ae SKIN HEALTH &#8211; Daily Skincare Program Savyb\u0117s<\/strong><\/h2>\n<p data-start=\"4261\" data-end=\"4488\" data-is-last-node=\"\" data-is-only-node=\"\">\u2714\ufe0f Pagrindin\u0117 kasdien\u0117s odos prie\u017ei\u016bros sistema<br data-start=\"4308\" data-end=\"4311\" \/>\u2714\ufe0f Tinka normaliai ir mi\u0161riai odai<br data-start=\"4345\" data-end=\"4348\" \/>\u2714\ufe0f U\u017etikrina odos valym\u0105, atsinaujinim\u0105 ir apsaug\u0105<br data-start=\"4398\" data-end=\"4401\" \/>\u2714\ufe0f Padeda palaikyti sveik\u0105 odos i\u0161vaizd\u0105<br data-start=\"4441\" data-end=\"4444\" \/>\u2714\ufe0f Padeda i\u0161vengti ankstyv\u0173 sen\u0117jimo po\u017eymi\u0173<\/p>\n","protected":false},"featured_media":54210,"template":"","meta":[],"pwb-brand":[1187],"product_brand":[],"product_cat":[742,765,738,744,746,752,756,740,750,748,754],"product_tag":[],"giftcard-category":[],"class_list":{"0":"post-54205","1":"product","2":"type-product","3":"status-publish","4":"has-post-thumbnail","6":"pwb-brand-zo-skin-health","7":"product_cat-berimai","8":"product_cat-dovanu-ideja","9":"product_cat-drekinimas","10":"product_cat-issipletusios-poros","11":"product_cat-jautriai-odai","12":"product_cat-pigmentacija-lt","13":"product_cat-rinkinys","14":"product_cat-sausai-odai","15":"product_cat-senstanti-oda","16":"product_cat-taukainai-adai-lt","17":"product_cat-travel-size-lt","19":"first","20":"instock","21":"sale","22":"taxable","23":"shipping-taxable","24":"purchasable","25":"product-type-simple"},"acf":[],"brands":[{"id":1187,"name":"ZO\u00ae SKIN HEALTH","slug":"zo-skin-health"}],"_links":{"self":[{"href":"https:\/\/skinstudio.ee\/lt\/wp-json\/wp\/v2\/product\/54205","targetHints":{"allow":["GET"]}}],"collection":[{"href":"https:\/\/skinstudio.ee\/lt\/wp-json\/wp\/v2\/product"}],"about":[{"href":"https:\/\/skinstudio.ee\/lt\/wp-json\/wp\/v2\/types\/product"}],"version-history":[{"count":2,"href":"https:\/\/skinstudio.ee\/lt\/wp-json\/wp\/v2\/product\/54205\/revisions"}],"predecessor-version":[{"id":89192,"href":"https:\/\/skinstudio.ee\/lt\/wp-json\/wp\/v2\/product\/54205\/revisions\/89192"}],"wp:featuredmedia":[{"embeddable":true,"href":"https:\/\/skinstudio.ee\/lt\/wp-json\/wp\/v2\/media\/54210"}],"wp:attachment":[{"href":"https:\/\/skinstudio.ee\/lt\/wp-json\/wp\/v2\/media?parent=54205"}],"wp:term":[{"taxonomy":"pwb-brand","embeddable":true,"href":"https:\/\/skinstudio.ee\/lt\/wp-json\/wp\/v2\/pwb-brand?post=54205"},{"taxonomy":"product_brand","embeddable":true,"href":"https:\/\/skinstudio.ee\/lt\/wp-json\/wp\/v2\/product_brand?post=54205"},{"taxonomy":"product_cat","embeddable":true,"href":"https:\/\/skinstudio.ee\/lt\/wp-json\/wp\/v2\/product_cat?post=54205"},{"taxonomy":"product_tag","embeddable":true,"href":"https:\/\/skinstudio.ee\/lt\/wp-json\/wp\/v2\/product_tag?post=54205"},{"taxonomy":"giftcard-category","embeddable":true,"href":"https:\/\/skinstudio.ee\/lt\/wp-json\/wp\/v2\/giftcard-category?post=54205"}],"curies":[{"name":"wp","href":"https:\/\/api.w.org\/{rel}","templated":true}]}}