{"id":54222,"date":"2023-05-24T17:55:54","date_gmt":"2023-05-24T17:55:54","guid":{"rendered":"https:\/\/skinstudio.ee\/?post_type=product&#038;p=54222"},"modified":"2026-04-01T12:19:25","modified_gmt":"2026-04-01T12:19:25","slug":"enzymatic-peel","status":"publish","type":"product","link":"https:\/\/skinstudio.ee\/lt\/catalog\/zo-skin-health\/enzymatic-peel\/","title":{"rendered":"Enzymatic Peel"},"content":{"rendered":"<p data-start=\"4666\" data-end=\"4941\"><strong data-start=\"4666\" data-end=\"4704\">Enzymatic Peel nuo ZO\u00ae SKIN HEALTH<\/strong> &#8211; eksfolijuojanti priemon\u0117 su ferment\u0173 kompleksu ir glikolio r\u016bg\u0161timi, skirta intensyviam negyv\u0173 l\u0105steli\u0173 pa\u0161alinimui ir odos atsinaujinimo proces\u0173 pagreitinimui. Formul\u0117 padeda gerinti tekst\u016br\u0105, suvienodinti ton\u0105 ir padidinti glotnum\u0105.<\/p>\n<p data-start=\"4943\" data-end=\"5224\">Aktyvi formul\u0117 sujungia fermentin\u012f ir r\u016bg\u0161tin\u012f \u0161veitim\u0105, u\u017etikrindama efektyv\u0173 epidermio atsinaujinim\u0105 be per didelio agresyvumo. Produktas pasi\u017eymi prie\u0161u\u017edegimin\u0117mis ir antioksidacin\u0117mis savyb\u0117mis, palaiko apsaugin\u012f barjer\u0105, skatina dr\u0117kinim\u0105 ir padeda atkurti lipidin\u012f sluoksn\u012f.<\/p>\n<p data-start=\"5226\" data-end=\"5351\">Reguliarus naudojimas padeda gerinti odos i\u0161vaizd\u0105, didinti elastingum\u0105 ir palaikyti lygesn\u012f pavir\u0161i\u0173. Tinka veidui ir k\u016bnui.<\/p>\n<p data-start=\"5353\" data-end=\"5402\"><strong data-start=\"5353\" data-end=\"5402\">Kaip veikia pagrindiniai aktyv\u016bs komponentai:<\/strong><\/p>\n<ul data-start=\"5404\" data-end=\"5605\">\n<li data-start=\"5404\" data-end=\"5474\">\n<p data-start=\"5406\" data-end=\"5474\"><strong data-start=\"5406\" data-end=\"5428\">Papain + Bromelain<\/strong> &#8211; u\u017etikrina aktyv\u0173 fermentin\u012f eksfolijavim\u0105<\/p>\n<\/li>\n<li data-start=\"5475\" data-end=\"5536\">\n<p data-start=\"5477\" data-end=\"5536\"><strong data-start=\"5477\" data-end=\"5494\">Glycolic Acid<\/strong> &#8211; spartina atsinaujinim\u0105 ir lygina ton\u0105<\/p>\n<\/li>\n<li data-start=\"5537\" data-end=\"5605\">\n<p data-start=\"5539\" data-end=\"5605\"><strong data-start=\"5539\" data-end=\"5561\">Plant Oils Complex<\/strong> &#8211; mink\u0161tina od\u0105 ir palaiko lipidin\u012f barjer\u0105<\/p>\n<\/li>\n<\/ul>\n<p data-start=\"5607\" data-end=\"5695\"><strong data-start=\"5607\" data-end=\"5636\">Kam tinka Enzymatic Peel:<\/strong> universali priemon\u0117 vis\u0173 tip\u0173 odai; tinka veidui ir k\u016bnui.<\/p>\n<p data-start=\"5697\" data-end=\"5713\"><strong data-start=\"5697\" data-end=\"5707\">T\u016bris:<\/strong> 50 ml<\/p>\n","protected":false},"excerpt":{"rendered":"<p data-start=\"5882\" data-end=\"5902\">Fermentinis pilingas<\/p>\n<h2 data-start=\"5904\" data-end=\"5948\"><strong data-start=\"5904\" data-end=\"5948\">ZO\u00ae SKIN HEALTH &#8211; Enzymatic Peel Savyb\u0117s<\/strong><\/h2>\n<p data-start=\"5950\" data-end=\"6163\">\u2714\ufe0f Intensyviai pa\u0161alina negyvas l\u0105steles<br data-start=\"5990\" data-end=\"5993\" \/>\u2714\ufe0f Spartina atsinaujinim\u0105 ir lygina tekst\u016br\u0105<br data-start=\"6037\" data-end=\"6040\" \/>\u2714\ufe0f Didina elastingum\u0105 ir odos stangrum\u0105<br data-start=\"6079\" data-end=\"6082\" \/>\u2714\ufe0f Vienodina ton\u0105 ir pavir\u0161iaus glotnum\u0105<br data-start=\"6122\" data-end=\"6125\" \/>\u2714\ufe0f Atkuria ir palaiko lipidin\u012f barjer\u0105<\/p>\n","protected":false},"featured_media":54223,"template":"","meta":[],"pwb-brand":[1187],"product_brand":[],"product_cat":[742,744,746,726,752,740,750,720,748],"product_tag":[],"giftcard-category":[],"class_list":{"0":"post-54222","1":"product","2":"type-product","3":"status-publish","4":"has-post-thumbnail","6":"pwb-brand-zo-skin-health","7":"product_cat-berimai","8":"product_cat-issipletusios-poros","9":"product_cat-jautriai-odai","10":"product_cat-maskas-lt","11":"product_cat-pigmentacija-lt","12":"product_cat-sausai-odai","13":"product_cat-senstanti-oda","14":"product_cat-sveitikliai-ir-pilingai","15":"product_cat-taukainai-adai-lt","17":"first","18":"instock","19":"sale","20":"taxable","21":"shipping-taxable","22":"purchasable","23":"product-type-simple"},"acf":[],"brands":[{"id":1187,"name":"ZO\u00ae SKIN HEALTH","slug":"zo-skin-health"}],"_links":{"self":[{"href":"https:\/\/skinstudio.ee\/lt\/wp-json\/wp\/v2\/product\/54222","targetHints":{"allow":["GET"]}}],"collection":[{"href":"https:\/\/skinstudio.ee\/lt\/wp-json\/wp\/v2\/product"}],"about":[{"href":"https:\/\/skinstudio.ee\/lt\/wp-json\/wp\/v2\/types\/product"}],"version-history":[{"count":2,"href":"https:\/\/skinstudio.ee\/lt\/wp-json\/wp\/v2\/product\/54222\/revisions"}],"predecessor-version":[{"id":89200,"href":"https:\/\/skinstudio.ee\/lt\/wp-json\/wp\/v2\/product\/54222\/revisions\/89200"}],"wp:featuredmedia":[{"embeddable":true,"href":"https:\/\/skinstudio.ee\/lt\/wp-json\/wp\/v2\/media\/54223"}],"wp:attachment":[{"href":"https:\/\/skinstudio.ee\/lt\/wp-json\/wp\/v2\/media?parent=54222"}],"wp:term":[{"taxonomy":"pwb-brand","embeddable":true,"href":"https:\/\/skinstudio.ee\/lt\/wp-json\/wp\/v2\/pwb-brand?post=54222"},{"taxonomy":"product_brand","embeddable":true,"href":"https:\/\/skinstudio.ee\/lt\/wp-json\/wp\/v2\/product_brand?post=54222"},{"taxonomy":"product_cat","embeddable":true,"href":"https:\/\/skinstudio.ee\/lt\/wp-json\/wp\/v2\/product_cat?post=54222"},{"taxonomy":"product_tag","embeddable":true,"href":"https:\/\/skinstudio.ee\/lt\/wp-json\/wp\/v2\/product_tag?post=54222"},{"taxonomy":"giftcard-category","embeddable":true,"href":"https:\/\/skinstudio.ee\/lt\/wp-json\/wp\/v2\/giftcard-category?post=54222"}],"curies":[{"name":"wp","href":"https:\/\/api.w.org\/{rel}","templated":true}]}}