{"id":54257,"date":"2025-10-20T12:21:47","date_gmt":"2025-10-20T12:21:47","guid":{"rendered":"https:\/\/skinstudio.ee\/?post_type=product&#038;p=54257"},"modified":"2025-12-30T17:05:40","modified_gmt":"2025-12-30T17:05:40","slug":"biorelift-post-treatment-cream","status":"publish","type":"product","link":"https:\/\/skinstudio.ee\/lt\/catalog\/cmed\/biorelift-post-treatment-cream\/","title":{"rendered":"BioReLift Post Treatment Cream"},"content":{"rendered":"<p data-start=\"1626\" data-end=\"2024\">Atkuriamasis kremas sausai, jautriai ir sudirgusiai odai po proced\u016br\u0173. <strong data-start=\"1697\" data-end=\"1736\">CMed BioReLift Post Treatment Cream<\/strong> sukurtas intensyviai prie\u017ei\u016brai po cheminio pilingo, mikroadatinimo, aparatini\u0173 ar kit\u0173 kosmetini\u0173 proced\u016br\u0173. Turtinga formul\u0117 su hialurono r\u016bg\u0161timi, aminor\u016bg\u0161timis, vitaminais ir nat\u016braliais aliejais giliai maitina od\u0105, pagreitina jos atsistatym\u0105 ir suteikia \u0161vie\u017eumo bei elastingumo.<\/p>\n<p data-start=\"2026\" data-end=\"2302\">Kremas skatina l\u0105steli\u0173 regeneracij\u0105, ma\u017eina paraudim\u0105 ir tempimo poj\u016bt\u012f, stiprina apsaugin\u012f barjer\u0105 ir saugo nuo i\u0161saus\u0117jimo. Tinka naudoti veido, kaklo, dekolt\u0117 ir k\u016bno odai. Po naudojimo oda tampa \u0161velni, elastinga ir \u0161vytinti, o atsistatymo laikas pastebimai sutrump\u0117ja.<\/p>\n<p data-start=\"2304\" data-end=\"2322\"><strong data-start=\"2304\" data-end=\"2314\">T\u016bris:<\/strong> 30 ml<\/p>\n","protected":false},"excerpt":{"rendered":"<p data-start=\"2647\" data-end=\"2681\">Atkuriamasis kremas po proced\u016br\u0173<\/p>\n<h2 data-start=\"2683\" data-end=\"2999\"><strong data-start=\"2683\" data-end=\"2732\">CMed &#8211; BioReLift Post Treatment Cream savyb\u0117s<\/strong><\/h2>\n<p data-start=\"2683\" data-end=\"2999\">\u2714\ufe0f Ramina sudirgusi\u0105 ir paraudusi\u0105 od\u0105 po proced\u016br\u0173<br data-start=\"2786\" data-end=\"2789\" \/>\u2714\ufe0f Intensyviai maitina ir giliai dr\u0117kina<br data-start=\"2829\" data-end=\"2832\" \/>\u2714\ufe0f Paspartina gijim\u0105 ir sutrumpina atsistatymo laik\u0105<br data-start=\"2884\" data-end=\"2887\" \/>\u2714\ufe0f Atkuria odos stangrum\u0105, \u0161velnum\u0105 ir sveik\u0105 \u0161vyt\u0117jim\u0105<br data-start=\"2942\" data-end=\"2945\" \/>\u2714\ufe0f Stiprina apsaugin\u012f barjer\u0105 ir apsaugo nuo sausumo<\/p>\n","protected":false},"featured_media":65508,"template":"","meta":[],"pwb-brand":[1185],"product_brand":[],"product_cat":[738,746,750],"product_tag":[],"giftcard-category":[],"class_list":{"0":"post-54257","1":"product","2":"type-product","3":"status-publish","4":"has-post-thumbnail","6":"pwb-brand-cmed","7":"product_cat-drekinimas","8":"product_cat-jautriai-odai","9":"product_cat-senstanti-oda","11":"first","12":"instock","13":"taxable","14":"shipping-taxable","15":"purchasable","16":"product-type-simple"},"acf":[],"brands":[{"id":1185,"name":"CMed","slug":"cmed"}],"_links":{"self":[{"href":"https:\/\/skinstudio.ee\/lt\/wp-json\/wp\/v2\/product\/54257","targetHints":{"allow":["GET"]}}],"collection":[{"href":"https:\/\/skinstudio.ee\/lt\/wp-json\/wp\/v2\/product"}],"about":[{"href":"https:\/\/skinstudio.ee\/lt\/wp-json\/wp\/v2\/types\/product"}],"version-history":[{"count":0,"href":"https:\/\/skinstudio.ee\/lt\/wp-json\/wp\/v2\/product\/54257\/revisions"}],"wp:featuredmedia":[{"embeddable":true,"href":"https:\/\/skinstudio.ee\/lt\/wp-json\/wp\/v2\/media\/65508"}],"wp:attachment":[{"href":"https:\/\/skinstudio.ee\/lt\/wp-json\/wp\/v2\/media?parent=54257"}],"wp:term":[{"taxonomy":"pwb-brand","embeddable":true,"href":"https:\/\/skinstudio.ee\/lt\/wp-json\/wp\/v2\/pwb-brand?post=54257"},{"taxonomy":"product_brand","embeddable":true,"href":"https:\/\/skinstudio.ee\/lt\/wp-json\/wp\/v2\/product_brand?post=54257"},{"taxonomy":"product_cat","embeddable":true,"href":"https:\/\/skinstudio.ee\/lt\/wp-json\/wp\/v2\/product_cat?post=54257"},{"taxonomy":"product_tag","embeddable":true,"href":"https:\/\/skinstudio.ee\/lt\/wp-json\/wp\/v2\/product_tag?post=54257"},{"taxonomy":"giftcard-category","embeddable":true,"href":"https:\/\/skinstudio.ee\/lt\/wp-json\/wp\/v2\/giftcard-category?post=54257"}],"curies":[{"name":"wp","href":"https:\/\/api.w.org\/{rel}","templated":true}]}}