{"id":54282,"date":"2025-10-20T12:29:14","date_gmt":"2025-10-20T12:29:14","guid":{"rendered":"https:\/\/skinstudio.ee\/?post_type=product&#038;p=54282"},"modified":"2025-12-30T17:05:40","modified_gmt":"2025-12-30T17:05:40","slug":"biorehydra-post-treatment-serum","status":"publish","type":"product","link":"https:\/\/skinstudio.ee\/lt\/catalog\/cmed\/biorehydra-post-treatment-serum\/","title":{"rendered":"BioReHydra Post Treatment Serum"},"content":{"rendered":"<p data-start=\"1651\" data-end=\"1940\"><strong data-start=\"1651\" data-end=\"1691\">CMed BioReHydra Post Treatment Serum<\/strong> sukurtas specialiai odos prie\u017ei\u016brai po cheminio pilingo, mikroadatinimo, aparatini\u0173 ir kit\u0173 estetin\u0117s prie\u017ei\u016bros proced\u016br\u0173. Lengvos hidrogeliu pagr\u012fstos tekst\u016bros serumas akimirksniu susigeria, suteikdamas gili\u0105 dr\u0117gm\u0119, komfort\u0105 ir gaivos poj\u016bt\u012f.<\/p>\n<p data-start=\"1942\" data-end=\"2448\">Formul\u0117je yra daugiau nei 15 aktyvi\u0173 ingredient\u0173 \u2013 hialurono r\u016bg\u0161tis, aminor\u016bg\u0161tys, vitaminai ir trys vandenyno ekstraktai, kurie veikia sinergi\u0161kai, atkurdami ir apsaugodami od\u0105. Indijos vandenyno ekstraktas stimuliuoja kolageno gamyb\u0105 ir pagerina dermos strukt\u016br\u0105, Atlanto vandenyno ekstraktas apsaugo nuo elastino irimo bei pagreitina gijim\u0105, o Ramiojo vandenyno ekstraktas aktyvina nat\u016brali\u0105 hialurono r\u016bg\u0161ties sintez\u0119. Rezultatas \u2013 lygi, sudr\u0117kinta, stangri ir \u0161vytinti oda jau po pirmojo naudojimo.<\/p>\n<p data-start=\"2450\" data-end=\"2468\"><strong data-start=\"2450\" data-end=\"2460\">T\u016bris:<\/strong> 30 ml<\/p>\n","protected":false},"excerpt":{"rendered":"<p data-start=\"2746\" data-end=\"2787\">Dr\u0117kinamasis serumas-gelis po proced\u016br\u0173<\/p>\n<h2 data-start=\"2789\" data-end=\"3056\"><strong data-start=\"2789\" data-end=\"2839\">CMed &#8211; BioReHydra Post Treatment Serum savyb\u0117s<\/strong><\/h2>\n<p data-start=\"2789\" data-end=\"3056\">\u2714\ufe0f Intensyviai dr\u0117kina ir atkuria od\u0105 po proced\u016br\u0173<br data-start=\"2892\" data-end=\"2895\" \/>\u2714\ufe0f Paspartina gijim\u0105 ir stiprina apsaugin\u012f barjer\u0105<br data-start=\"2945\" data-end=\"2948\" \/>\u2714\ufe0f Ma\u017eina tempimo jausm\u0105 ir sudirginim\u0105<br data-start=\"2987\" data-end=\"2990\" \/>\u2714\ufe0f Pagerina elastingum\u0105 ir suteikia odai gaiv\u0173, sveik\u0105 \u0161vyt\u0117jim\u0105<\/p>\n","protected":false},"featured_media":65503,"template":"","meta":[],"pwb-brand":[1185],"product_brand":[],"product_cat":[746,724],"product_tag":[],"giftcard-category":[],"class_list":{"0":"post-54282","1":"product","2":"type-product","3":"status-publish","4":"has-post-thumbnail","6":"pwb-brand-cmed","7":"product_cat-jautriai-odai","8":"product_cat-serumai","10":"first","11":"instock","12":"taxable","13":"shipping-taxable","14":"purchasable","15":"product-type-simple"},"acf":[],"brands":[{"id":1185,"name":"CMed","slug":"cmed"}],"_links":{"self":[{"href":"https:\/\/skinstudio.ee\/lt\/wp-json\/wp\/v2\/product\/54282","targetHints":{"allow":["GET"]}}],"collection":[{"href":"https:\/\/skinstudio.ee\/lt\/wp-json\/wp\/v2\/product"}],"about":[{"href":"https:\/\/skinstudio.ee\/lt\/wp-json\/wp\/v2\/types\/product"}],"version-history":[{"count":0,"href":"https:\/\/skinstudio.ee\/lt\/wp-json\/wp\/v2\/product\/54282\/revisions"}],"wp:featuredmedia":[{"embeddable":true,"href":"https:\/\/skinstudio.ee\/lt\/wp-json\/wp\/v2\/media\/65503"}],"wp:attachment":[{"href":"https:\/\/skinstudio.ee\/lt\/wp-json\/wp\/v2\/media?parent=54282"}],"wp:term":[{"taxonomy":"pwb-brand","embeddable":true,"href":"https:\/\/skinstudio.ee\/lt\/wp-json\/wp\/v2\/pwb-brand?post=54282"},{"taxonomy":"product_brand","embeddable":true,"href":"https:\/\/skinstudio.ee\/lt\/wp-json\/wp\/v2\/product_brand?post=54282"},{"taxonomy":"product_cat","embeddable":true,"href":"https:\/\/skinstudio.ee\/lt\/wp-json\/wp\/v2\/product_cat?post=54282"},{"taxonomy":"product_tag","embeddable":true,"href":"https:\/\/skinstudio.ee\/lt\/wp-json\/wp\/v2\/product_tag?post=54282"},{"taxonomy":"giftcard-category","embeddable":true,"href":"https:\/\/skinstudio.ee\/lt\/wp-json\/wp\/v2\/giftcard-category?post=54282"}],"curies":[{"name":"wp","href":"https:\/\/api.w.org\/{rel}","templated":true}]}}