{"id":54317,"date":"2023-05-24T17:55:53","date_gmt":"2023-05-24T17:55:53","guid":{"rendered":"https:\/\/skinstudio.ee\/?post_type=product&#038;p=54317"},"modified":"2026-04-01T12:35:58","modified_gmt":"2026-04-01T12:35:58","slug":"hydrating-cleanser","status":"publish","type":"product","link":"https:\/\/skinstudio.ee\/lt\/catalog\/zo-skin-health\/hydrating-cleanser\/","title":{"rendered":"Hydrating Cleanser"},"content":{"rendered":"<p data-start=\"1508\" data-end=\"1771\"><strong data-start=\"1508\" data-end=\"1550\">Hydrating Cleanser nuo ZO\u00ae SKIN HEALTH<\/strong> &#8211; dr\u0117kinantis prausiklis, efektyviai pa\u0161alinantis ne\u0161varumus, i\u0161saugant nat\u016bral\u0173 odos apsaugin\u012f barjer\u0105. Formul\u0117 \u0161velniai pa\u0161alina riebal\u0173 pertekli\u0173, makia\u017eo liku\u010dius ir aplinkos tar\u0161\u0105, nepa\u017eeisdama odos dr\u0117gm\u0117s balanso.<\/p>\n<p data-start=\"1773\" data-end=\"1966\">Priemon\u0117 padeda palaikyti optimal\u0173 dr\u0117gm\u0117s lyg\u012f, ma\u017eina sausumo ir tempimo poj\u016bt\u012f bei gerina odos elastingum\u0105. Po valymo oda tampa \u0161velni, lygi ir subalansuota, be sunkumo ar dirginimo poj\u016b\u010dio.<\/p>\n<p data-start=\"1968\" data-end=\"2017\"><strong data-start=\"1968\" data-end=\"2017\">Kaip veikia pagrindiniai aktyv\u016bs komponentai?<\/strong><\/p>\n<ul data-start=\"2019\" data-end=\"2246\">\n<li data-section-id=\"12yoxuq\" data-start=\"2019\" data-end=\"2092\"><strong data-start=\"2021\" data-end=\"2029\">Urea<\/strong> &#8211; padeda i\u0161laikyti dr\u0117gm\u0119 ir palaiko optimal\u0173 odos dr\u0117kinim\u0105<\/li>\n<li data-section-id=\"cxrlfh\" data-start=\"2093\" data-end=\"2169\"><strong data-start=\"2095\" data-end=\"2108\">Trehalose<\/strong> &#8211; stiprina odos apsaugin\u012f barjer\u0105 ir saugo nuo i\u0161saus\u0117jimo<\/li>\n<li data-section-id=\"8jq1ev\" data-start=\"2170\" data-end=\"2246\"><strong data-start=\"2172\" data-end=\"2184\">Glycerin<\/strong> &#8211; papildomai dr\u0117kina ir suteikia odai \u0161velnumo bei glotnumo<\/li>\n<\/ul>\n<p data-start=\"2248\" data-end=\"2370\"><strong data-start=\"2248\" data-end=\"2280\">Kam tinka Hydrating Cleanser<\/strong> &#8211; normaliai ir sausai odai, dehidratuotai odai bei odai su pa\u017eeistu apsauginiu barjeru.<\/p>\n<p data-start=\"2372\" data-end=\"2389\"><strong data-start=\"2372\" data-end=\"2389\">T\u016bris: 200 ml<\/strong><\/p>\n","protected":false},"excerpt":{"rendered":"<p data-start=\"2521\" data-end=\"2570\">Dr\u0117kinantis prausiklis normaliai ir sausai odai<\/p>\n<h2 data-start=\"2572\" data-end=\"2620\"><strong data-start=\"2572\" data-end=\"2620\">ZO\u00ae SKIN HEALTH &#8211; Hydrating Cleanser Savyb\u0117s<\/strong><\/h2>\n<p data-start=\"2622\" data-end=\"2825\">\u2714\ufe0f \u0160velniai valo od\u0105 jos nesausindamas<br data-start=\"2660\" data-end=\"2663\" \/>\u2714\ufe0f Palaiko optimal\u0173 dr\u0117gm\u0117s balans\u0105<br data-start=\"2698\" data-end=\"2701\" \/>\u2714\ufe0f Ma\u017eina tempimo ir diskomforto poj\u016bt\u012f<br data-start=\"2740\" data-end=\"2743\" \/>\u2714\ufe0f Suteikia odai \u0161velnumo ir elastingumo<br data-start=\"2783\" data-end=\"2786\" \/>\u2714\ufe0f Paruo\u0161ia od\u0105 tolimesnei prie\u017ei\u016brai<\/p>\n","protected":false},"featured_media":54318,"template":"","meta":[],"pwb-brand":[1187],"product_brand":[],"product_cat":[746,740,718],"product_tag":[],"giftcard-category":[],"class_list":{"0":"post-54317","1":"product","2":"type-product","3":"status-publish","4":"has-post-thumbnail","6":"pwb-brand-zo-skin-health","7":"product_cat-jautriai-odai","8":"product_cat-sausai-odai","9":"product_cat-valymas","10":"pa_suurus-200ml-lt","11":"pa_suurus-60ml-lt","13":"first","14":"instock","15":"sale","16":"taxable","17":"shipping-taxable","18":"purchasable","19":"product-type-simple"},"acf":[],"brands":[{"id":1187,"name":"ZO\u00ae SKIN HEALTH","slug":"zo-skin-health"}],"_links":{"self":[{"href":"https:\/\/skinstudio.ee\/lt\/wp-json\/wp\/v2\/product\/54317","targetHints":{"allow":["GET"]}}],"collection":[{"href":"https:\/\/skinstudio.ee\/lt\/wp-json\/wp\/v2\/product"}],"about":[{"href":"https:\/\/skinstudio.ee\/lt\/wp-json\/wp\/v2\/types\/product"}],"version-history":[{"count":2,"href":"https:\/\/skinstudio.ee\/lt\/wp-json\/wp\/v2\/product\/54317\/revisions"}],"predecessor-version":[{"id":89253,"href":"https:\/\/skinstudio.ee\/lt\/wp-json\/wp\/v2\/product\/54317\/revisions\/89253"}],"wp:featuredmedia":[{"embeddable":true,"href":"https:\/\/skinstudio.ee\/lt\/wp-json\/wp\/v2\/media\/54318"}],"wp:attachment":[{"href":"https:\/\/skinstudio.ee\/lt\/wp-json\/wp\/v2\/media?parent=54317"}],"wp:term":[{"taxonomy":"pwb-brand","embeddable":true,"href":"https:\/\/skinstudio.ee\/lt\/wp-json\/wp\/v2\/pwb-brand?post=54317"},{"taxonomy":"product_brand","embeddable":true,"href":"https:\/\/skinstudio.ee\/lt\/wp-json\/wp\/v2\/product_brand?post=54317"},{"taxonomy":"product_cat","embeddable":true,"href":"https:\/\/skinstudio.ee\/lt\/wp-json\/wp\/v2\/product_cat?post=54317"},{"taxonomy":"product_tag","embeddable":true,"href":"https:\/\/skinstudio.ee\/lt\/wp-json\/wp\/v2\/product_tag?post=54317"},{"taxonomy":"giftcard-category","embeddable":true,"href":"https:\/\/skinstudio.ee\/lt\/wp-json\/wp\/v2\/giftcard-category?post=54317"}],"curies":[{"name":"wp","href":"https:\/\/api.w.org\/{rel}","templated":true}]}}