{"id":54330,"date":"2023-05-24T17:55:54","date_gmt":"2023-05-24T17:55:54","guid":{"rendered":"https:\/\/skinstudio.ee\/?post_type=product&#038;p=54330"},"modified":"2026-04-01T12:46:24","modified_gmt":"2026-04-01T12:46:24","slug":"complexion-clearing-program","status":"publish","type":"product","link":"https:\/\/skinstudio.ee\/lt\/catalog\/zo-skin-health\/complexion-clearing-program\/","title":{"rendered":"Complexion Clearing Program"},"content":{"rendered":"<p data-start=\"2097\" data-end=\"2407\"><strong data-start=\"2097\" data-end=\"2148\">Complexion Clearing Program nuo ZO\u00ae SKIN HEALTH<\/strong> yra odos prie\u017ei\u016bros sistema, skirta akn\u0117s ma\u017einimui, sebumo i\u0161siskyrimo kontrolei ir giliam por\u0173 valymui. Rinkinyje esantys produktai veikia sinergi\u0161kai: valo od\u0105, pa\u0161alina negyvas odos l\u0105steles, padeda reguliuoti riebalini\u0173 liauk\u0173 veikl\u0105 ir ma\u017eina u\u017edegim\u0105.<\/p>\n<p data-start=\"2409\" data-end=\"2575\">Reguliarus sistemos naudojimas padeda pagerinti odos tekst\u016br\u0105, padaro od\u0105 \u0161varesn\u0119 ir labiau subalansuot\u0105, taip pat padeda suma\u017einti nauj\u0173 b\u0117rim\u0173 atsiradimo tikimyb\u0119.<\/p>\n<p data-start=\"2577\" data-end=\"2609\"><strong data-start=\"2577\" data-end=\"2609\">Prie\u017ei\u016bros protokolas apima:<\/strong><\/p>\n<p data-start=\"2611\" data-end=\"2819\"><strong data-start=\"2611\" data-end=\"2645\">Exfoliating Cleanser &#8211; 200 ml:<\/strong> prausiamasis gelis normaliai ir riebiai, \u012f akn\u0119 linkusiai odai. Pa\u0161alina ne\u0161varumus ir perteklin\u012f sebum\u0105, padeda \u0161velniai eksfolijuoti od\u0105 ir palaiko antioksidacin\u0119 apsaug\u0105.<\/p>\n<p data-start=\"2821\" data-end=\"2960\"><strong data-start=\"2821\" data-end=\"2851\">Exfoliating Polish &#8211; 65 g:<\/strong> poliruojantis eksfoliantas, kuris pa\u0161alina negyvas odos l\u0105steles ir padeda skatinti epidermio atsinaujinim\u0105.<\/p>\n<p data-start=\"2962\" data-end=\"3112\"><strong data-start=\"2962\" data-end=\"3000\">Complexion Renewal Pads &#8211; 60 vnt.:<\/strong> diskai su r\u016bg\u0161timis, kurie padeda valyti poras, ma\u017einti u\u017edegim\u0105 ir kontroliuoti perteklin\u012f sebumo i\u0161siskyrim\u0105.<\/p>\n<p data-start=\"3114\" data-end=\"3253\"><strong data-start=\"3114\" data-end=\"3152\">Complexion Clearing Masque &#8211; 85 g:<\/strong> valomoji kauk\u0117 su siera, kuri padeda ma\u017einti akn\u0119, sugeria perteklin\u012f sebum\u0105 ir skatina por\u0173 valym\u0105.<\/p>\n","protected":false},"excerpt":{"rendered":"<div class=\"flex flex-col text-sm pb-25\">\n<article class=\"text-token-text-primary w-full focus:outline-none [--shadow-height:45px] has-data-writing-block:pointer-events-none has-data-writing-block:-mt-(--shadow-height) has-data-writing-block:pt-(--shadow-height) [&amp;:has([data-writing-block])&gt;*]:pointer-events-auto scroll-mt-[calc(var(--header-height)+min(200px,max(70px,20svh)))]\" dir=\"auto\" tabindex=\"-1\" data-turn-id=\"request-WEB:a6d556ee-fe52-412c-ae4d-355bb1e4277a-68\" data-testid=\"conversation-turn-70\" data-scroll-anchor=\"true\" data-turn=\"assistant\">\n<div class=\"text-base my-auto mx-auto pb-10 [--thread-content-margin:var(--thread-content-margin-xs,calc(var(--spacing)*4))] @w-sm\/main:[--thread-content-margin:var(--thread-content-margin-sm,calc(var(--spacing)*6))] @w-lg\/main:[--thread-content-margin:var(--thread-content-margin-lg,calc(var(--spacing)*16))] px-(--thread-content-margin)\">\n<div class=\"[--thread-content-max-width:40rem] @w-lg\/main:[--thread-content-max-width:48rem] mx-auto max-w-(--thread-content-max-width) flex-1 group\/turn-messages focus-visible:outline-hidden relative flex w-full min-w-0 flex-col agent-turn\" tabindex=\"-1\">\n<div class=\"flex max-w-full flex-col gap-4 grow\">\n<div class=\"min-h-8 text-message relative flex w-full flex-col items-end gap-2 text-start break-words whitespace-normal [.text-message+&amp;]:mt-1\" dir=\"auto\" data-message-author-role=\"assistant\" data-message-id=\"f137149e-1b0d-49fd-b1b7-bea51f20066f\" data-message-model-slug=\"gpt-5-3\">\n<div class=\"flex w-full flex-col gap-1 empty:hidden\">\n<div class=\"markdown prose dark:prose-invert w-full wrap-break-word light markdown-new-styling\">\n<p data-start=\"3788\" data-end=\"3813\">Akn\u0117s prie\u017ei\u016bros programa<\/p>\n<h2 data-start=\"3815\" data-end=\"3872\"><strong data-start=\"3815\" data-end=\"3872\">ZO\u00ae SKIN HEALTH &#8211; Complexion Clearing Program Savyb\u0117s<\/strong><\/h2>\n<p data-start=\"3874\" data-end=\"4089\" data-is-last-node=\"\" data-is-only-node=\"\">\u2714\ufe0f Specializuota prie\u017ei\u016bros sistema akn\u0117s pa\u017eeistai odai<br data-start=\"3930\" data-end=\"3933\" \/>\u2714\ufe0f Padeda ma\u017einti u\u017edegim\u0105 ir perteklin\u012f sebum\u0105<br data-start=\"3980\" data-end=\"3983\" \/>\u2714\ufe0f Skatina gil\u0173 por\u0173 valym\u0105<br data-start=\"4010\" data-end=\"4013\" \/>\u2714\ufe0f Gerina odos tekst\u016br\u0105 ir ton\u0105<br data-start=\"4044\" data-end=\"4047\" \/>\u2714\ufe0f Padeda palaikyti \u0161varesn\u0119 odos i\u0161vaizd\u0105<\/p>\n<\/div>\n<\/div>\n<\/div>\n<\/div>\n<\/div>\n<\/div>\n<\/article>\n<\/div>\n","protected":false},"featured_media":54331,"template":"","meta":[],"pwb-brand":[1187],"product_brand":[],"product_cat":[742,765,744,756,748,718],"product_tag":[],"giftcard-category":[],"class_list":{"0":"post-54330","1":"product","2":"type-product","3":"status-publish","4":"has-post-thumbnail","6":"pwb-brand-zo-skin-health","7":"product_cat-berimai","8":"product_cat-dovanu-ideja","9":"product_cat-issipletusios-poros","10":"product_cat-rinkinys","11":"product_cat-taukainai-adai-lt","12":"product_cat-valymas","14":"first","15":"instock","16":"sale","17":"taxable","18":"shipping-taxable","19":"purchasable","20":"product-type-simple"},"acf":[],"brands":[{"id":1187,"name":"ZO\u00ae SKIN HEALTH","slug":"zo-skin-health"}],"_links":{"self":[{"href":"https:\/\/skinstudio.ee\/lt\/wp-json\/wp\/v2\/product\/54330","targetHints":{"allow":["GET"]}}],"collection":[{"href":"https:\/\/skinstudio.ee\/lt\/wp-json\/wp\/v2\/product"}],"about":[{"href":"https:\/\/skinstudio.ee\/lt\/wp-json\/wp\/v2\/types\/product"}],"version-history":[{"count":2,"href":"https:\/\/skinstudio.ee\/lt\/wp-json\/wp\/v2\/product\/54330\/revisions"}],"predecessor-version":[{"id":89195,"href":"https:\/\/skinstudio.ee\/lt\/wp-json\/wp\/v2\/product\/54330\/revisions\/89195"}],"wp:featuredmedia":[{"embeddable":true,"href":"https:\/\/skinstudio.ee\/lt\/wp-json\/wp\/v2\/media\/54331"}],"wp:attachment":[{"href":"https:\/\/skinstudio.ee\/lt\/wp-json\/wp\/v2\/media?parent=54330"}],"wp:term":[{"taxonomy":"pwb-brand","embeddable":true,"href":"https:\/\/skinstudio.ee\/lt\/wp-json\/wp\/v2\/pwb-brand?post=54330"},{"taxonomy":"product_brand","embeddable":true,"href":"https:\/\/skinstudio.ee\/lt\/wp-json\/wp\/v2\/product_brand?post=54330"},{"taxonomy":"product_cat","embeddable":true,"href":"https:\/\/skinstudio.ee\/lt\/wp-json\/wp\/v2\/product_cat?post=54330"},{"taxonomy":"product_tag","embeddable":true,"href":"https:\/\/skinstudio.ee\/lt\/wp-json\/wp\/v2\/product_tag?post=54330"},{"taxonomy":"giftcard-category","embeddable":true,"href":"https:\/\/skinstudio.ee\/lt\/wp-json\/wp\/v2\/giftcard-category?post=54330"}],"curies":[{"name":"wp","href":"https:\/\/api.w.org\/{rel}","templated":true}]}}