{"id":54338,"date":"2023-05-24T17:55:54","date_gmt":"2023-05-24T17:55:54","guid":{"rendered":"https:\/\/skinstudio.ee\/?post_type=product&#038;p=54338"},"modified":"2026-05-01T13:00:01","modified_gmt":"2026-05-01T13:00:01","slug":"rozatrol","status":"publish","type":"product","link":"https:\/\/skinstudio.ee\/lt\/catalog\/zo-skin-health\/rozatrol\/","title":{"rendered":"Rozatrol\u00ae"},"content":{"rendered":"<p data-start=\"4500\" data-end=\"4775\"><strong data-start=\"4500\" data-end=\"4533\">Rozatrol\u00ae nuo ZO\u00ae SKIN HEALTH<\/strong> &#8211; serumas jautriai ir \u012f paraudimus linkusiai odai, skirtas ma\u017einti matomus rosacea simptomus ir palaikyti odos komfort\u0105. Formul\u0117 padeda ma\u017einti paraudim\u0105, deginimo poj\u016bt\u012f, jautrum\u0105 ir u\u017edegimines reakcijas, suteikdama ramesn\u0117s odos i\u0161vaizd\u0105.<\/p>\n<p data-start=\"4777\" data-end=\"4975\">Aktyvi\u0173j\u0173 komponent\u0173 kompleksas padeda subalansuoti od\u0105, ma\u017einti reaktyvum\u0105 ir gerinti bendr\u0105 odos b\u016bkl\u0119. Produktas padeda suvienodinti odos i\u0161vaizd\u0105, gerinti tekst\u016br\u0105 ir palaikyti sveik\u0105 \u0161vyt\u0117jim\u0105.<\/p>\n<p data-start=\"4977\" data-end=\"5080\">Reguliarus naudojimas padeda ma\u017einti matom\u0105 paraudim\u0105, palaiko komfort\u0105 ir skatina tolygesn\u012f odos ton\u0105.<\/p>\n<p data-start=\"5082\" data-end=\"5131\"><strong data-start=\"5082\" data-end=\"5131\">Kaip veikia pagrindiniai aktyv\u016bs komponentai?<\/strong><\/p>\n<ul data-start=\"5133\" data-end=\"5382\">\n<li data-start=\"5133\" data-end=\"5266\">\n<p data-start=\"5135\" data-end=\"5266\"><strong data-start=\"5135\" data-end=\"5224\">Anti-inflammatory Complex (Lactose, Milk Proteins, Brassica Oleracea Italica Extract)<\/strong> &#8211; padeda ma\u017einti paraudim\u0105 ir sudirgim\u0105<\/p>\n<\/li>\n<li data-start=\"5267\" data-end=\"5345\">\n<p data-start=\"5269\" data-end=\"5345\"><strong data-start=\"5269\" data-end=\"5291\">Amino Acid Complex<\/strong> &#8211; palaiko mikrocirkuliacij\u0105 ir kraujagysli\u0173 balans\u0105<\/p>\n<\/li>\n<li data-start=\"5346\" data-end=\"5382\">\n<p data-start=\"5348\" data-end=\"5382\"><strong data-start=\"5348\" data-end=\"5361\">Panthenol<\/strong> &#8211; padeda raminti od\u0105<\/p>\n<\/li>\n<\/ul>\n<p data-start=\"5384\" data-end=\"5459\"><strong data-start=\"5384\" data-end=\"5407\">Kam tinka Rozatrol\u00ae<\/strong> &#8211; jautriai, \u012f paraudimus ir rosacea linkusiai odai.<\/p>\n<p data-start=\"5461\" data-end=\"5485\"><strong data-start=\"5461\" data-end=\"5471\">T\u016bris:<\/strong> 20 ml \/ 50 ml<\/p>\n","protected":false},"excerpt":{"rendered":"<p data-start=\"5632\" data-end=\"5653\">Serumas jautriai odai<\/p>\n<h2 data-start=\"5655\" data-end=\"5694\"><strong data-start=\"5655\" data-end=\"5694\">ZO\u00ae SKIN HEALTH &#8211; Rozatrol\u00ae Savyb\u0117s<\/strong><\/h2>\n<p data-start=\"5696\" data-end=\"5889\">\u2714\ufe0f Padeda ma\u017einti odos jautrum\u0105<br data-start=\"5727\" data-end=\"5730\" \/>\u2714\ufe0f Palaiko sebumo balans\u0105<br data-start=\"5755\" data-end=\"5758\" \/>\u2714\ufe0f Padeda normalizuoti kraujagysli\u0173 reakcijas<br data-start=\"5803\" data-end=\"5806\" \/>\u2714\ufe0f Suvienodina odos ton\u0105 ir tekst\u016br\u0105<br data-start=\"5842\" data-end=\"5845\" \/>\u2714\ufe0f Padeda kontroliuoti u\u017edegimines reakcijas<\/p>\n","protected":false},"featured_media":81860,"template":"","meta":[],"pwb-brand":[1187],"product_brand":[],"product_cat":[738,746,724,754],"product_tag":[],"giftcard-category":[],"class_list":{"0":"post-54338","1":"product","2":"type-product","3":"status-publish","4":"has-post-thumbnail","6":"pwb-brand-zo-skin-health","7":"product_cat-drekinimas","8":"product_cat-jautri-oda","9":"product_cat-serumai","10":"product_cat-travel-size","11":"pa_suurus-20ml-lt","12":"pa_suurus-50ml-lt","14":"first","15":"instock","16":"taxable","17":"shipping-taxable","18":"purchasable","19":"product-type-variable"},"acf":[],"brands":[{"id":1187,"name":"ZO\u00ae SKIN HEALTH","slug":"zo-skin-health"}],"_links":{"self":[{"href":"https:\/\/skinstudio.ee\/lt\/wp-json\/wp\/v2\/product\/54338","targetHints":{"allow":["GET"]}}],"collection":[{"href":"https:\/\/skinstudio.ee\/lt\/wp-json\/wp\/v2\/product"}],"about":[{"href":"https:\/\/skinstudio.ee\/lt\/wp-json\/wp\/v2\/types\/product"}],"version-history":[{"count":2,"href":"https:\/\/skinstudio.ee\/lt\/wp-json\/wp\/v2\/product\/54338\/revisions"}],"predecessor-version":[{"id":89196,"href":"https:\/\/skinstudio.ee\/lt\/wp-json\/wp\/v2\/product\/54338\/revisions\/89196"}],"wp:featuredmedia":[{"embeddable":true,"href":"https:\/\/skinstudio.ee\/lt\/wp-json\/wp\/v2\/media\/81860"}],"wp:attachment":[{"href":"https:\/\/skinstudio.ee\/lt\/wp-json\/wp\/v2\/media?parent=54338"}],"wp:term":[{"taxonomy":"pwb-brand","embeddable":true,"href":"https:\/\/skinstudio.ee\/lt\/wp-json\/wp\/v2\/pwb-brand?post=54338"},{"taxonomy":"product_brand","embeddable":true,"href":"https:\/\/skinstudio.ee\/lt\/wp-json\/wp\/v2\/product_brand?post=54338"},{"taxonomy":"product_cat","embeddable":true,"href":"https:\/\/skinstudio.ee\/lt\/wp-json\/wp\/v2\/product_cat?post=54338"},{"taxonomy":"product_tag","embeddable":true,"href":"https:\/\/skinstudio.ee\/lt\/wp-json\/wp\/v2\/product_tag?post=54338"},{"taxonomy":"giftcard-category","embeddable":true,"href":"https:\/\/skinstudio.ee\/lt\/wp-json\/wp\/v2\/giftcard-category?post=54338"}],"curies":[{"name":"wp","href":"https:\/\/api.w.org\/{rel}","templated":true}]}}