{"id":54466,"date":"2023-05-24T17:55:54","date_gmt":"2023-05-24T17:55:54","guid":{"rendered":"https:\/\/skinstudio.ee\/?post_type=product&#038;p=54466"},"modified":"2026-04-01T12:18:39","modified_gmt":"2026-04-01T12:18:39","slug":"brightalive","status":"publish","type":"product","link":"https:\/\/skinstudio.ee\/lt\/catalog\/zo-skin-health\/brightalive\/","title":{"rendered":"Brightalive\u00ae"},"content":{"rendered":"<p data-start=\"4683\" data-end=\"4959\"><strong data-start=\"4683\" data-end=\"4719\">Brightalive\u00ae nuo ZO\u00ae SKIN HEALTH<\/strong> &#8211; inovatyvus odos ton\u0105 suvienodinantis kremas, skirtas hiperpigmentacijos korekcijai ir skaistesn\u0117s, tolygesn\u0117s odos i\u0161vaizdos palaikymui. Formul\u0117 padeda ma\u017einti pigmentacijos matomum\u0105 ir palaiko tolygesn\u012f odos ton\u0105 be agresyvaus poveikio.<\/p>\n<p data-start=\"4961\" data-end=\"5207\">I\u0161manus peptidas veikia su pigmento gamyba susijusius procesus, pad\u0117damas suma\u017einti pasikartojan\u010dios hiperpigmentacijos rizik\u0105. Aktyvi\u0173j\u0173 komponent\u0173 kompleksas gerina odos i\u0161vaizd\u0105, didina \u0161vyt\u0117jim\u0105 ir u\u017etikrina komfort\u0105 kasdienio naudojimo metu.<\/p>\n<p data-start=\"5209\" data-end=\"5320\">Reguliarus naudojimas padeda pasiekti tolygesn\u012f odos ton\u0105, suma\u017einti papilk\u0117jim\u0105 ir palaikyti sveik\u0105 \u0161vyt\u0117jim\u0105.<\/p>\n<p data-start=\"5322\" data-end=\"5371\"><strong data-start=\"5322\" data-end=\"5371\">Kaip veikia pagrindiniai aktyv\u016bs komponentai?<\/strong><\/p>\n<ul data-start=\"5373\" data-end=\"5567\">\n<li data-start=\"5373\" data-end=\"5443\">\n<p data-start=\"5375\" data-end=\"5443\"><strong data-start=\"5375\" data-end=\"5408\">Drone Peptide (Nonapeptide-1)<\/strong> &#8211; selektyviai veikia melanocitus<\/p>\n<\/li>\n<li data-start=\"5444\" data-end=\"5507\">\n<p data-start=\"5446\" data-end=\"5507\"><strong data-start=\"5446\" data-end=\"5465\">Tranexamic Acid<\/strong> &#8211; padeda ma\u017einti pigmentacijos matomum\u0105<\/p>\n<\/li>\n<li data-start=\"5508\" data-end=\"5567\">\n<p data-start=\"5510\" data-end=\"5567\"><strong data-start=\"5510\" data-end=\"5525\">Niacinamide<\/strong> &#8211; palaiko apsaugin\u0119 funkcij\u0105 ir \u0161vyt\u0117jim\u0105<\/p>\n<\/li>\n<\/ul>\n<p data-start=\"5569\" data-end=\"5648\"><strong data-start=\"5569\" data-end=\"5595\">Kam tinka Brightalive\u00ae<\/strong> &#8211; vis\u0173 tip\u0173 odai, \u012fskaitant jautri\u0105 ir po proced\u016br\u0173.<\/p>\n<p data-start=\"5650\" data-end=\"5674\"><strong data-start=\"5650\" data-end=\"5660\">T\u016bris:<\/strong> 30 ml \/ 50 ml<\/p>\n","protected":false},"excerpt":{"rendered":"<p data-start=\"5789\" data-end=\"5829\">Retinolio neturintis \u0161viesinantis kremas<\/p>\n<h2 data-start=\"5831\" data-end=\"5873\"><strong data-start=\"5831\" data-end=\"5873\">ZO\u00ae SKIN HEALTH &#8211; Brightalive\u00ae Savyb\u0117s<\/strong><\/h2>\n<p data-start=\"5875\" data-end=\"6071\">\u2714\ufe0f Padeda koreguoti pigmentacijos po\u017eymius<br data-start=\"5917\" data-end=\"5920\" \/>\u2714\ufe0f Palaiko tono patams\u0117jimo prevencij\u0105<br data-start=\"5958\" data-end=\"5961\" \/>\u2714\ufe0f Padeda ma\u017einti dirginimo poj\u016bt\u012f<br data-start=\"5995\" data-end=\"5998\" \/>\u2714\ufe0f Suvienodina odos ton\u0105 ir tekst\u016br\u0105<br data-start=\"6034\" data-end=\"6037\" \/>\u2714\ufe0f Suteikia odai daugiau \u0161vyt\u0117jimo<\/p>\n","protected":false},"featured_media":81855,"template":"","meta":[],"pwb-brand":[1187],"product_brand":[],"product_cat":[738,746,752,740,750,748,754,730],"product_tag":[],"giftcard-category":[],"class_list":{"0":"post-54466","1":"product","2":"type-product","3":"status-publish","4":"has-post-thumbnail","6":"pwb-brand-zo-skin-health","7":"product_cat-drekinimas","8":"product_cat-jautriai-odai","9":"product_cat-pigmentacija-lt","10":"product_cat-sausai-odai","11":"product_cat-senstanti-oda","12":"product_cat-taukainai-adai-lt","13":"product_cat-travel-size-lt","14":"product_cat-vitaminas-c","15":"pa_suurus-30ml-lt","16":"pa_suurus-50ml-lt","18":"first","19":"instock","20":"sale","21":"taxable","22":"shipping-taxable","23":"purchasable","24":"product-type-variable"},"acf":[],"brands":[{"id":1187,"name":"ZO\u00ae SKIN HEALTH","slug":"zo-skin-health"}],"_links":{"self":[{"href":"https:\/\/skinstudio.ee\/lt\/wp-json\/wp\/v2\/product\/54466","targetHints":{"allow":["GET"]}}],"collection":[{"href":"https:\/\/skinstudio.ee\/lt\/wp-json\/wp\/v2\/product"}],"about":[{"href":"https:\/\/skinstudio.ee\/lt\/wp-json\/wp\/v2\/types\/product"}],"version-history":[{"count":2,"href":"https:\/\/skinstudio.ee\/lt\/wp-json\/wp\/v2\/product\/54466\/revisions"}],"predecessor-version":[{"id":89193,"href":"https:\/\/skinstudio.ee\/lt\/wp-json\/wp\/v2\/product\/54466\/revisions\/89193"}],"wp:featuredmedia":[{"embeddable":true,"href":"https:\/\/skinstudio.ee\/lt\/wp-json\/wp\/v2\/media\/81855"}],"wp:attachment":[{"href":"https:\/\/skinstudio.ee\/lt\/wp-json\/wp\/v2\/media?parent=54466"}],"wp:term":[{"taxonomy":"pwb-brand","embeddable":true,"href":"https:\/\/skinstudio.ee\/lt\/wp-json\/wp\/v2\/pwb-brand?post=54466"},{"taxonomy":"product_brand","embeddable":true,"href":"https:\/\/skinstudio.ee\/lt\/wp-json\/wp\/v2\/product_brand?post=54466"},{"taxonomy":"product_cat","embeddable":true,"href":"https:\/\/skinstudio.ee\/lt\/wp-json\/wp\/v2\/product_cat?post=54466"},{"taxonomy":"product_tag","embeddable":true,"href":"https:\/\/skinstudio.ee\/lt\/wp-json\/wp\/v2\/product_tag?post=54466"},{"taxonomy":"giftcard-category","embeddable":true,"href":"https:\/\/skinstudio.ee\/lt\/wp-json\/wp\/v2\/giftcard-category?post=54466"}],"curies":[{"name":"wp","href":"https:\/\/api.w.org\/{rel}","templated":true}]}}